{"id":15117,"date":"2026-02-27T00:24:57","date_gmt":"2026-02-27T00:24:57","guid":{"rendered":"https:\/\/nordicmart.andreevmaster.com\/product\/songmics-stapelbar-skohylla-med-3-hyllplan\/"},"modified":"2026-02-27T08:16:36","modified_gmt":"2026-02-27T08:16:36","slug":"songmics-stapelbar-skohylla-med-3-hyllplan","status":"publish","type":"product","link":"https:\/\/nordicmart.andreevmaster.com\/sv\/produkt\/songmics-stapelbar-skohylla-med-3-hyllplan\/","title":{"rendered":"SONGMICS stapelbar skohylla med 3 hyllplan"},"content":{"rendered":"<p>Vad erbjuder detta DIY-justerbara skost\u00e4ll fr\u00e5n SONGMICS? Skost\u00e4ll med god belastningskapacitet Skost\u00e4llet best\u00e5r av integrerade metallramar och hyllor av syntetiska plastlister och \u00e4r stabilt och h\u00e5llbart. Lamellbotten ger n\u00f6dv\u00e4ndig ventilation. Justerbar, stapelbar och utbyggbar Denna 3-v\u00e5ningars skost\u00e4llning har justerbara hyllor f\u00f6r f\u00f6rvaring av platta skor, st\u00f6vlar, h\u00f6gklackade skor och barnskor. Tv\u00e5 set kan staplas eller placeras bredvid varandra f\u00f6r att skapa en skost\u00e4llning med stor kapacitet som passar ditt utrymme. M\u00e5ngsidigt f\u00f6rvaringsst\u00e4ll Du kan placera detta st\u00e4ll var som helst, t.ex. i hallen, i garderoben, i garaget, i vardagsrummet eller i sovrummet, men ocks\u00e5 som f\u00f6rvaring f\u00f6r torrfoder, b\u00f6cker, spel, leksaker, pysselmaterial etc. Kommer du att hitta fler anv\u00e4ndningsomr\u00e5den? \u00d6vertyga dig sj\u00e4lv med detta m\u00e5ngsidiga skost\u00e4ll fr\u00e5n SONGMICS. Produktdetaljer: &#8211; F\u00e4rg: svart, vintage &#8211; Material: pulverlackerade j\u00e4rnr\u00f6r, hyllor av syntetiska plastlister &#8211; Storlek: 68,5 x 31 x 56 cm (L x B x H) &#8211; Vikt: 4,3 kg &#8211; Max. statisk belastningskapacitet per niv\u00e5: 10 kg Leveransomf\u00e5ng: &#8211; 1 x skost\u00e4ll &#8211; 1 x bruksanvisning (DE, EN, FR, ES, IT) SONGMICS Anm\u00e4rkningar: &#8211; S\u00e4tt dig inte p\u00e5 produkten och l\u00e4gg inga tunga f\u00f6rem\u00e5l p\u00e5 den.<\/p>\n","protected":false},"excerpt":{"rendered":"<p>SONGMICS 3-v\u00e5ningars skohylla, stapelbar och utbyggbar med justerbara hyllplan, skohylla med metallram LMR13BX<\/p>\n","protected":false},"featured_media":43003,"comment_status":"open","ping_status":"closed","template":"","meta":[],"product_brand":[],"product_cat":[33],"product_tag":[],"class_list":{"0":"post-15117","1":"product","2":"type-product","3":"status-publish","4":"has-post-thumbnail","6":"product_cat-okategoriserad","8":"first","9":"instock","10":"shipping-taxable","11":"purchasable","12":"product-type-simple"},"_links":{"self":[{"href":"https:\/\/nordicmart.andreevmaster.com\/sv\/wp-json\/wp\/v2\/product\/15117","targetHints":{"allow":["GET"]}}],"collection":[{"href":"https:\/\/nordicmart.andreevmaster.com\/sv\/wp-json\/wp\/v2\/product"}],"about":[{"href":"https:\/\/nordicmart.andreevmaster.com\/sv\/wp-json\/wp\/v2\/types\/product"}],"replies":[{"embeddable":true,"href":"https:\/\/nordicmart.andreevmaster.com\/sv\/wp-json\/wp\/v2\/comments?post=15117"}],"wp:featuredmedia":[{"embeddable":true,"href":"https:\/\/nordicmart.andreevmaster.com\/sv\/wp-json\/wp\/v2\/media\/43003"}],"wp:attachment":[{"href":"https:\/\/nordicmart.andreevmaster.com\/sv\/wp-json\/wp\/v2\/media?parent=15117"}],"wp:term":[{"taxonomy":"product_brand","embeddable":true,"href":"https:\/\/nordicmart.andreevmaster.com\/sv\/wp-json\/wp\/v2\/product_brand?post=15117"},{"taxonomy":"product_cat","embeddable":true,"href":"https:\/\/nordicmart.andreevmaster.com\/sv\/wp-json\/wp\/v2\/product_cat?post=15117"},{"taxonomy":"product_tag","embeddable":true,"href":"https:\/\/nordicmart.andreevmaster.com\/sv\/wp-json\/wp\/v2\/product_tag?post=15117"}],"curies":[{"name":"wp","href":"https:\/\/api.w.org\/{rel}","templated":true}]}}