{"id":15113,"date":"2026-02-27T00:24:56","date_gmt":"2026-02-27T00:24:56","guid":{"rendered":"https:\/\/nordicmart.andreevmaster.com\/product\/songmics-skostall-med-12-hyllplan\/"},"modified":"2026-02-27T08:16:35","modified_gmt":"2026-02-27T08:16:35","slug":"songmics-skostall-med-12-hyllplan","status":"publish","type":"product","link":"https:\/\/nordicmart.andreevmaster.com\/sv\/produkt\/songmics-skostall-med-12-hyllplan\/","title":{"rendered":"SONGMICS skost\u00e4ll med 12 hyllplan"},"content":{"rendered":"<p>Din skohylla, ditt val: Vill du stapla dessa tv\u00e5 sm\u00e5 hyllor p\u00e5 varandra f\u00f6r att spara plats? Eller vill du anv\u00e4nda dem separat i olika rum? Valet \u00e4r ditt! Vill du placera dina skor plant eller vinklat p\u00e5 hyllan? Ocks\u00e5 ditt val! Alla har sin egen smak. Varf\u00f6r ska du v\u00e4lja detta rymliga skost\u00e4ll? Du kan f\u00f6rvara alla dina skor i detta 12-v\u00e5ningars skost\u00e4ll utan att ta upp mycket plats p\u00e5 golvet. Med ett avst\u00e5nd p\u00e5 18,5 cm mellan hyllorna erbjuder detta skost\u00e4ll tillr\u00e4ckligt med plats f\u00f6r dina sneakers, h\u00f6gklackade skor och till och med st\u00f6vlar.Varje hylla t\u00e5l vikter upp till 10 kg och rymmer 5 par damskor eller 4 par herrskor. De justerbara f\u00f6tterna ger hyllan mer stabilitet och skyddar samtidigt din golv fr\u00e5n repor. Produktdetaljer: F\u00e4rg: Svart Material: St\u00e5l Storlek: 92,5 x 30,7 x 223 cm (L x B x H) Vikt: 16 kg Max. statisk belastningskapacitet per hylla: 10 kg Leveransomfattning: 2 x 6-v\u00e5nings skohylla 4 x plastkoppling 1 x tillbeh\u00f6rsp\u00e5se 1 x bruksanvisning (DE, EN, FR, ES, IT) SONGMICS Anm\u00e4rkningar:F\u00e4st produkten p\u00e5 v\u00e4ggen med den medf\u00f6ljande tippskyddet om du staplar flera hyllor p\u00e5 varandra. Den max. belastningskapaciteten i texten avser den statiska maxvikten.<\/p>\n","protected":false},"excerpt":{"rendered":"<p>SONGMICS skost\u00e4ll med 12 hyllplan, set med 2 stapelbara 6-stegs skost\u00e4ll, f\u00f6r 48-60 par skor, metall, justerbara gallerhyllor, kan monteras plant eller vinklat, svart LMR12B<\/p>\n","protected":false},"featured_media":42999,"comment_status":"open","ping_status":"closed","template":"","meta":[],"product_brand":[],"product_cat":[33],"product_tag":[],"class_list":{"0":"post-15113","1":"product","2":"type-product","3":"status-publish","4":"has-post-thumbnail","6":"product_cat-okategoriserad","8":"first","9":"instock","10":"shipping-taxable","11":"purchasable","12":"product-type-simple"},"_links":{"self":[{"href":"https:\/\/nordicmart.andreevmaster.com\/sv\/wp-json\/wp\/v2\/product\/15113","targetHints":{"allow":["GET"]}}],"collection":[{"href":"https:\/\/nordicmart.andreevmaster.com\/sv\/wp-json\/wp\/v2\/product"}],"about":[{"href":"https:\/\/nordicmart.andreevmaster.com\/sv\/wp-json\/wp\/v2\/types\/product"}],"replies":[{"embeddable":true,"href":"https:\/\/nordicmart.andreevmaster.com\/sv\/wp-json\/wp\/v2\/comments?post=15113"}],"wp:featuredmedia":[{"embeddable":true,"href":"https:\/\/nordicmart.andreevmaster.com\/sv\/wp-json\/wp\/v2\/media\/42999"}],"wp:attachment":[{"href":"https:\/\/nordicmart.andreevmaster.com\/sv\/wp-json\/wp\/v2\/media?parent=15113"}],"wp:term":[{"taxonomy":"product_brand","embeddable":true,"href":"https:\/\/nordicmart.andreevmaster.com\/sv\/wp-json\/wp\/v2\/product_brand?post=15113"},{"taxonomy":"product_cat","embeddable":true,"href":"https:\/\/nordicmart.andreevmaster.com\/sv\/wp-json\/wp\/v2\/product_cat?post=15113"},{"taxonomy":"product_tag","embeddable":true,"href":"https:\/\/nordicmart.andreevmaster.com\/sv\/wp-json\/wp\/v2\/product_tag?post=15113"}],"curies":[{"name":"wp","href":"https:\/\/api.w.org\/{rel}","templated":true}]}}