{"id":15108,"date":"2026-02-27T00:24:55","date_gmt":"2026-02-27T00:24:55","guid":{"rendered":"https:\/\/nordicmart.andreevmaster.com\/product\/songmics-skostall-med-3-hyllplan-rokgra\/"},"modified":"2026-02-27T08:16:34","modified_gmt":"2026-02-27T08:16:34","slug":"songmics-skostall-med-3-hyllplan-rokgra","status":"publish","type":"product","link":"https:\/\/nordicmart.andreevmaster.com\/sv\/produkt\/songmics-skostall-med-3-hyllplan-rokgra\/","title":{"rendered":"SONGMICS skost\u00e4ll med 3 hyllplan, r\u00f6kgr\u00e5"},"content":{"rendered":"<p>\u00c4ven med ett skost\u00e4ll kan du visa stil Vill du inte f\u00f6rvara dina favoritskor p\u00e5 ett tr\u00e5kigt skost\u00e4ll? Ta en titt p\u00e5 v\u00e5rt skost\u00e4ll! Kombinationen av elegant polyrotting och stilfull metall g\u00f6r detta rack till ett blickf\u00e5ng i hallen, kl\u00e4dkammaren eller k\u00e4llaren. Visa upp dina skor och andra f\u00f6rem\u00e5l med stil! V\u00e4lkomna alla skor Oavsett om det \u00e4r ballerinaskor eller vinterst\u00f6vlar, alla typer av skor kan f\u00e5 sin egen plats i detta h\u00f6j- och s\u00e4nkbara rack. Varje hyllplan har en belastningskapacitet p\u00e5 upp till 5 kg. Dessutom ger de justerbara f\u00f6tterna hyllan mer stabilitet. Vad mer? Denna hylla \u00e4r stapelbar. Tack vare denna smarta design kan du utnyttja det vertikala utrymmet optimalt och f\u00f6rvara skor f\u00f6r alla fyra \u00e5rstider p\u00e5 ett st\u00e4lle. Produktdetaljer:- F\u00e4rg: R\u00f6kgr\u00e5 &#8211; Material: PP-polyrotting, metall &#8211; Storlek: 70,5 x 30 x 53,5 cm (L x B x H) &#8211; Vikt: 3,2 kg &#8211; Max. statisk belastningskapacitet per hyllplan: 5 kg Leveransomfattning:- 1 x skohylla &#8211; 1 x tillbeh\u00f6rspaket &#8211; 1 x bruksanvisning (DE, EN, FR, ES, IT) SONGMICS Anm\u00e4rkningar: &#8211; F\u00e4st produkten med ett tippskydd (ing\u00e5r ej i leveransen) p\u00e5 v\u00e4ggen om du staplar flera hyllor ovanp\u00e5 varandra.<\/p>\n","protected":false},"excerpt":{"rendered":"<p>SONGMICS Skost\u00e4ll med 3 niv\u00e5er, skof\u00f6rvaring, av polyrotting, stapelbar, justerbara hyllplan, f\u00f6r 9-12 par skor, metallstativ, hall, vardagsrum och kl\u00e4dkammare, r\u00f6kgr\u00e5 LMR073G01<\/p>\n","protected":false},"featured_media":42994,"comment_status":"open","ping_status":"closed","template":"","meta":[],"product_brand":[],"product_cat":[33],"product_tag":[],"class_list":{"0":"post-15108","1":"product","2":"type-product","3":"status-publish","4":"has-post-thumbnail","6":"product_cat-okategoriserad","8":"first","9":"instock","10":"shipping-taxable","11":"purchasable","12":"product-type-simple"},"_links":{"self":[{"href":"https:\/\/nordicmart.andreevmaster.com\/sv\/wp-json\/wp\/v2\/product\/15108","targetHints":{"allow":["GET"]}}],"collection":[{"href":"https:\/\/nordicmart.andreevmaster.com\/sv\/wp-json\/wp\/v2\/product"}],"about":[{"href":"https:\/\/nordicmart.andreevmaster.com\/sv\/wp-json\/wp\/v2\/types\/product"}],"replies":[{"embeddable":true,"href":"https:\/\/nordicmart.andreevmaster.com\/sv\/wp-json\/wp\/v2\/comments?post=15108"}],"wp:featuredmedia":[{"embeddable":true,"href":"https:\/\/nordicmart.andreevmaster.com\/sv\/wp-json\/wp\/v2\/media\/42994"}],"wp:attachment":[{"href":"https:\/\/nordicmart.andreevmaster.com\/sv\/wp-json\/wp\/v2\/media?parent=15108"}],"wp:term":[{"taxonomy":"product_brand","embeddable":true,"href":"https:\/\/nordicmart.andreevmaster.com\/sv\/wp-json\/wp\/v2\/product_brand?post=15108"},{"taxonomy":"product_cat","embeddable":true,"href":"https:\/\/nordicmart.andreevmaster.com\/sv\/wp-json\/wp\/v2\/product_cat?post=15108"},{"taxonomy":"product_tag","embeddable":true,"href":"https:\/\/nordicmart.andreevmaster.com\/sv\/wp-json\/wp\/v2\/product_tag?post=15108"}],"curies":[{"name":"wp","href":"https:\/\/api.w.org\/{rel}","templated":true}]}}