{"id":15107,"date":"2026-02-27T00:24:55","date_gmt":"2026-02-27T00:24:55","guid":{"rendered":"https:\/\/nordicmart.andreevmaster.com\/product\/songmics-skostall-med-4-gallerhyllor-for-16-par-skor\/"},"modified":"2026-02-27T08:16:34","modified_gmt":"2026-02-27T08:16:34","slug":"songmics-skostall-med-4-gallerhyllor-for-16-par-skor","status":"publish","type":"product","link":"https:\/\/nordicmart.andreevmaster.com\/sv\/produkt\/songmics-skostall-med-4-gallerhyllor-for-16-par-skor\/","title":{"rendered":"SONGMICS skost\u00e4ll med 4 gallerhyllor f\u00f6r 16 par skor"},"content":{"rendered":"<p>SONGMICS skost\u00e4ll, skost\u00e4ll med 3 niv\u00e5er, metallst\u00e4ll med 4 sidokrokar, f\u00f6r 12 par skor, h\u00f6j- och h\u00f6jdjusterbar hylla, f\u00f6r hallen, garderoben, enkel montering<br \/>\nF\u00e4rg: Bl\u00e4ck svart<br \/>\nMaterial: St\u00e5l<br \/>\nStorlek: 28 x 68 x 70 cm (D x B x H)<br \/>\nVikt: 3,5 kg<br \/>\nMax. statisk belastningskapacitet per niv\u00e5: 10 kg<br \/>\nMax. statisk belastningskapacitet per krok: 1 kg<br \/>\nMax. statisk belastningskapacitet totalt: 44 kg<\/p>\n","protected":false},"excerpt":{"rendered":"<p>SONGMICS skost\u00e4ll, skost\u00e4ll med 3 niv\u00e5er, metallst\u00e4ll med 4 sidokrokar, f\u00f6r 12 par skor, h\u00f6j- och h\u00f6jdjusterbar hylla, f\u00f6r hallen, garderoben, enkel montering<\/p>\n","protected":false},"featured_media":42993,"comment_status":"open","ping_status":"closed","template":"","meta":[],"product_brand":[],"product_cat":[33],"product_tag":[],"class_list":{"0":"post-15107","1":"product","2":"type-product","3":"status-publish","4":"has-post-thumbnail","6":"product_cat-okategoriserad","8":"first","9":"instock","10":"shipping-taxable","11":"purchasable","12":"product-type-simple"},"_links":{"self":[{"href":"https:\/\/nordicmart.andreevmaster.com\/sv\/wp-json\/wp\/v2\/product\/15107","targetHints":{"allow":["GET"]}}],"collection":[{"href":"https:\/\/nordicmart.andreevmaster.com\/sv\/wp-json\/wp\/v2\/product"}],"about":[{"href":"https:\/\/nordicmart.andreevmaster.com\/sv\/wp-json\/wp\/v2\/types\/product"}],"replies":[{"embeddable":true,"href":"https:\/\/nordicmart.andreevmaster.com\/sv\/wp-json\/wp\/v2\/comments?post=15107"}],"wp:featuredmedia":[{"embeddable":true,"href":"https:\/\/nordicmart.andreevmaster.com\/sv\/wp-json\/wp\/v2\/media\/42993"}],"wp:attachment":[{"href":"https:\/\/nordicmart.andreevmaster.com\/sv\/wp-json\/wp\/v2\/media?parent=15107"}],"wp:term":[{"taxonomy":"product_brand","embeddable":true,"href":"https:\/\/nordicmart.andreevmaster.com\/sv\/wp-json\/wp\/v2\/product_brand?post=15107"},{"taxonomy":"product_cat","embeddable":true,"href":"https:\/\/nordicmart.andreevmaster.com\/sv\/wp-json\/wp\/v2\/product_cat?post=15107"},{"taxonomy":"product_tag","embeddable":true,"href":"https:\/\/nordicmart.andreevmaster.com\/sv\/wp-json\/wp\/v2\/product_tag?post=15107"}],"curies":[{"name":"wp","href":"https:\/\/api.w.org\/{rel}","templated":true}]}}