{"id":15105,"date":"2026-02-27T00:24:55","date_gmt":"2026-02-27T00:24:55","guid":{"rendered":"https:\/\/nordicmart.andreevmaster.com\/product\/songmics-skostall-i-metall\/"},"modified":"2026-02-27T08:16:33","modified_gmt":"2026-02-27T08:16:33","slug":"songmics-skostall-i-metall","status":"publish","type":"product","link":"https:\/\/nordicmart.andreevmaster.com\/sv\/produkt\/songmics-skostall-i-metall\/","title":{"rendered":"SONGMICS skost\u00e4ll i metall"},"content":{"rendered":"<p>Hur f\u00f6rvarar du dina skor? L\u00e5ter du dem ligga utspridda i hallen eller g\u00f6mmer du dem under s\u00e4ngen? Om s\u00e5 \u00e4r fallet \u00e4r det dags att titta n\u00e4rmare p\u00e5 v\u00e5rt skost\u00e4ll. Se h\u00f6jdpunkterna i detta skost\u00e4ll: &#8211; 4 niv\u00e5er erbjuder tillr\u00e4ckligt med utrymme f\u00f6r upp till 16 par skor.- Skohyllan i st\u00e5l k\u00e4nnetecknas av h\u00f6g h\u00e5llfasthet (10 kg belastningskapacitet per niv\u00e5). &#8211; En extra st\u00e5ng p\u00e5 framsidan f\u00f6rhindrar att skor faller ner. &#8211; Sl\u00e4ta, rundade h\u00f6rn f\u00f6rhindrar eventuella st\u00f6tar. &#8211; Utrustad med justerbara f\u00f6tter f\u00f6r att f\u00f6rhindra att den vacklar p\u00e5 l\u00e4tt oj\u00e4mna golv.- Tack vare den stapelbara designen ger detta skost\u00e4ll mer f\u00f6rvaringsutrymme och tar liten plats. Produktdetaljer: &#8211; F\u00e4rg: Svart &#8211; Material: St\u00e5l &#8211; Storlek: 68,5 x 27,5 x 65 cm (L x B x H) &#8211; Vikt: 3,3 kg &#8211; Max. statisk belastningskapacitet per niv\u00e5: 10 kg Leveransomfattning:- 1 x skost\u00e4ll &#8211; 1 x tillbeh\u00f6rspaket &#8211; 1 x bruksanvisning SONGMICS Anm\u00e4rkningar: &#8211; F\u00e4st produkten p\u00e5 v\u00e4ggen med det medf\u00f6ljande tippskyddet om du staplar flera hyllor p\u00e5 varandra.<\/p>\n","protected":false},"excerpt":{"rendered":"<p>SONGMICS skohylla med 4 hyllplan, stapelbar skoorganiserare, f\u00f6r upp till 16 par skor, av st\u00e5l, 68,5 x 27,5 x 65 cm, f\u00f6r h\u00f6gklackade skor, sneakers, tofflor, svart LMR067B01<\/p>\n","protected":false},"featured_media":42991,"comment_status":"open","ping_status":"closed","template":"","meta":[],"product_brand":[],"product_cat":[33],"product_tag":[],"class_list":{"0":"post-15105","1":"product","2":"type-product","3":"status-publish","4":"has-post-thumbnail","6":"product_cat-okategoriserad","8":"first","9":"instock","10":"shipping-taxable","11":"purchasable","12":"product-type-simple"},"_links":{"self":[{"href":"https:\/\/nordicmart.andreevmaster.com\/sv\/wp-json\/wp\/v2\/product\/15105","targetHints":{"allow":["GET"]}}],"collection":[{"href":"https:\/\/nordicmart.andreevmaster.com\/sv\/wp-json\/wp\/v2\/product"}],"about":[{"href":"https:\/\/nordicmart.andreevmaster.com\/sv\/wp-json\/wp\/v2\/types\/product"}],"replies":[{"embeddable":true,"href":"https:\/\/nordicmart.andreevmaster.com\/sv\/wp-json\/wp\/v2\/comments?post=15105"}],"wp:featuredmedia":[{"embeddable":true,"href":"https:\/\/nordicmart.andreevmaster.com\/sv\/wp-json\/wp\/v2\/media\/42991"}],"wp:attachment":[{"href":"https:\/\/nordicmart.andreevmaster.com\/sv\/wp-json\/wp\/v2\/media?parent=15105"}],"wp:term":[{"taxonomy":"product_brand","embeddable":true,"href":"https:\/\/nordicmart.andreevmaster.com\/sv\/wp-json\/wp\/v2\/product_brand?post=15105"},{"taxonomy":"product_cat","embeddable":true,"href":"https:\/\/nordicmart.andreevmaster.com\/sv\/wp-json\/wp\/v2\/product_cat?post=15105"},{"taxonomy":"product_tag","embeddable":true,"href":"https:\/\/nordicmart.andreevmaster.com\/sv\/wp-json\/wp\/v2\/product_tag?post=15105"}],"curies":[{"name":"wp","href":"https:\/\/api.w.org\/{rel}","templated":true}]}}