{"id":15104,"date":"2026-02-27T00:24:54","date_gmt":"2026-02-27T00:24:54","guid":{"rendered":"https:\/\/nordicmart.andreevmaster.com\/product\/songmics-skohylla-med-3-hyllplan-svart\/"},"modified":"2026-02-27T08:16:33","modified_gmt":"2026-02-27T08:16:33","slug":"songmics-skohylla-med-3-hyllplan-svart","status":"publish","type":"product","link":"https:\/\/nordicmart.andreevmaster.com\/sv\/produkt\/songmics-skohylla-med-3-hyllplan-svart\/","title":{"rendered":"SONGMICS skohylla med 3 hyllplan, svart"},"content":{"rendered":"<p>Hur f\u00f6rvarar du dina skor? L\u00e5ter du dem ligga utspridda i hallen eller g\u00f6mmer du dem under s\u00e4ngen? Om s\u00e5 \u00e4r fallet \u00e4r det dags att titta n\u00e4rmare p\u00e5 v\u00e5rt skost\u00e4ll. Se h\u00f6jdpunkterna i detta skost\u00e4ll: 3 niv\u00e5er erbjuder tillr\u00e4ckligt med utrymme f\u00f6r upp till 12 par skor. Skost\u00e4llet i st\u00e5l k\u00e4nnetecknas av h\u00f6g h\u00e5llfasthet (5 kg belastningskapacitet per niv\u00e5).En extra st\u00e5ng p\u00e5 framsidan f\u00f6rhindrar att skor faller ner. Sl\u00e4ta, rundade handtagsh\u00f6rn f\u00f6rhindrar eventuella st\u00f6tar. Utrustad med justerbara f\u00f6tter f\u00f6r att f\u00f6rhindra att den vacklar p\u00e5 l\u00e4tt oj\u00e4mna golv. Tack vare den stapelbara designen ger detta skost\u00e4ll mer f\u00f6rvaringsutrymme och tar liten plats.Produktdetaljer: F\u00e4rg: Svart Material: St\u00e5l Storlek: 68,5 x 27,5 x 49,5 cm (L x B x H) Vikt: 2,8 kg Max. statisk belastningskapacitet per niv\u00e5: 5 kg Leveransomfattning: 1 x skost\u00e4ll 1 x tillbeh\u00f6rspaket 1 x instruktioner SONGMICS Anm\u00e4rkningar:F\u00e4st produkten p\u00e5 v\u00e4ggen med den medf\u00f6ljande tippskyddet om du staplar flera hyllor p\u00e5 varandra.<\/p>\n","protected":false},"excerpt":{"rendered":"<p>SONGMICS skohylla med 3 hyllor, stapelbar skoorganiserare, f\u00f6r upp till 12 par skor, av st\u00e5l, 68,5 x 27,5 x 49,5 cm, f\u00f6r h\u00f6gklackade skor, sneakers, tofflor, svart LMR066B01<\/p>\n","protected":false},"featured_media":42990,"comment_status":"open","ping_status":"closed","template":"","meta":[],"product_brand":[],"product_cat":[33],"product_tag":[],"class_list":{"0":"post-15104","1":"product","2":"type-product","3":"status-publish","4":"has-post-thumbnail","6":"product_cat-okategoriserad","8":"first","9":"instock","10":"shipping-taxable","11":"purchasable","12":"product-type-simple"},"_links":{"self":[{"href":"https:\/\/nordicmart.andreevmaster.com\/sv\/wp-json\/wp\/v2\/product\/15104","targetHints":{"allow":["GET"]}}],"collection":[{"href":"https:\/\/nordicmart.andreevmaster.com\/sv\/wp-json\/wp\/v2\/product"}],"about":[{"href":"https:\/\/nordicmart.andreevmaster.com\/sv\/wp-json\/wp\/v2\/types\/product"}],"replies":[{"embeddable":true,"href":"https:\/\/nordicmart.andreevmaster.com\/sv\/wp-json\/wp\/v2\/comments?post=15104"}],"wp:featuredmedia":[{"embeddable":true,"href":"https:\/\/nordicmart.andreevmaster.com\/sv\/wp-json\/wp\/v2\/media\/42990"}],"wp:attachment":[{"href":"https:\/\/nordicmart.andreevmaster.com\/sv\/wp-json\/wp\/v2\/media?parent=15104"}],"wp:term":[{"taxonomy":"product_brand","embeddable":true,"href":"https:\/\/nordicmart.andreevmaster.com\/sv\/wp-json\/wp\/v2\/product_brand?post=15104"},{"taxonomy":"product_cat","embeddable":true,"href":"https:\/\/nordicmart.andreevmaster.com\/sv\/wp-json\/wp\/v2\/product_cat?post=15104"},{"taxonomy":"product_tag","embeddable":true,"href":"https:\/\/nordicmart.andreevmaster.com\/sv\/wp-json\/wp\/v2\/product_tag?post=15104"}],"curies":[{"name":"wp","href":"https:\/\/api.w.org\/{rel}","templated":true}]}}