{"id":15103,"date":"2026-02-27T00:24:54","date_gmt":"2026-02-27T00:24:54","guid":{"rendered":"https:\/\/nordicmart.andreevmaster.com\/product\/songmics-skostall-i-metall-med-2-nivaer\/"},"modified":"2026-02-27T08:16:33","modified_gmt":"2026-02-27T08:16:33","slug":"songmics-skostall-i-metall-med-2-nivaer","status":"publish","type":"product","link":"https:\/\/nordicmart.andreevmaster.com\/sv\/produkt\/songmics-skostall-i-metall-med-2-nivaer\/","title":{"rendered":"SONGMICS Skost\u00e4ll i metall med 2 niv\u00e5er"},"content":{"rendered":"<p>Produktdetaljer: F\u00e4rg: Svart Material: St\u00e5l Storlek: 68,5 x 27,5 x 37 cm (L x B x H) Vikt: 1,8 kg Max. statisk belastningskapacitet per niv\u00e5: 10 kg Leveransomfattning: 1 x skost\u00e4ll 1 x tillbeh\u00f6rspaket 1 x instruktioner SONGMICS Anm\u00e4rkningar:F\u00e4st produkten p\u00e5 v\u00e4ggen med den medf\u00f6ljande tippskyddet om du staplar flera hyllor p\u00e5 varandra.<\/p>\n","protected":false},"excerpt":{"rendered":"<p>SONGMICS skost\u00e4ll med 2 hyllplan, stapelbar skoorganiserare, f\u00f6r upp till 8 par skor, av st\u00e5l, 68,5 x 27,5 x 37 cm, f\u00f6r h\u00f6gklackade skor, sneakers, tofflor, svart LMR065B01<\/p>\n","protected":false},"featured_media":42989,"comment_status":"open","ping_status":"closed","template":"","meta":[],"product_brand":[],"product_cat":[33],"product_tag":[],"class_list":{"0":"post-15103","1":"product","2":"type-product","3":"status-publish","4":"has-post-thumbnail","6":"product_cat-okategoriserad","8":"first","9":"instock","10":"shipping-taxable","11":"purchasable","12":"product-type-simple"},"_links":{"self":[{"href":"https:\/\/nordicmart.andreevmaster.com\/sv\/wp-json\/wp\/v2\/product\/15103","targetHints":{"allow":["GET"]}}],"collection":[{"href":"https:\/\/nordicmart.andreevmaster.com\/sv\/wp-json\/wp\/v2\/product"}],"about":[{"href":"https:\/\/nordicmart.andreevmaster.com\/sv\/wp-json\/wp\/v2\/types\/product"}],"replies":[{"embeddable":true,"href":"https:\/\/nordicmart.andreevmaster.com\/sv\/wp-json\/wp\/v2\/comments?post=15103"}],"wp:featuredmedia":[{"embeddable":true,"href":"https:\/\/nordicmart.andreevmaster.com\/sv\/wp-json\/wp\/v2\/media\/42989"}],"wp:attachment":[{"href":"https:\/\/nordicmart.andreevmaster.com\/sv\/wp-json\/wp\/v2\/media?parent=15103"}],"wp:term":[{"taxonomy":"product_brand","embeddable":true,"href":"https:\/\/nordicmart.andreevmaster.com\/sv\/wp-json\/wp\/v2\/product_brand?post=15103"},{"taxonomy":"product_cat","embeddable":true,"href":"https:\/\/nordicmart.andreevmaster.com\/sv\/wp-json\/wp\/v2\/product_cat?post=15103"},{"taxonomy":"product_tag","embeddable":true,"href":"https:\/\/nordicmart.andreevmaster.com\/sv\/wp-json\/wp\/v2\/product_tag?post=15103"}],"curies":[{"name":"wp","href":"https:\/\/api.w.org\/{rel}","templated":true}]}}