{"id":15102,"date":"2026-02-27T00:24:54","date_gmt":"2026-02-27T00:24:54","guid":{"rendered":"https:\/\/nordicmart.andreevmaster.com\/product\/songmics-skostall-med-4-hyllplan-for-16-par-skor-black-svart\/"},"modified":"2026-02-27T08:16:33","modified_gmt":"2026-02-27T08:16:33","slug":"songmics-skostall-med-4-hyllplan-for-16-par-skor-black-svart","status":"publish","type":"product","link":"https:\/\/nordicmart.andreevmaster.com\/sv\/produkt\/songmics-skostall-med-4-hyllplan-for-16-par-skor-black-svart\/","title":{"rendered":"SONGMICS skost\u00e4ll med 4 hyllplan f\u00f6r 16 par skor bl\u00e4ck svart"},"content":{"rendered":"<p>SONGMICS skohylla, skost\u00e4ll, hyllplan i tyg, sidokrokar, h\u00f6j- och justerbar hylla, hallgarderob, enkel montering<br \/>\nF\u00e4rg: Bl\u00e4ksvart<br \/>\nMaterial: Polyesterv\u00e4v, st\u00e5l<br \/>\nStorlek: 28 x 68 x 70 cm (D x B x H)<br \/>\nVikt: 1,8 kg<br \/>\nMax. statisk belastningskapacitet per niv\u00e5: 10 kg<br \/>\nMax. statisk belastningskapacitet per krok: 1,3 kg<br \/>\nMax. statisk belastningskapacitet totalt: 45 kg<\/p>\n","protected":false},"excerpt":{"rendered":"<p>SONGMICS skohylla, skost\u00e4ll, hyllplan i tyg, sidokrokar, h\u00f6j- och justerbar hylla, hallgarderob, enkel montering<\/p>\n","protected":false},"featured_media":42988,"comment_status":"open","ping_status":"closed","template":"","meta":[],"product_brand":[],"product_cat":[33],"product_tag":[],"class_list":{"0":"post-15102","1":"product","2":"type-product","3":"status-publish","4":"has-post-thumbnail","6":"product_cat-okategoriserad","8":"first","9":"instock","10":"shipping-taxable","11":"purchasable","12":"product-type-simple"},"_links":{"self":[{"href":"https:\/\/nordicmart.andreevmaster.com\/sv\/wp-json\/wp\/v2\/product\/15102","targetHints":{"allow":["GET"]}}],"collection":[{"href":"https:\/\/nordicmart.andreevmaster.com\/sv\/wp-json\/wp\/v2\/product"}],"about":[{"href":"https:\/\/nordicmart.andreevmaster.com\/sv\/wp-json\/wp\/v2\/types\/product"}],"replies":[{"embeddable":true,"href":"https:\/\/nordicmart.andreevmaster.com\/sv\/wp-json\/wp\/v2\/comments?post=15102"}],"wp:featuredmedia":[{"embeddable":true,"href":"https:\/\/nordicmart.andreevmaster.com\/sv\/wp-json\/wp\/v2\/media\/42988"}],"wp:attachment":[{"href":"https:\/\/nordicmart.andreevmaster.com\/sv\/wp-json\/wp\/v2\/media?parent=15102"}],"wp:term":[{"taxonomy":"product_brand","embeddable":true,"href":"https:\/\/nordicmart.andreevmaster.com\/sv\/wp-json\/wp\/v2\/product_brand?post=15102"},{"taxonomy":"product_cat","embeddable":true,"href":"https:\/\/nordicmart.andreevmaster.com\/sv\/wp-json\/wp\/v2\/product_cat?post=15102"},{"taxonomy":"product_tag","embeddable":true,"href":"https:\/\/nordicmart.andreevmaster.com\/sv\/wp-json\/wp\/v2\/product_tag?post=15102"}],"curies":[{"name":"wp","href":"https:\/\/api.w.org\/{rel}","templated":true}]}}