{"id":15100,"date":"2026-02-27T00:24:53","date_gmt":"2026-02-27T00:24:53","guid":{"rendered":"https:\/\/nordicmart.andreevmaster.com\/product\/songmics-skostall-3-gallerhyllplan-morkgra\/"},"modified":"2026-02-27T08:16:32","modified_gmt":"2026-02-27T08:16:32","slug":"songmics-skostall-3-gallerhyllplan-morkgra","status":"publish","type":"product","link":"https:\/\/nordicmart.andreevmaster.com\/sv\/produkt\/songmics-skostall-3-gallerhyllplan-morkgra\/","title":{"rendered":"SONGMICS skost\u00e4ll 3 gallerhyllplan m\u00f6rkgr\u00e5"},"content":{"rendered":"<p>2 monteringsalternativ, 2 alternativ Varje hyllplan \u00e4r justerbart. Du kan placera metallgallren horisontellt eller l\u00e4tt lutande efter behov. Kopplingsdelar ing\u00e5r De 3-planiga hyllorna kan staplas p\u00e5 varandra f\u00f6r att ge dig utrymmet av en 6-planig hylla. Varje hyllplan levereras med 2 kopplingar f\u00f6r stapling. Hyllplan av metalln\u00e4t Det breddade hyllplanet har en bredd p\u00e5 30,7 cm, hyllplan av finmaskigt och starkt metalln\u00e4t f\u00f6rhindrar att h\u00f6gklackade skor sjunker ner ov\u00e4ntat. Perfekt f\u00f6r stilettskor, barnskor eller st\u00f6rre herrskor. Produktdetaljer: F\u00e4rg: M\u00f6rkgr\u00e5 Material: Pulverlackerade j\u00e4rnr\u00f6r, hyllor av j\u00e4rngaller Storlek: 74 x 30,7 x 62,8 cm (L x B x H)Vikt: 3,7 kgMax. statisk belastningskapacitet per hylla: 5 kgLeveransomfattning:1 x skohylla2 x plastkoppling1 x instruktioner (DE, EN, FR, ES, IT)SONGMICS Anm\u00e4rkningar:Leveransen inneh\u00e5ller 2 plastkopplingar f\u00f6r att ut\u00f6ka hyllan. Om du k\u00f6per 2 hyllor kan du stapla dem p\u00e5 varandra enligt monteringsanvisningarna. Om du k\u00f6per en hylla, f\u00f6rvara de 2 plastkopplingarna s\u00e5 att du kan anv\u00e4nda dem f\u00f6r att ut\u00f6ka hyllan i framtiden om du senare vill k\u00f6pa en andra hylla.<\/p>\n","protected":false},"excerpt":{"rendered":"<p>SONGMICS 3-v\u00e5ningars metallskost\u00e4ll, n\u00e4tst\u00e4ll, justerbara hyllplan, plana eller vinklade hyllplan, stapelbart f\u00f6rvaringsst\u00e4ll f\u00f6r hallen, 74 x 62,8 x 30,7 cm (B x H x D) m\u00f6rkgr\u00e5 LMR03GB<\/p>\n","protected":false},"featured_media":42986,"comment_status":"open","ping_status":"closed","template":"","meta":[],"product_brand":[],"product_cat":[33],"product_tag":[],"class_list":{"0":"post-15100","1":"product","2":"type-product","3":"status-publish","4":"has-post-thumbnail","6":"product_cat-okategoriserad","8":"first","9":"instock","10":"shipping-taxable","11":"purchasable","12":"product-type-simple"},"_links":{"self":[{"href":"https:\/\/nordicmart.andreevmaster.com\/sv\/wp-json\/wp\/v2\/product\/15100","targetHints":{"allow":["GET"]}}],"collection":[{"href":"https:\/\/nordicmart.andreevmaster.com\/sv\/wp-json\/wp\/v2\/product"}],"about":[{"href":"https:\/\/nordicmart.andreevmaster.com\/sv\/wp-json\/wp\/v2\/types\/product"}],"replies":[{"embeddable":true,"href":"https:\/\/nordicmart.andreevmaster.com\/sv\/wp-json\/wp\/v2\/comments?post=15100"}],"wp:featuredmedia":[{"embeddable":true,"href":"https:\/\/nordicmart.andreevmaster.com\/sv\/wp-json\/wp\/v2\/media\/42986"}],"wp:attachment":[{"href":"https:\/\/nordicmart.andreevmaster.com\/sv\/wp-json\/wp\/v2\/media?parent=15100"}],"wp:term":[{"taxonomy":"product_brand","embeddable":true,"href":"https:\/\/nordicmart.andreevmaster.com\/sv\/wp-json\/wp\/v2\/product_brand?post=15100"},{"taxonomy":"product_cat","embeddable":true,"href":"https:\/\/nordicmart.andreevmaster.com\/sv\/wp-json\/wp\/v2\/product_cat?post=15100"},{"taxonomy":"product_tag","embeddable":true,"href":"https:\/\/nordicmart.andreevmaster.com\/sv\/wp-json\/wp\/v2\/product_tag?post=15100"}],"curies":[{"name":"wp","href":"https:\/\/api.w.org\/{rel}","templated":true}]}}