{"id":15099,"date":"2026-02-27T00:24:53","date_gmt":"2026-02-27T00:24:53","guid":{"rendered":"https:\/\/nordicmart.andreevmaster.com\/product\/songmics-skohylla-3-gallerhyllor-bla\/"},"modified":"2026-02-27T08:16:32","modified_gmt":"2026-02-27T08:16:32","slug":"songmics-skohylla-3-gallerhyllor-bla","status":"publish","type":"product","link":"https:\/\/nordicmart.andreevmaster.com\/sv\/produkt\/songmics-skohylla-3-gallerhyllor-bla\/","title":{"rendered":"SONGMICS skohylla 3 gallerhyllor bl\u00e5"},"content":{"rendered":"<p>Dina skor f\u00f6rtj\u00e4nar det b\u00e4sta: St\u00e4ll inte l\u00e4ngre dina skor p\u00e5 ostadiga plastskohyllor. Metallramen p\u00e5 denna skohylla \u00e4r konstruerad f\u00f6r l\u00e5ng livsl\u00e4ngd, s\u00e5 att du kan st\u00e4lla dina skor s\u00e4kert p\u00e5 den. De justerbara f\u00f6tterna ser dessutom till att oj\u00e4mnheter utj\u00e4mnas. Lutande eller plant: Tack vare de justerbara hyllorna kan du placera dina skor plant eller lutande p\u00e5 hyllan. Vi har alla v\u00e5ra preferenser \u2013 det \u00e4r upp till dig att best\u00e4mma. Produktdetaljer: F\u00e4rg: Bl\u00e5 Material: Pulverlackerade j\u00e4rnr\u00f6r, hyllor av j\u00e4rngaller Storlek: 74 x 30,7 x 62,8 cm (L x B x H) Vikt: 3,7 kg Max. statisk belastningskapacitet per hylla: 5 kg Leveransomfattning: 1 x skohylla 2 x plastkoppling 1 x instruktioner (DE, EN, FR, ES, IT) SONGMICS Anm\u00e4rkningar:Leveransen inneh\u00e5ller 2 plastkopplingar f\u00f6r att ut\u00f6ka hyllan. Om du k\u00f6per 2 hyllor kan du stapla dem p\u00e5 varandra enligt monteringsanvisningarna. Om du k\u00f6per en hylla, f\u00f6rvara de 2 plastkopplingarna s\u00e5 att du kan anv\u00e4nda dem f\u00f6r att ut\u00f6ka hyllan i framtiden om du senare vill k\u00f6pa en andra hylla.<\/p>\n","protected":false},"excerpt":{"rendered":"<p>SONGMICS 3-v\u00e5ningars metallskost\u00e4ll, n\u00e4tst\u00e4ll, justerbara hyllplan, plana eller vinklade hyllplan, stapelbart f\u00f6rvaringsst\u00e4ll f\u00f6r hallen, 74 x 62,8 x 30,7 cm (B x H x D) m\u00f6rkgr\u00e5 LMR03GB<\/p>\n","protected":false},"featured_media":42985,"comment_status":"open","ping_status":"closed","template":"","meta":[],"product_brand":[],"product_cat":[33],"product_tag":[],"class_list":{"0":"post-15099","1":"product","2":"type-product","3":"status-publish","4":"has-post-thumbnail","6":"product_cat-okategoriserad","8":"first","9":"instock","10":"shipping-taxable","11":"purchasable","12":"product-type-simple"},"_links":{"self":[{"href":"https:\/\/nordicmart.andreevmaster.com\/sv\/wp-json\/wp\/v2\/product\/15099","targetHints":{"allow":["GET"]}}],"collection":[{"href":"https:\/\/nordicmart.andreevmaster.com\/sv\/wp-json\/wp\/v2\/product"}],"about":[{"href":"https:\/\/nordicmart.andreevmaster.com\/sv\/wp-json\/wp\/v2\/types\/product"}],"replies":[{"embeddable":true,"href":"https:\/\/nordicmart.andreevmaster.com\/sv\/wp-json\/wp\/v2\/comments?post=15099"}],"wp:featuredmedia":[{"embeddable":true,"href":"https:\/\/nordicmart.andreevmaster.com\/sv\/wp-json\/wp\/v2\/media\/42985"}],"wp:attachment":[{"href":"https:\/\/nordicmart.andreevmaster.com\/sv\/wp-json\/wp\/v2\/media?parent=15099"}],"wp:term":[{"taxonomy":"product_brand","embeddable":true,"href":"https:\/\/nordicmart.andreevmaster.com\/sv\/wp-json\/wp\/v2\/product_brand?post=15099"},{"taxonomy":"product_cat","embeddable":true,"href":"https:\/\/nordicmart.andreevmaster.com\/sv\/wp-json\/wp\/v2\/product_cat?post=15099"},{"taxonomy":"product_tag","embeddable":true,"href":"https:\/\/nordicmart.andreevmaster.com\/sv\/wp-json\/wp\/v2\/product_tag?post=15099"}],"curies":[{"name":"wp","href":"https:\/\/api.w.org\/{rel}","templated":true}]}}