{"id":15094,"date":"2026-02-27T00:24:52","date_gmt":"2026-02-27T00:24:52","guid":{"rendered":"https:\/\/nordicmart.andreevmaster.com\/product\/songmics-skohylla-med-5-hyllplan\/"},"modified":"2026-02-27T08:16:31","modified_gmt":"2026-02-27T08:16:31","slug":"songmics-skohylla-med-5-hyllplan","status":"publish","type":"product","link":"https:\/\/nordicmart.andreevmaster.com\/sv\/produkt\/songmics-skohylla-med-5-hyllplan\/","title":{"rendered":"SONGMICS skohylla med 5 hyllplan"},"content":{"rendered":"<p>\u00d6versikt \u00f6ver h\u00f6jdpunkterna i denna skohylla: Rymlig: Skohyllan rymmer 20\u201325 par skor tack vare de 5 breda hyllplan. Platssparande: Tack vare den smala formen tar hyllan liten golvyta i anspr\u00e5k. H\u00e5llbar: Det robusta metallstativet och det slitstarka Oxford-tyget garanterar l\u00e5ng livsl\u00e4ngd. L\u00e4ttsk\u00f6tt: Hyllorna av vattenavvisande Oxford-tyg \u00e4r l\u00e4tta att reng\u00f6ra. Enkel att montera: Skost\u00e4llet \u00e4r enkelt att montera tack vare tyghyllornas pluggdesign, en detaljerad bruksanvisning och tydligt m\u00e4rkta delar. Stabil: De justerbara f\u00f6tterna och tippskyddsdelarna ger hyllan god stabilitet.Dekorativ: Den vintagebruna tyghyllan ger ditt hem en touch av elegans. Utrustad med 4 krokar: S\u00e5 att du kan h\u00e4nga upp nycklar eller paraplyer s\u00e5 att de \u00e4r l\u00e4ttillg\u00e4ngliga. Flexibel: Du kan ta bort en skohylla f\u00f6r att skapa tillr\u00e4ckligt med utrymme f\u00f6r st\u00f6vlar. M\u00e5ngsidig: St\u00e4llningen passar i hallen, sovrummet eller kl\u00e4dkammaren. Produktdetaljer: F\u00e4rg: Vintagebrun-svart Material: St\u00e5l, Oxford-tyg Storlek: 29 x 89 x 92,5 cm (D x B x H) Vikt: 3,3 kg Max. statisk belastningskapacitet per niv\u00e5: 10 kg Max. statisk belastningskapacitet per krok: 3 kg Leveransomfattning: 1 x skohylla 4 x krokar 2 x tippskydd 1 x instruktioner SONGMICS Anm\u00e4rkningar:Av s\u00e4kerhetssk\u00e4l \u00e4r det f\u00f6rbjudet f\u00f6r barn att kl\u00e4ttra p\u00e5 eller leka med produkten. F\u00e4st denna produkt p\u00e5 v\u00e4ggen med det medf\u00f6ljande tippskyddet f\u00f6r att garantera s\u00e4ker anv\u00e4ndning.<\/p>\n","protected":false},"excerpt":{"rendered":"<p>SONGMICS skohylla med 5 niv\u00e5er, skohyllor i metall, hyllor i Oxford, f\u00f6r 20\u201325 par skor, 29 x 89 x 92,5 cm, 4 krokar, \u00f6ppen skosk\u00e5p f\u00f6r hallen, sovrummet, vintagebrun-svart LMR035B01<\/p>\n","protected":false},"featured_media":42980,"comment_status":"open","ping_status":"closed","template":"","meta":[],"product_brand":[],"product_cat":[33],"product_tag":[],"class_list":{"0":"post-15094","1":"product","2":"type-product","3":"status-publish","4":"has-post-thumbnail","6":"product_cat-okategoriserad","8":"first","9":"instock","10":"shipping-taxable","11":"purchasable","12":"product-type-simple"},"_links":{"self":[{"href":"https:\/\/nordicmart.andreevmaster.com\/sv\/wp-json\/wp\/v2\/product\/15094","targetHints":{"allow":["GET"]}}],"collection":[{"href":"https:\/\/nordicmart.andreevmaster.com\/sv\/wp-json\/wp\/v2\/product"}],"about":[{"href":"https:\/\/nordicmart.andreevmaster.com\/sv\/wp-json\/wp\/v2\/types\/product"}],"replies":[{"embeddable":true,"href":"https:\/\/nordicmart.andreevmaster.com\/sv\/wp-json\/wp\/v2\/comments?post=15094"}],"wp:featuredmedia":[{"embeddable":true,"href":"https:\/\/nordicmart.andreevmaster.com\/sv\/wp-json\/wp\/v2\/media\/42980"}],"wp:attachment":[{"href":"https:\/\/nordicmart.andreevmaster.com\/sv\/wp-json\/wp\/v2\/media?parent=15094"}],"wp:term":[{"taxonomy":"product_brand","embeddable":true,"href":"https:\/\/nordicmart.andreevmaster.com\/sv\/wp-json\/wp\/v2\/product_brand?post=15094"},{"taxonomy":"product_cat","embeddable":true,"href":"https:\/\/nordicmart.andreevmaster.com\/sv\/wp-json\/wp\/v2\/product_cat?post=15094"},{"taxonomy":"product_tag","embeddable":true,"href":"https:\/\/nordicmart.andreevmaster.com\/sv\/wp-json\/wp\/v2\/product_tag?post=15094"}],"curies":[{"name":"wp","href":"https:\/\/api.w.org\/{rel}","templated":true}]}}