{"id":15092,"date":"2026-02-27T00:24:51","date_gmt":"2026-02-27T00:24:51","guid":{"rendered":"https:\/\/nordicmart.andreevmaster.com\/product\/songmics-skostall-med-2-hyllplan-black-svart\/"},"modified":"2026-02-27T08:16:31","modified_gmt":"2026-02-27T08:16:31","slug":"songmics-skostall-med-2-hyllplan-black-svart","status":"publish","type":"product","link":"https:\/\/nordicmart.andreevmaster.com\/sv\/produkt\/songmics-skostall-med-2-hyllplan-black-svart\/","title":{"rendered":"SONGMICS skost\u00e4ll med 2 hyllplan, bl\u00e4ck svart"},"content":{"rendered":"<p>SONGMICS skost\u00e4ll, skost\u00e4ll, 2 niv\u00e5er, metallst\u00e4ll, justerbart, skor, stativ, f\u00f6r hall, garderob, entr\u00e9<br \/>\n&#8211; F\u00e4rg: bl\u00e4ck svart<br \/>\n&#8211; Material: st\u00e5l<br \/>\n&#8211; Storlek: 23 x 58 x 42 cm (D x B x H)<br \/>\n&#8211; Max. utdragbar storlek: 23 x 83 x 42 cm (D x B x H)<br \/>\n&#8211; Vikt: 1,3 kg<br \/>\n&#8211; Max. total statisk belastningskapacitet: 15 kg<\/p>\n","protected":false},"excerpt":{"rendered":"<p>SONGMICS skost\u00e4ll, skost\u00e4ll, 2 niv\u00e5er, metallst\u00e4ll, justerbart, skor, stativ, f\u00f6r hall, garderob, entr\u00e9<\/p>\n","protected":false},"featured_media":42978,"comment_status":"open","ping_status":"closed","template":"","meta":[],"product_brand":[],"product_cat":[33],"product_tag":[],"class_list":{"0":"post-15092","1":"product","2":"type-product","3":"status-publish","4":"has-post-thumbnail","6":"product_cat-okategoriserad","8":"first","9":"instock","10":"shipping-taxable","11":"purchasable","12":"product-type-simple"},"_links":{"self":[{"href":"https:\/\/nordicmart.andreevmaster.com\/sv\/wp-json\/wp\/v2\/product\/15092","targetHints":{"allow":["GET"]}}],"collection":[{"href":"https:\/\/nordicmart.andreevmaster.com\/sv\/wp-json\/wp\/v2\/product"}],"about":[{"href":"https:\/\/nordicmart.andreevmaster.com\/sv\/wp-json\/wp\/v2\/types\/product"}],"replies":[{"embeddable":true,"href":"https:\/\/nordicmart.andreevmaster.com\/sv\/wp-json\/wp\/v2\/comments?post=15092"}],"wp:featuredmedia":[{"embeddable":true,"href":"https:\/\/nordicmart.andreevmaster.com\/sv\/wp-json\/wp\/v2\/media\/42978"}],"wp:attachment":[{"href":"https:\/\/nordicmart.andreevmaster.com\/sv\/wp-json\/wp\/v2\/media?parent=15092"}],"wp:term":[{"taxonomy":"product_brand","embeddable":true,"href":"https:\/\/nordicmart.andreevmaster.com\/sv\/wp-json\/wp\/v2\/product_brand?post=15092"},{"taxonomy":"product_cat","embeddable":true,"href":"https:\/\/nordicmart.andreevmaster.com\/sv\/wp-json\/wp\/v2\/product_cat?post=15092"},{"taxonomy":"product_tag","embeddable":true,"href":"https:\/\/nordicmart.andreevmaster.com\/sv\/wp-json\/wp\/v2\/product_tag?post=15092"}],"curies":[{"name":"wp","href":"https:\/\/api.w.org\/{rel}","templated":true}]}}