{"id":15090,"date":"2026-02-27T00:24:51","date_gmt":"2026-02-27T00:24:51","guid":{"rendered":"https:\/\/nordicmart.andreevmaster.com\/product\/songmics-skostall-med-8-hyllplan-svart\/"},"modified":"2026-02-27T08:16:30","modified_gmt":"2026-02-27T08:16:30","slug":"songmics-skostall-med-8-hyllplan-svart","status":"publish","type":"product","link":"https:\/\/nordicmart.andreevmaster.com\/sv\/produkt\/songmics-skostall-med-8-hyllplan-svart\/","title":{"rendered":"SONGMICS Skost\u00e4ll med 8 hyllplan Svart"},"content":{"rendered":"<p>B\u00e5de stilfullt och praktiskt: N\u00e4r du kommer hem, \u00e4r det f\u00f6rsta du ser skor som ligger utspridda \u00f6verallt? Eller f\u00f6rvarar du alla dina skor i ett alldeles f\u00f6r litet sk\u00e5p? Denna hylla skapar ordning bland dina skor och \u00e4r samtidigt mycket stabil. Varf\u00f6r ska du v\u00e4lja denna smala skohylla? Med sin kompakta storlek (44,6 x 30,5 x 128,5 cm) erbjuder denna 8skohyllan mycket f\u00f6rvaringsutrymme, men tar bara liten plats. Metallramen ger denna hylla extra stabilitet. St\u00e4ll den i skafferiet som f\u00f6rvaringshylla, i hallen f\u00f6r att ordna skor eller helt enkelt i ett tomt h\u00f6rn. Justerbara f\u00f6tter ger h\u00f6g stabilitet och skyddar ditt golv fr\u00e5n repor. Den medf\u00f6ljande tippskyddet ger extra s\u00e4kerhet f\u00f6r din familj. Produktdetaljer:F\u00e4rg: SvartMaterial: St\u00e5lStorlek: 44,6 x 30,5 x 128,5 cm (L x B x H)Vikt: 3,6 kgMax. statisk belastningskapacitet per niv\u00e5: 10 kgLeveransomfattning:1 x skost\u00e4ll1 x tillbeh\u00f6rspaket1 x instruktioner (DE, EN, FR, ES, IT)SONGMICS Anm\u00e4rkningar:F\u00e4st denna produkt p\u00e5 v\u00e4ggen med den medf\u00f6ljande tippskyddet f\u00f6r att garantera s\u00e4ker anv\u00e4ndning. Den max. belastningskapaciteten i texten avser den statiska maxvikten. \u00d6verskrid inte denna maxvikt p\u00e5 10 kg per niv\u00e5.<\/p>\n","protected":false},"excerpt":{"rendered":"<p>SONGMICS skost\u00e4ll, skost\u00e4ll med 8 hyllplan, smalt, f\u00f6r 16\u201324 par skor, platsbesparande, mycket f\u00f6rvaringsutrymme, metallst\u00e4ll, 44,6 x 30,5 x 128,5 cm, svart LMR028B01<\/p>\n","protected":false},"featured_media":42976,"comment_status":"open","ping_status":"closed","template":"","meta":[],"product_brand":[],"product_cat":[33],"product_tag":[],"class_list":{"0":"post-15090","1":"product","2":"type-product","3":"status-publish","4":"has-post-thumbnail","6":"product_cat-okategoriserad","8":"first","9":"instock","10":"shipping-taxable","11":"purchasable","12":"product-type-simple"},"_links":{"self":[{"href":"https:\/\/nordicmart.andreevmaster.com\/sv\/wp-json\/wp\/v2\/product\/15090","targetHints":{"allow":["GET"]}}],"collection":[{"href":"https:\/\/nordicmart.andreevmaster.com\/sv\/wp-json\/wp\/v2\/product"}],"about":[{"href":"https:\/\/nordicmart.andreevmaster.com\/sv\/wp-json\/wp\/v2\/types\/product"}],"replies":[{"embeddable":true,"href":"https:\/\/nordicmart.andreevmaster.com\/sv\/wp-json\/wp\/v2\/comments?post=15090"}],"wp:featuredmedia":[{"embeddable":true,"href":"https:\/\/nordicmart.andreevmaster.com\/sv\/wp-json\/wp\/v2\/media\/42976"}],"wp:attachment":[{"href":"https:\/\/nordicmart.andreevmaster.com\/sv\/wp-json\/wp\/v2\/media?parent=15090"}],"wp:term":[{"taxonomy":"product_brand","embeddable":true,"href":"https:\/\/nordicmart.andreevmaster.com\/sv\/wp-json\/wp\/v2\/product_brand?post=15090"},{"taxonomy":"product_cat","embeddable":true,"href":"https:\/\/nordicmart.andreevmaster.com\/sv\/wp-json\/wp\/v2\/product_cat?post=15090"},{"taxonomy":"product_tag","embeddable":true,"href":"https:\/\/nordicmart.andreevmaster.com\/sv\/wp-json\/wp\/v2\/product_tag?post=15090"}],"curies":[{"name":"wp","href":"https:\/\/api.w.org\/{rel}","templated":true}]}}