{"id":15088,"date":"2026-02-27T00:24:50","date_gmt":"2026-02-27T00:24:50","guid":{"rendered":"https:\/\/nordicmart.andreevmaster.com\/product\/songmics-skohylla-i-metall-rokgra\/"},"modified":"2026-02-27T08:16:30","modified_gmt":"2026-02-27T08:16:30","slug":"songmics-skohylla-i-metall-rokgra","status":"publish","type":"product","link":"https:\/\/nordicmart.andreevmaster.com\/sv\/produkt\/songmics-skohylla-i-metall-rokgra\/","title":{"rendered":"SONGMICS skohylla i metall, r\u00f6kgr\u00e5"},"content":{"rendered":"<p>Hyllor av j\u00e4rntr\u00e5dHyllorna \u00e4r tillverkade av stabilt j\u00e4rngaller med ett avst\u00e5nd p\u00e5 16 cm och \u00e4r utformade s\u00e5 att alla typer av skor st\u00e5r s\u00e4kert och inte faller ner.Kopplingsdelar ing\u00e5rDe 3-niv\u00e5ers hyllorna kan staplas p\u00e5 varandra f\u00f6r att ge dig utrymmet av en 6-niv\u00e5ers hylla. Varje set levereras med 2 kopplingar f\u00f6r stapling. Justerbara f\u00f6tter Skruva fast f\u00f6tterna i botten f\u00f6r att h\u00e5lla stativet stabilt p\u00e5 l\u00e4tt oj\u00e4mna golv. Produktdetaljer: &#8211; F\u00e4rg: r\u00f6kgr\u00e5 &#8211; Material: Pulverlackerade j\u00e4rnr\u00f6r, metallgallerhyllor &#8211; Produktstorlek: 71 x 52,5 x 30 cm (B x H x D) &#8211; Staplad storlek (2 set): 71 x 105 x 30 cm (B x H x D) &#8211; Vikt: 3,2 kg &#8211; B\u00e4rf\u00f6rm\u00e5ga per hyllplan: 5 kg Leveransomfattning: &#8211; 1 x skost\u00e4ll &#8211; 2 x plastkopplingar &#8211; 1 x monteringsanvisning (DE, EN, FR, ES, IT) SONGMICS Anm\u00e4rkningar: &#8211; 2 plastkopplingar ing\u00e5r i leveransen f\u00f6r montering av ett andra skost\u00e4ll. Om du k\u00f6per 2 set, koppla ihop dem enligt instruktionerna med 4 kopplingar. Om du har k\u00f6pt ett rack, f\u00f6rvara kopplingarna s\u00e5 att du kan anv\u00e4nda dem senare om det beh\u00f6vs. &#8211; Vi rekommenderar att du inte staplar mer \u00e4n 2 rack p\u00e5 varandra f\u00f6r att f\u00e5 b\u00e4ttre stabilitet. Ta bort de justerbara f\u00f6tterna p\u00e5 det \u00f6vre racket innan du staplar.<\/p>\n","protected":false},"excerpt":{"rendered":"<p>SONGMICS 3-niv\u00e5ers skost\u00e4ll i metall, stapelbart f\u00f6rvaringsst\u00e4ll med tr\u00e5dhyllor f\u00f6r hallen, entr\u00e9n, hyllor f\u00f6r h\u00f6gklackade skor och st\u00f6vlar, 71 x 30 x 52,5 cm (B x D x H) r\u00f6kgr\u00e5 LMR01GS<\/p>\n","protected":false},"featured_media":42974,"comment_status":"open","ping_status":"closed","template":"","meta":[],"product_brand":[],"product_cat":[33],"product_tag":[],"class_list":{"0":"post-15088","1":"product","2":"type-product","3":"status-publish","4":"has-post-thumbnail","6":"product_cat-okategoriserad","8":"first","9":"instock","10":"shipping-taxable","11":"purchasable","12":"product-type-simple"},"_links":{"self":[{"href":"https:\/\/nordicmart.andreevmaster.com\/sv\/wp-json\/wp\/v2\/product\/15088","targetHints":{"allow":["GET"]}}],"collection":[{"href":"https:\/\/nordicmart.andreevmaster.com\/sv\/wp-json\/wp\/v2\/product"}],"about":[{"href":"https:\/\/nordicmart.andreevmaster.com\/sv\/wp-json\/wp\/v2\/types\/product"}],"replies":[{"embeddable":true,"href":"https:\/\/nordicmart.andreevmaster.com\/sv\/wp-json\/wp\/v2\/comments?post=15088"}],"wp:featuredmedia":[{"embeddable":true,"href":"https:\/\/nordicmart.andreevmaster.com\/sv\/wp-json\/wp\/v2\/media\/42974"}],"wp:attachment":[{"href":"https:\/\/nordicmart.andreevmaster.com\/sv\/wp-json\/wp\/v2\/media?parent=15088"}],"wp:term":[{"taxonomy":"product_brand","embeddable":true,"href":"https:\/\/nordicmart.andreevmaster.com\/sv\/wp-json\/wp\/v2\/product_brand?post=15088"},{"taxonomy":"product_cat","embeddable":true,"href":"https:\/\/nordicmart.andreevmaster.com\/sv\/wp-json\/wp\/v2\/product_cat?post=15088"},{"taxonomy":"product_tag","embeddable":true,"href":"https:\/\/nordicmart.andreevmaster.com\/sv\/wp-json\/wp\/v2\/product_tag?post=15088"}],"curies":[{"name":"wp","href":"https:\/\/api.w.org\/{rel}","templated":true}]}}