{"id":15086,"date":"2026-02-27T00:24:50","date_gmt":"2026-02-27T00:24:50","guid":{"rendered":"https:\/\/nordicmart.andreevmaster.com\/product\/songmics-skostall-5-gallerhyllor-svart\/"},"modified":"2026-02-27T08:16:30","modified_gmt":"2026-02-27T08:16:30","slug":"songmics-skostall-5-gallerhyllor-svart","status":"publish","type":"product","link":"https:\/\/nordicmart.andreevmaster.com\/sv\/produkt\/songmics-skostall-5-gallerhyllor-svart\/","title":{"rendered":"SONGMICS skost\u00e4ll 5 gallerhyllor svart"},"content":{"rendered":"<p>Kopplingsdelar Ett skost\u00e4ll med fem niv\u00e5er och ett skost\u00e4ll med tre niv\u00e5er kan kopplas ihop till ett skost\u00e4ll med \u00e5tta niv\u00e5er med hj\u00e4lp av kopplingsdelarna. Metallgaller Skost\u00e4llet \u00e4r tillr\u00e4ckligt brett (30,7 cm). De fina maskorna \u00e4r perfekta f\u00f6r stilettskor, eftersom klackarna inte fastnar och skadas. Justerbara niv\u00e5f\u00f6tter Fyra h\u00f6jdjusterbara f\u00f6tter s\u00e4kerst\u00e4ller stabilitet \u00e4ven p\u00e5 l\u00e4tt oj\u00e4mna underlag eller p\u00e5 mattor.Produktdetaljer: F\u00e4rg: Svart Material: J\u00e4rn Produktstorlek: 74 x 30,7 x 104 cm (L x B x H) Vikt: 5,7 kg Kapacitet per niv\u00e5: 10 kg Leveransomfattning: 1 x skohylla 2 x plastkopplingar 1 x tillbeh\u00f6rsp\u00e5se 1 x bruksanvisning (DE, EN, FR, ES, IT) SONGMICS Anm\u00e4rkningar:Vi avr\u00e5der fr\u00e5n att stapla tv\u00e5 5-v\u00e5ningars skost\u00e4ll p\u00e5 varandra, eftersom detta kan p\u00e5verka produkternas s\u00e4kerhet och stabilitet negativt.<\/p>\n","protected":false},"excerpt":{"rendered":"<p>SONGMICS 5-v\u00e5ningars skost\u00e4ll, utbyggbart skost\u00e4ll i metall, justerbar skohylla, f\u00f6r 15-20 par skor, korta st\u00f6vlar, pumps, m\u00f6rkgr\u00e5 LMR005GB<\/p>\n","protected":false},"featured_media":42972,"comment_status":"open","ping_status":"closed","template":"","meta":[],"product_brand":[],"product_cat":[33],"product_tag":[],"class_list":{"0":"post-15086","1":"product","2":"type-product","3":"status-publish","4":"has-post-thumbnail","6":"product_cat-okategoriserad","8":"first","9":"instock","10":"shipping-taxable","11":"purchasable","12":"product-type-simple"},"_links":{"self":[{"href":"https:\/\/nordicmart.andreevmaster.com\/sv\/wp-json\/wp\/v2\/product\/15086","targetHints":{"allow":["GET"]}}],"collection":[{"href":"https:\/\/nordicmart.andreevmaster.com\/sv\/wp-json\/wp\/v2\/product"}],"about":[{"href":"https:\/\/nordicmart.andreevmaster.com\/sv\/wp-json\/wp\/v2\/types\/product"}],"replies":[{"embeddable":true,"href":"https:\/\/nordicmart.andreevmaster.com\/sv\/wp-json\/wp\/v2\/comments?post=15086"}],"wp:featuredmedia":[{"embeddable":true,"href":"https:\/\/nordicmart.andreevmaster.com\/sv\/wp-json\/wp\/v2\/media\/42972"}],"wp:attachment":[{"href":"https:\/\/nordicmart.andreevmaster.com\/sv\/wp-json\/wp\/v2\/media?parent=15086"}],"wp:term":[{"taxonomy":"product_brand","embeddable":true,"href":"https:\/\/nordicmart.andreevmaster.com\/sv\/wp-json\/wp\/v2\/product_brand?post=15086"},{"taxonomy":"product_cat","embeddable":true,"href":"https:\/\/nordicmart.andreevmaster.com\/sv\/wp-json\/wp\/v2\/product_cat?post=15086"},{"taxonomy":"product_tag","embeddable":true,"href":"https:\/\/nordicmart.andreevmaster.com\/sv\/wp-json\/wp\/v2\/product_tag?post=15086"}],"curies":[{"name":"wp","href":"https:\/\/api.w.org\/{rel}","templated":true}]}}