{"id":15081,"date":"2026-02-27T00:24:49","date_gmt":"2026-02-27T00:24:49","guid":{"rendered":"https:\/\/nordicmart.andreevmaster.com\/product\/vasagle-l-formad-hornhylla-2-pack-vagghylla\/"},"modified":"2026-02-27T08:16:29","modified_gmt":"2026-02-27T08:16:29","slug":"vasagle-l-formad-hornhylla-2-pack-vagghylla","status":"publish","type":"product","link":"https:\/\/nordicmart.andreevmaster.com\/sv\/produkt\/vasagle-l-formad-hornhylla-2-pack-vagghylla\/","title":{"rendered":"VASAGLE L-formad h\u00f6rnhylla, 2-pack, v\u00e4gghylla"},"content":{"rendered":"<p>Produktdetaljer: &#8211; F\u00e4rg: Vintagebrun-svart &#8211; Material: Sp\u00e5nskiva, st\u00e5l &#8211; Storlek: &#8211; L\u00e5ngsida: 40 cm &#8211; Kortsida: 29 cm &#8211; Bredd: 14 cm &#8211; Tjocklek: 1,2 cm &#8211; Totalvikt: 2 kg &#8211; Max. statisk belastningskapacitet per niv\u00e5: 5 kg Leveransomfattning: &#8211; 2 x stativhylla &#8211; 1 x tillbeh\u00f6rspaket &#8211; 1 x instruktioner<\/p>\n","protected":false},"excerpt":{"rendered":"<p>L-formad h\u00f6rnhylla, 2-pack, v\u00e4gghylla, vardagsrum, sovrum, k\u00f6k, industriell design, vintagebrun-svart<\/p>\n","protected":false},"featured_media":42968,"comment_status":"open","ping_status":"closed","template":"","meta":[],"product_brand":[],"product_cat":[33],"product_tag":[],"class_list":{"0":"post-15081","1":"product","2":"type-product","3":"status-publish","4":"has-post-thumbnail","6":"product_cat-okategoriserad","8":"first","9":"instock","10":"shipping-taxable","11":"purchasable","12":"product-type-simple"},"_links":{"self":[{"href":"https:\/\/nordicmart.andreevmaster.com\/sv\/wp-json\/wp\/v2\/product\/15081","targetHints":{"allow":["GET"]}}],"collection":[{"href":"https:\/\/nordicmart.andreevmaster.com\/sv\/wp-json\/wp\/v2\/product"}],"about":[{"href":"https:\/\/nordicmart.andreevmaster.com\/sv\/wp-json\/wp\/v2\/types\/product"}],"replies":[{"embeddable":true,"href":"https:\/\/nordicmart.andreevmaster.com\/sv\/wp-json\/wp\/v2\/comments?post=15081"}],"wp:featuredmedia":[{"embeddable":true,"href":"https:\/\/nordicmart.andreevmaster.com\/sv\/wp-json\/wp\/v2\/media\/42968"}],"wp:attachment":[{"href":"https:\/\/nordicmart.andreevmaster.com\/sv\/wp-json\/wp\/v2\/media?parent=15081"}],"wp:term":[{"taxonomy":"product_brand","embeddable":true,"href":"https:\/\/nordicmart.andreevmaster.com\/sv\/wp-json\/wp\/v2\/product_brand?post=15081"},{"taxonomy":"product_cat","embeddable":true,"href":"https:\/\/nordicmart.andreevmaster.com\/sv\/wp-json\/wp\/v2\/product_cat?post=15081"},{"taxonomy":"product_tag","embeddable":true,"href":"https:\/\/nordicmart.andreevmaster.com\/sv\/wp-json\/wp\/v2\/product_tag?post=15081"}],"curies":[{"name":"wp","href":"https:\/\/api.w.org\/{rel}","templated":true}]}}