{"id":15080,"date":"2026-02-27T00:24:48","date_gmt":"2026-02-27T00:24:48","guid":{"rendered":"https:\/\/nordicmart.andreevmaster.com\/product\/vasagle-hornhylla-med-5-hyllplan-160-cm-hog-bokhylla\/"},"modified":"2026-02-27T08:16:29","modified_gmt":"2026-02-27T08:16:29","slug":"vasagle-hornhylla-med-5-hyllplan-160-cm-hog-bokhylla","status":"publish","type":"product","link":"https:\/\/nordicmart.andreevmaster.com\/sv\/produkt\/vasagle-hornhylla-med-5-hyllplan-160-cm-hog-bokhylla\/","title":{"rendered":"VASAGLE h\u00f6rnhylla med 5 hyllplan, 160 cm h\u00f6g, bokhylla"},"content":{"rendered":"<p>H\u00f6rnhylla med 5 hyllplan, 160 cm h\u00f6g, bokhylla, stativhylla, f\u00f6rvaringshylla, f\u00f6r vardagsrum, badrum, k\u00f6k, hall, vintagebrun-svart<br \/>\nProduktdetaljer:<\/p>\n<p>&#8211; F\u00e4rg: Vintagebrun-svart<br \/>\n&#8211; Material: sp\u00e5nskiva, st\u00e5l<br \/>\n&#8211; Storlek: 30 x 30 x 160 cm (L x B x H)<br \/>\n&#8211; Vikt: 6,6 kg<br \/>\n&#8211; Max. statisk belastningskapacitet per hyllplan: 11,3 kg<\/p>\n<p>Leveransomfattning:<\/p>\n<p>&#8211; 1 x h\u00f6rnhylla<br \/>\n&#8211; 1 x tillbeh\u00f6rspaket<br \/>\n&#8211; 1 x tippskydd<br \/>\n&#8211; 1 x bruksanvisning<\/p>\n<p>VASAGLE Anm\u00e4rkningar:<\/p>\n<p>&#8211; F\u00e4st denna produkt p\u00e5 v\u00e4ggen med det medf\u00f6ljande tippskyddet.<\/p>\n","protected":false},"excerpt":{"rendered":"<p>H\u00f6rnhylla med 5 hyllplan, 160 cm h\u00f6g, bokhylla, stativhylla, f\u00f6rvaringshylla, f\u00f6r vardagsrum, badrum, k\u00f6k, hall, vintagebrun-svart<\/p>\n","protected":false},"featured_media":42967,"comment_status":"open","ping_status":"closed","template":"","meta":[],"product_brand":[],"product_cat":[33],"product_tag":[],"class_list":{"0":"post-15080","1":"product","2":"type-product","3":"status-publish","4":"has-post-thumbnail","6":"product_cat-okategoriserad","8":"first","9":"instock","10":"shipping-taxable","11":"purchasable","12":"product-type-simple"},"_links":{"self":[{"href":"https:\/\/nordicmart.andreevmaster.com\/sv\/wp-json\/wp\/v2\/product\/15080","targetHints":{"allow":["GET"]}}],"collection":[{"href":"https:\/\/nordicmart.andreevmaster.com\/sv\/wp-json\/wp\/v2\/product"}],"about":[{"href":"https:\/\/nordicmart.andreevmaster.com\/sv\/wp-json\/wp\/v2\/types\/product"}],"replies":[{"embeddable":true,"href":"https:\/\/nordicmart.andreevmaster.com\/sv\/wp-json\/wp\/v2\/comments?post=15080"}],"wp:featuredmedia":[{"embeddable":true,"href":"https:\/\/nordicmart.andreevmaster.com\/sv\/wp-json\/wp\/v2\/media\/42967"}],"wp:attachment":[{"href":"https:\/\/nordicmart.andreevmaster.com\/sv\/wp-json\/wp\/v2\/media?parent=15080"}],"wp:term":[{"taxonomy":"product_brand","embeddable":true,"href":"https:\/\/nordicmart.andreevmaster.com\/sv\/wp-json\/wp\/v2\/product_brand?post=15080"},{"taxonomy":"product_cat","embeddable":true,"href":"https:\/\/nordicmart.andreevmaster.com\/sv\/wp-json\/wp\/v2\/product_cat?post=15080"},{"taxonomy":"product_tag","embeddable":true,"href":"https:\/\/nordicmart.andreevmaster.com\/sv\/wp-json\/wp\/v2\/product_tag?post=15080"}],"curies":[{"name":"wp","href":"https:\/\/api.w.org\/{rel}","templated":true}]}}