{"id":15075,"date":"2026-02-27T00:24:47","date_gmt":"2026-02-27T00:24:47","guid":{"rendered":"https:\/\/nordicmart.andreevmaster.com\/product\/vasagle-hornhylla-med-5-hyllplan-bokhylla-sidopaneler-av-polyrotting\/"},"modified":"2026-02-27T08:16:28","modified_gmt":"2026-02-27T08:16:28","slug":"vasagle-hornhylla-med-5-hyllplan-bokhylla-sidopaneler-av-polyrotting","status":"publish","type":"product","link":"https:\/\/nordicmart.andreevmaster.com\/sv\/produkt\/vasagle-hornhylla-med-5-hyllplan-bokhylla-sidopaneler-av-polyrotting\/","title":{"rendered":"VASAGLE h\u00f6rnhylla med 5 hyllplan, bokhylla, sidopaneler av polyrotting"},"content":{"rendered":"<p>VASAGLE h\u00f6rnhylla med 5 hyllplan, bokhylla med sidopaneler i rotting, st\u00e5ende hylla, metallram, f\u00f6r vardagsrum, sovrum, arbetsrum, k\u00f6k, 31,9 x 31,9 x 156,4 cm<br \/>\nSpecifikationer:<br \/>\n&#8211; M\u00e5tt:  31,9 x 31,9 x 156,4 cm (D x B x H)<br \/>\n&#8211; Vikt: 7,9 kg<br \/>\n&#8211; Max. statisk b\u00e4rf\u00f6rm\u00e5ga per hyllplan: 10 kg<br \/>\n&#8211; Material: st\u00e5l, MDF (medeldensitetsfiberplatta), PP-rotting (polypropen)<br \/>\n&#8211; F\u00e4rg: ebenholts<\/p>\n","protected":false},"excerpt":{"rendered":"<p>VASAGLE h\u00f6rnhylla med 5 hyllplan, bokhylla med sidopaneler i rotting, st\u00e5ende hylla, metallram, f\u00f6r vardagsrum, sovrum, arbetsrum, k\u00f6k, 31,9 x 31,9 x 156,4 cm<\/p>\n","protected":false},"featured_media":42962,"comment_status":"open","ping_status":"closed","template":"","meta":[],"product_brand":[],"product_cat":[33],"product_tag":[],"class_list":{"0":"post-15075","1":"product","2":"type-product","3":"status-publish","4":"has-post-thumbnail","6":"product_cat-okategoriserad","8":"first","9":"instock","10":"shipping-taxable","11":"purchasable","12":"product-type-simple"},"_links":{"self":[{"href":"https:\/\/nordicmart.andreevmaster.com\/sv\/wp-json\/wp\/v2\/product\/15075","targetHints":{"allow":["GET"]}}],"collection":[{"href":"https:\/\/nordicmart.andreevmaster.com\/sv\/wp-json\/wp\/v2\/product"}],"about":[{"href":"https:\/\/nordicmart.andreevmaster.com\/sv\/wp-json\/wp\/v2\/types\/product"}],"replies":[{"embeddable":true,"href":"https:\/\/nordicmart.andreevmaster.com\/sv\/wp-json\/wp\/v2\/comments?post=15075"}],"wp:featuredmedia":[{"embeddable":true,"href":"https:\/\/nordicmart.andreevmaster.com\/sv\/wp-json\/wp\/v2\/media\/42962"}],"wp:attachment":[{"href":"https:\/\/nordicmart.andreevmaster.com\/sv\/wp-json\/wp\/v2\/media?parent=15075"}],"wp:term":[{"taxonomy":"product_brand","embeddable":true,"href":"https:\/\/nordicmart.andreevmaster.com\/sv\/wp-json\/wp\/v2\/product_brand?post=15075"},{"taxonomy":"product_cat","embeddable":true,"href":"https:\/\/nordicmart.andreevmaster.com\/sv\/wp-json\/wp\/v2\/product_cat?post=15075"},{"taxonomy":"product_tag","embeddable":true,"href":"https:\/\/nordicmart.andreevmaster.com\/sv\/wp-json\/wp\/v2\/product_tag?post=15075"}],"curies":[{"name":"wp","href":"https:\/\/api.w.org\/{rel}","templated":true}]}}