{"id":15073,"date":"2026-02-27T00:24:47","date_gmt":"2026-02-27T00:24:47","guid":{"rendered":"https:\/\/nordicmart.andreevmaster.com\/product\/vasagle-hornhylla-vagghylla-5-nivaer-svavande-hylla\/"},"modified":"2026-02-27T08:16:27","modified_gmt":"2026-02-27T08:16:27","slug":"vasagle-hornhylla-vagghylla-5-nivaer-svavande-hylla","status":"publish","type":"product","link":"https:\/\/nordicmart.andreevmaster.com\/sv\/produkt\/vasagle-hornhylla-vagghylla-5-nivaer-svavande-hylla\/","title":{"rendered":"VASAGLE h\u00f6rnhylla, v\u00e4gghylla 5 niv\u00e5er, sv\u00e4vande hylla"},"content":{"rendered":"<p>VASAGLE h\u00f6rnhylla, v\u00e4gghylla med 5 hyllplan, sv\u00e4vande hylla, v\u00e4ggmonterad hylla, zickzackform, sidopaneler av PVC-rotting, platsbesparande, f\u00f6r k\u00f6k, sovrum, vardagsrum, boho-stil<br \/>\nSpecifikationer:<br \/>\n&#8211; M\u00e5tt: 20 x 20 x 126 cm (D x B x H)<br \/>\n&#8211; Vikt: 3,2 kg<br \/>\n&#8211; Max. statisk b\u00e4rf\u00f6rm\u00e5ga: 25 kg<br \/>\n&#8211; Material: sp\u00e5nskiva, PVC-plast (polyvinylklorid)<br \/>\n&#8211; F\u00e4rg: askgr\u00e5<\/p>\n","protected":false},"excerpt":{"rendered":"<p>VASAGLE h\u00f6rnhylla, v\u00e4gghylla med 5 hyllplan, sv\u00e4vande hylla, v\u00e4ggmonterad hylla, zickzackform, sidopaneler av PVC-rotting, platsbesparande, f\u00f6r k\u00f6k, sovrum, vardagsrum, boho-stil<\/p>\n","protected":false},"featured_media":42960,"comment_status":"open","ping_status":"closed","template":"","meta":[],"product_brand":[],"product_cat":[33],"product_tag":[],"class_list":{"0":"post-15073","1":"product","2":"type-product","3":"status-publish","4":"has-post-thumbnail","6":"product_cat-okategoriserad","8":"first","9":"instock","10":"shipping-taxable","11":"purchasable","12":"product-type-simple"},"_links":{"self":[{"href":"https:\/\/nordicmart.andreevmaster.com\/sv\/wp-json\/wp\/v2\/product\/15073","targetHints":{"allow":["GET"]}}],"collection":[{"href":"https:\/\/nordicmart.andreevmaster.com\/sv\/wp-json\/wp\/v2\/product"}],"about":[{"href":"https:\/\/nordicmart.andreevmaster.com\/sv\/wp-json\/wp\/v2\/types\/product"}],"replies":[{"embeddable":true,"href":"https:\/\/nordicmart.andreevmaster.com\/sv\/wp-json\/wp\/v2\/comments?post=15073"}],"wp:featuredmedia":[{"embeddable":true,"href":"https:\/\/nordicmart.andreevmaster.com\/sv\/wp-json\/wp\/v2\/media\/42960"}],"wp:attachment":[{"href":"https:\/\/nordicmart.andreevmaster.com\/sv\/wp-json\/wp\/v2\/media?parent=15073"}],"wp:term":[{"taxonomy":"product_brand","embeddable":true,"href":"https:\/\/nordicmart.andreevmaster.com\/sv\/wp-json\/wp\/v2\/product_brand?post=15073"},{"taxonomy":"product_cat","embeddable":true,"href":"https:\/\/nordicmart.andreevmaster.com\/sv\/wp-json\/wp\/v2\/product_cat?post=15073"},{"taxonomy":"product_tag","embeddable":true,"href":"https:\/\/nordicmart.andreevmaster.com\/sv\/wp-json\/wp\/v2\/product_tag?post=15073"}],"curies":[{"name":"wp","href":"https:\/\/api.w.org\/{rel}","templated":true}]}}