{"id":15066,"date":"2026-02-27T00:24:45","date_gmt":"2026-02-27T00:24:45","guid":{"rendered":"https:\/\/nordicmart.andreevmaster.com\/product\/vasagle-bokhylla-6-hyllplan-hyllor\/"},"modified":"2026-02-27T08:16:26","modified_gmt":"2026-02-27T08:16:26","slug":"vasagle-bokhylla-6-hyllplan-hyllor","status":"publish","type":"product","link":"https:\/\/nordicmart.andreevmaster.com\/sv\/produkt\/vasagle-bokhylla-6-hyllplan-hyllor\/","title":{"rendered":"VASAGLE bokhylla, 6 hyllplan, hyllor"},"content":{"rendered":"<p>VASAGLE bokhylla, 6 hyllplan, hyllsystem, st\u00e5ende hyllsystem med d\u00f6rrar, metallram, justerbara hyllplan, 24 x 40 x 159,5 cm, f\u00f6r vardagsrum, sovrum, ebenholts-svart-bl\u00e4ck-svart LLS132B01<br \/>\nSpecifikationer:<br \/>\n&#8211; M\u00e5tt: 24 x 40 x 159,5 cm (D x B x H)<br \/>\n&#8211; Vikt: 11,6 kg<br \/>\n&#8211; Max. total statisk b\u00e4rf\u00f6rm\u00e5ga: 60 kg<br \/>\n&#8211; Material: sp\u00e5nskiva, st\u00e5l<br \/>\n&#8211; F\u00e4rg: Vintagebrun-bl\u00e4ksvart<\/p>\n","protected":false},"excerpt":{"rendered":"<p>VASAGLE bokhylla, 6 hyllplan, hyllsystem, st\u00e5ende hyllsystem med d\u00f6rrar, metallram, justerbara hyllplan, 24 x 40 x 159,5 cm, f\u00f6r vardagsrum, sovrum, ebenholts-svart-bl\u00e4ck-svart LLS132B01<\/p>\n","protected":false},"featured_media":42953,"comment_status":"open","ping_status":"closed","template":"","meta":[],"product_brand":[],"product_cat":[33],"product_tag":[],"class_list":{"0":"post-15066","1":"product","2":"type-product","3":"status-publish","4":"has-post-thumbnail","6":"product_cat-okategoriserad","8":"first","9":"instock","10":"shipping-taxable","11":"purchasable","12":"product-type-simple"},"_links":{"self":[{"href":"https:\/\/nordicmart.andreevmaster.com\/sv\/wp-json\/wp\/v2\/product\/15066","targetHints":{"allow":["GET"]}}],"collection":[{"href":"https:\/\/nordicmart.andreevmaster.com\/sv\/wp-json\/wp\/v2\/product"}],"about":[{"href":"https:\/\/nordicmart.andreevmaster.com\/sv\/wp-json\/wp\/v2\/types\/product"}],"replies":[{"embeddable":true,"href":"https:\/\/nordicmart.andreevmaster.com\/sv\/wp-json\/wp\/v2\/comments?post=15066"}],"wp:featuredmedia":[{"embeddable":true,"href":"https:\/\/nordicmart.andreevmaster.com\/sv\/wp-json\/wp\/v2\/media\/42953"}],"wp:attachment":[{"href":"https:\/\/nordicmart.andreevmaster.com\/sv\/wp-json\/wp\/v2\/media?parent=15066"}],"wp:term":[{"taxonomy":"product_brand","embeddable":true,"href":"https:\/\/nordicmart.andreevmaster.com\/sv\/wp-json\/wp\/v2\/product_brand?post=15066"},{"taxonomy":"product_cat","embeddable":true,"href":"https:\/\/nordicmart.andreevmaster.com\/sv\/wp-json\/wp\/v2\/product_cat?post=15066"},{"taxonomy":"product_tag","embeddable":true,"href":"https:\/\/nordicmart.andreevmaster.com\/sv\/wp-json\/wp\/v2\/product_tag?post=15066"}],"curies":[{"name":"wp","href":"https:\/\/api.w.org\/{rel}","templated":true}]}}