{"id":15064,"date":"2026-02-27T00:24:44","date_gmt":"2026-02-27T00:24:44","guid":{"rendered":"https:\/\/nordicmart.andreevmaster.com\/product\/vasagle-bokhylla-stegehylla-5-hyllplan-smal-hylla\/"},"modified":"2026-02-27T08:16:26","modified_gmt":"2026-02-27T08:16:26","slug":"vasagle-bokhylla-stegehylla-5-hyllplan-smal-hylla","status":"publish","type":"product","link":"https:\/\/nordicmart.andreevmaster.com\/sv\/produkt\/vasagle-bokhylla-stegehylla-5-hyllplan-smal-hylla\/","title":{"rendered":"VASAGLE bokhylla, stegehylla 5 hyllplan, smal hylla"},"content":{"rendered":"<p>VASAGLE bokhylla, stegehylla, \u00f6ppen, med 4 hyllplan, metallstativ, f\u00f6r vardagsrum, sovrum, k\u00f6k, arbetsrum, kontor, industriell design, vintagebrun-svart LLS108B01<br \/>\nSpecifikationer:<br \/>\n&#8211; M\u00e5tt: 30 x 80 x 170 cm (D x B x H)<br \/>\n&#8211; Vikt: 16,9 kg<br \/>\n&#8211; Max. total statisk b\u00e4rf\u00f6rm\u00e5ga: 75 kg<br \/>\n&#8211; Material: sp\u00e5nskiva, st\u00e5l<br \/>\n&#8211; F\u00e4rg: Vintagebrun-svart<\/p>\n","protected":false},"excerpt":{"rendered":"<p>VASAGLE bokhylla, stegehylla, \u00f6ppen, med 4 hyllplan, metallstativ, f\u00f6r vardagsrum, sovrum, k\u00f6k, arbetsrum, kontor, industriell design, vintagebrun-svart LLS108B01<\/p>\n","protected":false},"featured_media":42951,"comment_status":"open","ping_status":"closed","template":"","meta":[],"product_brand":[],"product_cat":[33],"product_tag":[],"class_list":{"0":"post-15064","1":"product","2":"type-product","3":"status-publish","4":"has-post-thumbnail","6":"product_cat-okategoriserad","8":"first","9":"instock","10":"shipping-taxable","11":"purchasable","12":"product-type-simple"},"_links":{"self":[{"href":"https:\/\/nordicmart.andreevmaster.com\/sv\/wp-json\/wp\/v2\/product\/15064","targetHints":{"allow":["GET"]}}],"collection":[{"href":"https:\/\/nordicmart.andreevmaster.com\/sv\/wp-json\/wp\/v2\/product"}],"about":[{"href":"https:\/\/nordicmart.andreevmaster.com\/sv\/wp-json\/wp\/v2\/types\/product"}],"replies":[{"embeddable":true,"href":"https:\/\/nordicmart.andreevmaster.com\/sv\/wp-json\/wp\/v2\/comments?post=15064"}],"wp:featuredmedia":[{"embeddable":true,"href":"https:\/\/nordicmart.andreevmaster.com\/sv\/wp-json\/wp\/v2\/media\/42951"}],"wp:attachment":[{"href":"https:\/\/nordicmart.andreevmaster.com\/sv\/wp-json\/wp\/v2\/media?parent=15064"}],"wp:term":[{"taxonomy":"product_brand","embeddable":true,"href":"https:\/\/nordicmart.andreevmaster.com\/sv\/wp-json\/wp\/v2\/product_brand?post=15064"},{"taxonomy":"product_cat","embeddable":true,"href":"https:\/\/nordicmart.andreevmaster.com\/sv\/wp-json\/wp\/v2\/product_cat?post=15064"},{"taxonomy":"product_tag","embeddable":true,"href":"https:\/\/nordicmart.andreevmaster.com\/sv\/wp-json\/wp\/v2\/product_tag?post=15064"}],"curies":[{"name":"wp","href":"https:\/\/api.w.org\/{rel}","templated":true}]}}