{"id":15059,"date":"2026-02-27T00:24:43","date_gmt":"2026-02-27T00:24:43","guid":{"rendered":"https:\/\/nordicmart.andreevmaster.com\/product\/vasagle-bokhylla-6-hyllplan-hog-hylla-staende-hylla\/"},"modified":"2026-02-27T08:16:25","modified_gmt":"2026-02-27T08:16:25","slug":"vasagle-bokhylla-6-hyllplan-hog-hylla-staende-hylla","status":"publish","type":"product","link":"https:\/\/nordicmart.andreevmaster.com\/sv\/produkt\/vasagle-bokhylla-6-hyllplan-hog-hylla-staende-hylla\/","title":{"rendered":"VASAGLE bokhylla 6 hyllplan, h\u00f6g hylla, st\u00e5ende hylla"},"content":{"rendered":"<p>VASAGLE bokhylla med 6 hyllplan, h\u00f6g hylla, st\u00e5ende hylla, d\u00f6rr i rottinglook, boho-stil, metallram, justerbar hyllbotten, f\u00f6r vardagsrum<br \/>\nSpecifikationer:<br \/>\n&#8211; M\u00e5tt: 30 x 40 x 174,7 cm (D x B x H)<br \/>\n&#8211; Vikt: 15,3 kg<br \/>\n&#8211; Max. statisk b\u00e4rf\u00f6rm\u00e5ga per hylla: 10 kg<br \/>\n&#8211; Max. statisk b\u00e4rf\u00f6rm\u00e5ga totalt: 60 kg<br \/>\n&#8211; Material: st\u00e5l, sp\u00e5nskiva, PE-rotting (polyeten)<br \/>\n&#8211; F\u00e4rg: ebenholts-matt svart<\/p>\n","protected":false},"excerpt":{"rendered":"<p>VASAGLE bokhylla med 6 hyllplan, h\u00f6g hylla, st\u00e5ende hylla, d\u00f6rr i rottinglook, boho-stil, metallram, justerbar hyllbotten, f\u00f6r vardagsrum<\/p>\n","protected":false},"featured_media":42946,"comment_status":"open","ping_status":"closed","template":"","meta":[],"product_brand":[],"product_cat":[33],"product_tag":[],"class_list":{"0":"post-15059","1":"product","2":"type-product","3":"status-publish","4":"has-post-thumbnail","6":"product_cat-okategoriserad","8":"first","9":"instock","10":"shipping-taxable","11":"purchasable","12":"product-type-simple"},"_links":{"self":[{"href":"https:\/\/nordicmart.andreevmaster.com\/sv\/wp-json\/wp\/v2\/product\/15059","targetHints":{"allow":["GET"]}}],"collection":[{"href":"https:\/\/nordicmart.andreevmaster.com\/sv\/wp-json\/wp\/v2\/product"}],"about":[{"href":"https:\/\/nordicmart.andreevmaster.com\/sv\/wp-json\/wp\/v2\/types\/product"}],"replies":[{"embeddable":true,"href":"https:\/\/nordicmart.andreevmaster.com\/sv\/wp-json\/wp\/v2\/comments?post=15059"}],"wp:featuredmedia":[{"embeddable":true,"href":"https:\/\/nordicmart.andreevmaster.com\/sv\/wp-json\/wp\/v2\/media\/42946"}],"wp:attachment":[{"href":"https:\/\/nordicmart.andreevmaster.com\/sv\/wp-json\/wp\/v2\/media?parent=15059"}],"wp:term":[{"taxonomy":"product_brand","embeddable":true,"href":"https:\/\/nordicmart.andreevmaster.com\/sv\/wp-json\/wp\/v2\/product_brand?post=15059"},{"taxonomy":"product_cat","embeddable":true,"href":"https:\/\/nordicmart.andreevmaster.com\/sv\/wp-json\/wp\/v2\/product_cat?post=15059"},{"taxonomy":"product_tag","embeddable":true,"href":"https:\/\/nordicmart.andreevmaster.com\/sv\/wp-json\/wp\/v2\/product_tag?post=15059"}],"curies":[{"name":"wp","href":"https:\/\/api.w.org\/{rel}","templated":true}]}}