{"id":15047,"date":"2026-02-27T00:24:39","date_gmt":"2026-02-27T00:24:39","guid":{"rendered":"https:\/\/nordicmart.andreevmaster.com\/product\/vasagle-hyllor-bokhyllor-stativhyllor\/"},"modified":"2026-02-27T08:16:22","modified_gmt":"2026-02-27T08:16:22","slug":"vasagle-hyllor-bokhyllor-stativhyllor","status":"publish","type":"product","link":"https:\/\/nordicmart.andreevmaster.com\/sv\/produkt\/vasagle-hyllor-bokhyllor-stativhyllor\/","title":{"rendered":"VASAGLE hyllor, bokhyllor, stativhyllor"},"content":{"rendered":"<p>VASAGLE hyllor, bokhylla, stativhylla, DVD-hylla, med 4 niv\u00e5er, kontorshylla, \u00f6ppna hyllor, f\u00f6r kontor, vardagsrum, sovrum, k\u00f6k, 24 x 40 x 107 cm<br \/>\nSpecifikationer:<br \/>\n&#8211; M\u00e5tt: 24 x 40 x 107 cm (D x B x H)<br \/>\n&#8211; Vikt: 5,6 kg<br \/>\n&#8211; Max. total statisk b\u00e4rf\u00f6rm\u00e5ga: 30 kg<br \/>\n&#8211; Material: sp\u00e5nskiva, st\u00e5l<br \/>\n&#8211; F\u00e4rg: ebenholts-svart<\/p>\n","protected":false},"excerpt":{"rendered":"<p>VASAGLE hyllor, bokhylla, stativhylla, DVD-hylla, med 4 niv\u00e5er, kontorshylla, \u00f6ppna hyllor, f\u00f6r kontor, vardagsrum, sovrum, k\u00f6k, 24 x 40 x 107 cm<\/p>\n","protected":false},"featured_media":42935,"comment_status":"open","ping_status":"closed","template":"","meta":[],"product_brand":[],"product_cat":[33],"product_tag":[],"class_list":{"0":"post-15047","1":"product","2":"type-product","3":"status-publish","4":"has-post-thumbnail","6":"product_cat-okategoriserad","8":"first","9":"instock","10":"shipping-taxable","11":"purchasable","12":"product-type-simple"},"_links":{"self":[{"href":"https:\/\/nordicmart.andreevmaster.com\/sv\/wp-json\/wp\/v2\/product\/15047","targetHints":{"allow":["GET"]}}],"collection":[{"href":"https:\/\/nordicmart.andreevmaster.com\/sv\/wp-json\/wp\/v2\/product"}],"about":[{"href":"https:\/\/nordicmart.andreevmaster.com\/sv\/wp-json\/wp\/v2\/types\/product"}],"replies":[{"embeddable":true,"href":"https:\/\/nordicmart.andreevmaster.com\/sv\/wp-json\/wp\/v2\/comments?post=15047"}],"wp:featuredmedia":[{"embeddable":true,"href":"https:\/\/nordicmart.andreevmaster.com\/sv\/wp-json\/wp\/v2\/media\/42935"}],"wp:attachment":[{"href":"https:\/\/nordicmart.andreevmaster.com\/sv\/wp-json\/wp\/v2\/media?parent=15047"}],"wp:term":[{"taxonomy":"product_brand","embeddable":true,"href":"https:\/\/nordicmart.andreevmaster.com\/sv\/wp-json\/wp\/v2\/product_brand?post=15047"},{"taxonomy":"product_cat","embeddable":true,"href":"https:\/\/nordicmart.andreevmaster.com\/sv\/wp-json\/wp\/v2\/product_cat?post=15047"},{"taxonomy":"product_tag","embeddable":true,"href":"https:\/\/nordicmart.andreevmaster.com\/sv\/wp-json\/wp\/v2\/product_tag?post=15047"}],"curies":[{"name":"wp","href":"https:\/\/api.w.org\/{rel}","templated":true}]}}