{"id":15033,"date":"2026-02-27T00:24:35","date_gmt":"2026-02-27T00:24:35","guid":{"rendered":"https:\/\/nordicmart.andreevmaster.com\/product\/vasagle-stegehylla-handdukshangare-5-nivaer\/"},"modified":"2026-02-27T08:16:19","modified_gmt":"2026-02-27T08:16:19","slug":"vasagle-stegehylla-handdukshangare-5-nivaer","status":"publish","type":"product","link":"https:\/\/nordicmart.andreevmaster.com\/sv\/produkt\/vasagle-stegehylla-handdukshangare-5-nivaer\/","title":{"rendered":"VASAGLE Stegehylla, handduksh\u00e4ngare, 5 niv\u00e5er"},"content":{"rendered":"<p>Produktdetaljer: &#8211; F\u00e4rg: Vintagebrun-svart &#8211; Material: Sp\u00e5nskiva, st\u00e5l &#8211; Storlek: 44 x 160 cm (B x H) &#8211; Vikt: 2,3 kg  Leveransomfattning: &#8211; 1 x handduksstege &#8211; 1 x tillbeh\u00f6rspaket &#8211; 2 x tippskydd &#8211; 1 x instruktioner VASAGLE Anm\u00e4rkningar:- Av s\u00e4kerhetssk\u00e4l \u00e4r det f\u00f6rbjudet f\u00f6r barn att kl\u00e4ttra p\u00e5 eller leka med produkten. &#8211; F\u00e4st denna produkt p\u00e5 v\u00e4ggen med det medf\u00f6ljande tippskyddet.<\/p>\n","protected":false},"excerpt":{"rendered":"<p>VASAGLE Handduksstege, handdukshylla, stege, lutande hylla med 5 niv\u00e5er, 44 x 160 cm, platsbesparande, metallram, 4 krokar, industriell stil, vintagebrun-svart LLS016B01<\/p>\n","protected":false},"featured_media":42922,"comment_status":"open","ping_status":"closed","template":"","meta":[],"product_brand":[],"product_cat":[33],"product_tag":[],"class_list":{"0":"post-15033","1":"product","2":"type-product","3":"status-publish","4":"has-post-thumbnail","6":"product_cat-okategoriserad","8":"first","9":"instock","10":"shipping-taxable","11":"purchasable","12":"product-type-simple"},"_links":{"self":[{"href":"https:\/\/nordicmart.andreevmaster.com\/sv\/wp-json\/wp\/v2\/product\/15033","targetHints":{"allow":["GET"]}}],"collection":[{"href":"https:\/\/nordicmart.andreevmaster.com\/sv\/wp-json\/wp\/v2\/product"}],"about":[{"href":"https:\/\/nordicmart.andreevmaster.com\/sv\/wp-json\/wp\/v2\/types\/product"}],"replies":[{"embeddable":true,"href":"https:\/\/nordicmart.andreevmaster.com\/sv\/wp-json\/wp\/v2\/comments?post=15033"}],"wp:featuredmedia":[{"embeddable":true,"href":"https:\/\/nordicmart.andreevmaster.com\/sv\/wp-json\/wp\/v2\/media\/42922"}],"wp:attachment":[{"href":"https:\/\/nordicmart.andreevmaster.com\/sv\/wp-json\/wp\/v2\/media?parent=15033"}],"wp:term":[{"taxonomy":"product_brand","embeddable":true,"href":"https:\/\/nordicmart.andreevmaster.com\/sv\/wp-json\/wp\/v2\/product_brand?post=15033"},{"taxonomy":"product_cat","embeddable":true,"href":"https:\/\/nordicmart.andreevmaster.com\/sv\/wp-json\/wp\/v2\/product_cat?post=15033"},{"taxonomy":"product_tag","embeddable":true,"href":"https:\/\/nordicmart.andreevmaster.com\/sv\/wp-json\/wp\/v2\/product_tag?post=15033"}],"curies":[{"name":"wp","href":"https:\/\/api.w.org\/{rel}","templated":true}]}}