{"id":15030,"date":"2026-02-27T00:24:34","date_gmt":"2026-02-27T00:24:34","guid":{"rendered":"https:\/\/nordicmart.andreevmaster.com\/product\/vasagle-bokhylla-i-lantlig-stil-vit\/"},"modified":"2026-02-27T08:16:18","modified_gmt":"2026-02-27T08:16:18","slug":"vasagle-bokhylla-i-lantlig-stil-vit","status":"publish","type":"product","link":"https:\/\/nordicmart.andreevmaster.com\/sv\/produkt\/vasagle-bokhylla-i-lantlig-stil-vit\/","title":{"rendered":"VASAGLE Bokhylla i lantlig stil Vit"},"content":{"rendered":"<p>Irriterar du dig \u00f6ver saker som ligger och skr\u00e4par? Om du vill utnyttja utrymmet i ditt hem fullt ut \u00e4r detta f\u00f6rvaringshyllsystem precis vad du beh\u00f6ver. Det kombinerar charmen hos klassiska och moderna m\u00f6belstilar och passar perfekt in i ditt hem. Placera det i vardagsrummet \u2013 fyll stegehyllan med i\u00f6gonfallande dekorationsf\u00f6rem\u00e5l s\u00e5 blir den definitivt ett blickf\u00e5ng i ditt hem.St\u00e4ll hyllan i arbetsrummet eller kontoret \u2013 h\u00e5ll dina b\u00f6cker, dokument, utm\u00e4rkelser etc. inom r\u00e4ckh\u00e5ll. St\u00e4ll den p\u00e5 balkongen \u2013 visa upp dina krukv\u00e4xter, fiskakvarter och s\u00e5 vidare samtidigt som du skapar en lugn h\u00f6rna. Klicka p\u00e5 &#8221;L\u00e4gg i varukorgen&#8221; f\u00f6r att f\u00e5 denna SONGMICS-stege till ditt hem och optimera f\u00f6rvaringsutrymmet.Produktdetaljer: &#8211; F\u00e4rg: vit &#8211; Material: MDF-skivor (E1-klass) &#8211; Storlek: 60 x 34,7 x 147,5 cm &#8211; Vikt: 14,8 kg Leveransomfattning: &#8211; 1 x stegehylla &#8211; 1 x bruksanvisning (DE, EN, FR, ES, IT) &#8211; 1 x tillbeh\u00f6rsp\u00e5se SONGMICS Obs!- Barn f\u00e5r inte st\u00e5, kl\u00e4ttra eller leka p\u00e5 hyllan f\u00f6r att undvika personskador genom att den v\u00e4lter. &#8211; Undvik att bl\u00f6ta ner produkten i vatten och placera den inte i en fuktig milj\u00f6. &#8211; F\u00f6lj instruktionerna noggrant. Vi rekommenderar att du placerar hyllan mot en v\u00e4gg och f\u00e4ster den med skruvar.<\/p>\n","protected":false},"excerpt":{"rendered":"<p>VASAGLE bokhylla, stativhylla, stege, 4-hyllors trapphylla, f\u00f6rvaringshylla badrumshylla Multifunktionell utst\u00e4llningshylla f\u00f6r vardagsrum, balkong, vit LLS90WT<\/p>\n","protected":false},"featured_media":42919,"comment_status":"open","ping_status":"closed","template":"","meta":[],"product_brand":[],"product_cat":[33],"product_tag":[],"class_list":{"0":"post-15030","1":"product","2":"type-product","3":"status-publish","4":"has-post-thumbnail","6":"product_cat-okategoriserad","8":"first","9":"instock","10":"shipping-taxable","11":"purchasable","12":"product-type-simple"},"_links":{"self":[{"href":"https:\/\/nordicmart.andreevmaster.com\/sv\/wp-json\/wp\/v2\/product\/15030","targetHints":{"allow":["GET"]}}],"collection":[{"href":"https:\/\/nordicmart.andreevmaster.com\/sv\/wp-json\/wp\/v2\/product"}],"about":[{"href":"https:\/\/nordicmart.andreevmaster.com\/sv\/wp-json\/wp\/v2\/types\/product"}],"replies":[{"embeddable":true,"href":"https:\/\/nordicmart.andreevmaster.com\/sv\/wp-json\/wp\/v2\/comments?post=15030"}],"wp:featuredmedia":[{"embeddable":true,"href":"https:\/\/nordicmart.andreevmaster.com\/sv\/wp-json\/wp\/v2\/media\/42919"}],"wp:attachment":[{"href":"https:\/\/nordicmart.andreevmaster.com\/sv\/wp-json\/wp\/v2\/media?parent=15030"}],"wp:term":[{"taxonomy":"product_brand","embeddable":true,"href":"https:\/\/nordicmart.andreevmaster.com\/sv\/wp-json\/wp\/v2\/product_brand?post=15030"},{"taxonomy":"product_cat","embeddable":true,"href":"https:\/\/nordicmart.andreevmaster.com\/sv\/wp-json\/wp\/v2\/product_cat?post=15030"},{"taxonomy":"product_tag","embeddable":true,"href":"https:\/\/nordicmart.andreevmaster.com\/sv\/wp-json\/wp\/v2\/product_tag?post=15030"}],"curies":[{"name":"wp","href":"https:\/\/api.w.org\/{rel}","templated":true}]}}