{"id":15029,"date":"2026-02-27T00:24:34","date_gmt":"2026-02-27T00:24:34","guid":{"rendered":"https:\/\/nordicmart.andreevmaster.com\/product\/vasagle-industriellt-designat-hopfallbart-hyllsystem-med-4-nivaer\/"},"modified":"2026-02-27T08:16:18","modified_gmt":"2026-02-27T08:16:18","slug":"vasagle-industriellt-designat-hopfallbart-hyllsystem-med-4-nivaer","status":"publish","type":"product","link":"https:\/\/nordicmart.andreevmaster.com\/sv\/produkt\/vasagle-industriellt-designat-hopfallbart-hyllsystem-med-4-nivaer\/","title":{"rendered":"VASAGLE industriellt designat hopf\u00e4llbart hyllsystem med 4 niv\u00e5er"},"content":{"rendered":"<p>Smart design Tack vare det hopf\u00e4llbara st\u00e4llet kan VASAGLE:s f\u00f6rvaringshylla snabbt monteras i bara tv\u00e5 steg. Det har aldrig varit s\u00e5 enkelt att transportera och montera en bokhylla, vilket \u00e4r s\u00e4rskilt praktiskt vid flytt. Extra tv\u00e4rst\u00e4nger p\u00e5 baksidan av m\u00f6beln ger dessutom \u00e4nnu mer stabilitet och s\u00e4kerst\u00e4ller att f\u00f6rem\u00e5len som f\u00f6rvaras p\u00e5 det hopf\u00e4llbara hyllsystemet inte faller ner. Alltid redo att anv\u00e4ndas Robust j\u00e4rn och vintageelegans \u2013 detta hyllsystem med 4 hyllplan f\u00f6rkroppsligar enkel sk\u00f6nhet. Tack vare den attraktiva utformningen och den funktionella designen passar m\u00f6beln in i alla rum. Du kan till exempel st\u00e4lla den i vardagsrummet och placera i\u00f6gonfallande accessoarer p\u00e5 den. F\u00f6rvaringshyllan fungerar ocks\u00e5 utm\u00e4rkt som f\u00f6rvaring f\u00f6r b\u00f6cker och dokument p\u00e5 kontoret. Eller anv\u00e4nd den p\u00e5 din balkong f\u00f6r vackra v\u00e4xter, i ditt garage, k\u00f6k&#8230; Man m\u00e5ste helt enkelt \u00e4lska den l\u00e4ttmonterade hyllan! Prova den! Kanske best\u00e4ller du till och med tv\u00e5? Produktdetaljer: &#8211; F\u00e4rg: Vintagebrun.Svart &#8211; Material: Sp\u00e5nskiva, st\u00e5l &#8211; Storlek: 60 x 125,5 x 30 cm (B x H x D) &#8211; Vikt: 15,6 kg &#8211; Max. statisk belastningskapacitet per hylla: 5 kgLeveransomfattning: &#8211; 1 x hopf\u00e4llbart hyllsystem &#8211; 1 x tillbeh\u00f6rsp\u00e5se &#8211; 1 x tippskydd &#8211; 1 x bruksanvisning (EN, DE, FR, ES, IT) VASAGLE Anm\u00e4rkningar: &#8211; Undvik att placera hyllsystemet i en fuktig milj\u00f6 under en l\u00e4ngre tid. &#8211; Placera inte tunga f\u00f6rem\u00e5l p\u00e5 hyllsystemet.<\/p>\n","protected":false},"excerpt":{"rendered":"<p>VASAGLE stativhylla, bokhylla, hopf\u00e4llbar hylla, hylla med 4 hyllplan, multifunktionell k\u00f6kshylla, snabb montering, f\u00f6r vardagsrum, sovrum, k\u00f6k, industriell design, vintagebrun-svart LLS88X<\/p>\n","protected":false},"featured_media":42918,"comment_status":"open","ping_status":"closed","template":"","meta":[],"product_brand":[],"product_cat":[33],"product_tag":[],"class_list":{"0":"post-15029","1":"product","2":"type-product","3":"status-publish","4":"has-post-thumbnail","6":"product_cat-okategoriserad","8":"first","9":"instock","10":"shipping-taxable","11":"purchasable","12":"product-type-simple"},"_links":{"self":[{"href":"https:\/\/nordicmart.andreevmaster.com\/sv\/wp-json\/wp\/v2\/product\/15029","targetHints":{"allow":["GET"]}}],"collection":[{"href":"https:\/\/nordicmart.andreevmaster.com\/sv\/wp-json\/wp\/v2\/product"}],"about":[{"href":"https:\/\/nordicmart.andreevmaster.com\/sv\/wp-json\/wp\/v2\/types\/product"}],"replies":[{"embeddable":true,"href":"https:\/\/nordicmart.andreevmaster.com\/sv\/wp-json\/wp\/v2\/comments?post=15029"}],"wp:featuredmedia":[{"embeddable":true,"href":"https:\/\/nordicmart.andreevmaster.com\/sv\/wp-json\/wp\/v2\/media\/42918"}],"wp:attachment":[{"href":"https:\/\/nordicmart.andreevmaster.com\/sv\/wp-json\/wp\/v2\/media?parent=15029"}],"wp:term":[{"taxonomy":"product_brand","embeddable":true,"href":"https:\/\/nordicmart.andreevmaster.com\/sv\/wp-json\/wp\/v2\/product_brand?post=15029"},{"taxonomy":"product_cat","embeddable":true,"href":"https:\/\/nordicmart.andreevmaster.com\/sv\/wp-json\/wp\/v2\/product_cat?post=15029"},{"taxonomy":"product_tag","embeddable":true,"href":"https:\/\/nordicmart.andreevmaster.com\/sv\/wp-json\/wp\/v2\/product_tag?post=15029"}],"curies":[{"name":"wp","href":"https:\/\/api.w.org\/{rel}","templated":true}]}}