{"id":15026,"date":"2026-02-27T00:24:33","date_gmt":"2026-02-27T00:24:33","guid":{"rendered":"https:\/\/nordicmart.andreevmaster.com\/product\/vasagle-l-formad-hornhylla-2-pack-molnvit\/"},"modified":"2026-02-27T08:16:17","modified_gmt":"2026-02-27T08:16:17","slug":"vasagle-l-formad-hornhylla-2-pack-molnvit","status":"publish","type":"product","link":"https:\/\/nordicmart.andreevmaster.com\/sv\/produkt\/vasagle-l-formad-hornhylla-2-pack-molnvit\/","title":{"rendered":"VASAGLE L-formad h\u00f6rnhylla, 2-pack, molnvit"},"content":{"rendered":"<p>VASAGLE L-format h\u00f6rnhyllsystem, 2-pack, v\u00e4gghylla, industriell design, hyllor f\u00f6r v\u00e4ggen, f\u00f6r vardagsrum, sovrum, k\u00f6k, vintagebrun-svart LLS831B01<br \/>\nF\u00e4rg: Molnvit<br \/>\nMaterial: sp\u00e5nskiva, st\u00e5l<br \/>\nStorlek:<br \/>\nL\u00e5ngsida: 40 cm<br \/>\nKortsida: 29 cm<br \/>\nBredd: 14 cm<br \/>\nTjocklek: 1,2 cm<br \/>\nTotalvikt: 2 kg<br \/>\nMax. statisk belastningskapacitet per hylla: 5 kg<\/p>\n","protected":false},"excerpt":{"rendered":"<p>VASAGLE L-format h\u00f6rnhyllsystem, 2-pack, v\u00e4gghylla, industriell design, hyllor f\u00f6r v\u00e4ggen, f\u00f6r vardagsrum, sovrum, k\u00f6k, vintagebrun-svart LLS831B01<\/p>\n","protected":false},"featured_media":42915,"comment_status":"open","ping_status":"closed","template":"","meta":[],"product_brand":[],"product_cat":[33],"product_tag":[],"class_list":{"0":"post-15026","1":"product","2":"type-product","3":"status-publish","4":"has-post-thumbnail","6":"product_cat-okategoriserad","8":"first","9":"instock","10":"shipping-taxable","11":"purchasable","12":"product-type-simple"},"_links":{"self":[{"href":"https:\/\/nordicmart.andreevmaster.com\/sv\/wp-json\/wp\/v2\/product\/15026","targetHints":{"allow":["GET"]}}],"collection":[{"href":"https:\/\/nordicmart.andreevmaster.com\/sv\/wp-json\/wp\/v2\/product"}],"about":[{"href":"https:\/\/nordicmart.andreevmaster.com\/sv\/wp-json\/wp\/v2\/types\/product"}],"replies":[{"embeddable":true,"href":"https:\/\/nordicmart.andreevmaster.com\/sv\/wp-json\/wp\/v2\/comments?post=15026"}],"wp:featuredmedia":[{"embeddable":true,"href":"https:\/\/nordicmart.andreevmaster.com\/sv\/wp-json\/wp\/v2\/media\/42915"}],"wp:attachment":[{"href":"https:\/\/nordicmart.andreevmaster.com\/sv\/wp-json\/wp\/v2\/media?parent=15026"}],"wp:term":[{"taxonomy":"product_brand","embeddable":true,"href":"https:\/\/nordicmart.andreevmaster.com\/sv\/wp-json\/wp\/v2\/product_brand?post=15026"},{"taxonomy":"product_cat","embeddable":true,"href":"https:\/\/nordicmart.andreevmaster.com\/sv\/wp-json\/wp\/v2\/product_cat?post=15026"},{"taxonomy":"product_tag","embeddable":true,"href":"https:\/\/nordicmart.andreevmaster.com\/sv\/wp-json\/wp\/v2\/product_tag?post=15026"}],"curies":[{"name":"wp","href":"https:\/\/api.w.org\/{rel}","templated":true}]}}