{"id":15017,"date":"2026-02-27T00:24:30","date_gmt":"2026-02-27T00:24:30","guid":{"rendered":"https:\/\/nordicmart.andreevmaster.com\/product\/vasagle-hornhylla-med-5-hyllplan-och-sidopaneler-i-rotting-havregrynbeige\/"},"modified":"2026-02-27T08:16:15","modified_gmt":"2026-02-27T08:16:15","slug":"vasagle-hornhylla-med-5-hyllplan-och-sidopaneler-i-rotting-havregrynbeige","status":"publish","type":"product","link":"https:\/\/nordicmart.andreevmaster.com\/sv\/produkt\/vasagle-hornhylla-med-5-hyllplan-och-sidopaneler-i-rotting-havregrynbeige\/","title":{"rendered":"VASAGLE h\u00f6rnhylla med 5 hyllplan och sidopaneler i rotting, havregrynbeige"},"content":{"rendered":"<p>VASAGLE h\u00f6rnhylla med 5 hyllplan, bokhylla med sidopaneler i rotting, stativhylla, metallram, f\u00f6r vardagsrum, sovrum, arbetsrum, k\u00f6k, 31,9 x 31,9 x 156,4 cm<br \/>\nF\u00e4rg: Havregrynsbeige<br \/>\nMaterial: St\u00e5l, MDF (medeldensitetsfiberplatta), PP-rotting (polypropen)<br \/>\nStorlek: 31,9 x 31,9 x 156,4 cm (D x B x H)<br \/>\nVikt: 7,9 kg<br \/>\nMax. statisk belastningskapacitet per niv\u00e5: 10 kg<\/p>\n","protected":false},"excerpt":{"rendered":"<p>VASAGLE h\u00f6rnhylla med 5 hyllplan, bokhylla med sidopaneler i rotting, stativhylla, metallram, f\u00f6r vardagsrum, sovrum, arbetsrum, k\u00f6k, 31,9 x 31,9 x 156,4 cm<\/p>\n","protected":false},"featured_media":42906,"comment_status":"open","ping_status":"closed","template":"","meta":[],"product_brand":[],"product_cat":[33],"product_tag":[],"class_list":{"0":"post-15017","1":"product","2":"type-product","3":"status-publish","4":"has-post-thumbnail","6":"product_cat-okategoriserad","8":"first","9":"instock","10":"shipping-taxable","11":"purchasable","12":"product-type-simple"},"_links":{"self":[{"href":"https:\/\/nordicmart.andreevmaster.com\/sv\/wp-json\/wp\/v2\/product\/15017","targetHints":{"allow":["GET"]}}],"collection":[{"href":"https:\/\/nordicmart.andreevmaster.com\/sv\/wp-json\/wp\/v2\/product"}],"about":[{"href":"https:\/\/nordicmart.andreevmaster.com\/sv\/wp-json\/wp\/v2\/types\/product"}],"replies":[{"embeddable":true,"href":"https:\/\/nordicmart.andreevmaster.com\/sv\/wp-json\/wp\/v2\/comments?post=15017"}],"wp:featuredmedia":[{"embeddable":true,"href":"https:\/\/nordicmart.andreevmaster.com\/sv\/wp-json\/wp\/v2\/media\/42906"}],"wp:attachment":[{"href":"https:\/\/nordicmart.andreevmaster.com\/sv\/wp-json\/wp\/v2\/media?parent=15017"}],"wp:term":[{"taxonomy":"product_brand","embeddable":true,"href":"https:\/\/nordicmart.andreevmaster.com\/sv\/wp-json\/wp\/v2\/product_brand?post=15017"},{"taxonomy":"product_cat","embeddable":true,"href":"https:\/\/nordicmart.andreevmaster.com\/sv\/wp-json\/wp\/v2\/product_cat?post=15017"},{"taxonomy":"product_tag","embeddable":true,"href":"https:\/\/nordicmart.andreevmaster.com\/sv\/wp-json\/wp\/v2\/product_tag?post=15017"}],"curies":[{"name":"wp","href":"https:\/\/api.w.org\/{rel}","templated":true}]}}