{"id":15014,"date":"2026-02-27T00:24:29","date_gmt":"2026-02-27T00:24:29","guid":{"rendered":"https:\/\/nordicmart.andreevmaster.com\/product\/vasagle-hornhylla-med-5-hyllplan-i-zickzackform-havregrynbeige\/"},"modified":"2026-02-27T08:16:14","modified_gmt":"2026-02-27T08:16:14","slug":"vasagle-hornhylla-med-5-hyllplan-i-zickzackform-havregrynbeige","status":"publish","type":"product","link":"https:\/\/nordicmart.andreevmaster.com\/sv\/produkt\/vasagle-hornhylla-med-5-hyllplan-i-zickzackform-havregrynbeige\/","title":{"rendered":"VASAGLE h\u00f6rnhylla med 5 hyllplan i zickzackform havregrynbeige"},"content":{"rendered":"<p>VASAGLE h\u00f6rnhylla, v\u00e4gghylla med 5 hyllplan, sv\u00e4vande hylla, v\u00e4ggmonterad hylla, zickzackform, sidopaneler av PVC-rotting, platsbesparande, f\u00f6r k\u00f6k, sovrum, vardagsrum, boho-stil<br \/>\nF\u00e4rg: Havregrynsbeige<br \/>\nMaterial: sp\u00e5nskiva, PVC-plast (polyvinylklorid)<br \/>\nStorlek: 20 x 20 x 126 cm (D x B x H)<br \/>\nVikt: 3,2 kg<br \/>\nMax. statisk totalbelastning: 25 kg<\/p>\n","protected":false},"excerpt":{"rendered":"<p>VASAGLE h\u00f6rnhylla, v\u00e4gghylla med 5 hyllplan, sv\u00e4vande hylla, v\u00e4ggmonterad hylla, zickzackform, sidopaneler av PVC-rotting, platsbesparande, f\u00f6r k\u00f6k, sovrum, vardagsrum, boho-stil<\/p>\n","protected":false},"featured_media":42903,"comment_status":"open","ping_status":"closed","template":"","meta":[],"product_brand":[],"product_cat":[33],"product_tag":[],"class_list":{"0":"post-15014","1":"product","2":"type-product","3":"status-publish","4":"has-post-thumbnail","6":"product_cat-okategoriserad","8":"first","9":"instock","10":"shipping-taxable","11":"purchasable","12":"product-type-simple"},"_links":{"self":[{"href":"https:\/\/nordicmart.andreevmaster.com\/sv\/wp-json\/wp\/v2\/product\/15014","targetHints":{"allow":["GET"]}}],"collection":[{"href":"https:\/\/nordicmart.andreevmaster.com\/sv\/wp-json\/wp\/v2\/product"}],"about":[{"href":"https:\/\/nordicmart.andreevmaster.com\/sv\/wp-json\/wp\/v2\/types\/product"}],"replies":[{"embeddable":true,"href":"https:\/\/nordicmart.andreevmaster.com\/sv\/wp-json\/wp\/v2\/comments?post=15014"}],"wp:featuredmedia":[{"embeddable":true,"href":"https:\/\/nordicmart.andreevmaster.com\/sv\/wp-json\/wp\/v2\/media\/42903"}],"wp:attachment":[{"href":"https:\/\/nordicmart.andreevmaster.com\/sv\/wp-json\/wp\/v2\/media?parent=15014"}],"wp:term":[{"taxonomy":"product_brand","embeddable":true,"href":"https:\/\/nordicmart.andreevmaster.com\/sv\/wp-json\/wp\/v2\/product_brand?post=15014"},{"taxonomy":"product_cat","embeddable":true,"href":"https:\/\/nordicmart.andreevmaster.com\/sv\/wp-json\/wp\/v2\/product_cat?post=15014"},{"taxonomy":"product_tag","embeddable":true,"href":"https:\/\/nordicmart.andreevmaster.com\/sv\/wp-json\/wp\/v2\/product_tag?post=15014"}],"curies":[{"name":"wp","href":"https:\/\/api.w.org\/{rel}","templated":true}]}}