{"id":15010,"date":"2026-02-27T00:24:28","date_gmt":"2026-02-27T00:24:28","guid":{"rendered":"https:\/\/nordicmart.andreevmaster.com\/product\/vasagle-industriellt-designat-stativ-med-4-hyllplan\/"},"modified":"2026-02-27T08:16:13","modified_gmt":"2026-02-27T08:16:13","slug":"vasagle-industriellt-designat-stativ-med-4-hyllplan","status":"publish","type":"product","link":"https:\/\/nordicmart.andreevmaster.com\/sv\/produkt\/vasagle-industriellt-designat-stativ-med-4-hyllplan\/","title":{"rendered":"VASAGLE Industriellt designat stativ med 4 hyllplan"},"content":{"rendered":"<p>Produktdetaljer: &#8211; F\u00e4rg: Vintage\/m\u00f6rkbrun &#8211; Material: Sp\u00e5nskiva, j\u00e4rn &#8211; Storlek: 56 x 34 x 173 cm (L x B x H) &#8211; Vikt: 19,1 kg &#8211; Max. statisk belastningskapacitet per hyllplan: 5 kg Leveransomf\u00e5ng: &#8211; 1 x stegehylla &#8211; 1 x monterings tillbeh\u00f6r &#8211; 1 x instruktioner (DE, EN, ES, FR, IT) VASAGLE Anm\u00e4rkningar: &#8211; Denna produkt \u00e4r endast avsedd f\u00f6r inomhusbruk. Placera den i en torr milj\u00f6. &#8211; Den maximala statiska belastningen per hyllplan \u00e4r 5 kg. \u00d6verskrid inte denna maximala vikt.<\/p>\n","protected":false},"excerpt":{"rendered":"<p>VASAGLE Stativhylla, stegehylla, bokhylla med sk\u00e5p, vardagsrumshylla, 4 hyllplan, stabilt j\u00e4rnstativ, sovrum, kontor, 56 x 34 x 173 cm, industriell design, vintage, m\u00f6rkbrun LLS47BX<\/p>\n","protected":false},"featured_media":42899,"comment_status":"open","ping_status":"closed","template":"","meta":[],"product_brand":[],"product_cat":[33],"product_tag":[],"class_list":{"0":"post-15010","1":"product","2":"type-product","3":"status-publish","4":"has-post-thumbnail","6":"product_cat-okategoriserad","8":"first","9":"instock","10":"shipping-taxable","11":"purchasable","12":"product-type-simple"},"_links":{"self":[{"href":"https:\/\/nordicmart.andreevmaster.com\/sv\/wp-json\/wp\/v2\/product\/15010","targetHints":{"allow":["GET"]}}],"collection":[{"href":"https:\/\/nordicmart.andreevmaster.com\/sv\/wp-json\/wp\/v2\/product"}],"about":[{"href":"https:\/\/nordicmart.andreevmaster.com\/sv\/wp-json\/wp\/v2\/types\/product"}],"replies":[{"embeddable":true,"href":"https:\/\/nordicmart.andreevmaster.com\/sv\/wp-json\/wp\/v2\/comments?post=15010"}],"wp:featuredmedia":[{"embeddable":true,"href":"https:\/\/nordicmart.andreevmaster.com\/sv\/wp-json\/wp\/v2\/media\/42899"}],"wp:attachment":[{"href":"https:\/\/nordicmart.andreevmaster.com\/sv\/wp-json\/wp\/v2\/media?parent=15010"}],"wp:term":[{"taxonomy":"product_brand","embeddable":true,"href":"https:\/\/nordicmart.andreevmaster.com\/sv\/wp-json\/wp\/v2\/product_brand?post=15010"},{"taxonomy":"product_cat","embeddable":true,"href":"https:\/\/nordicmart.andreevmaster.com\/sv\/wp-json\/wp\/v2\/product_cat?post=15010"},{"taxonomy":"product_tag","embeddable":true,"href":"https:\/\/nordicmart.andreevmaster.com\/sv\/wp-json\/wp\/v2\/product_tag?post=15010"}],"curies":[{"name":"wp","href":"https:\/\/api.w.org\/{rel}","templated":true}]}}