{"id":15009,"date":"2026-02-27T00:24:28","date_gmt":"2026-02-27T00:24:28","guid":{"rendered":"https:\/\/nordicmart.andreevmaster.com\/product\/vasagle-industriestil-stegehylla-med-5-hyllplan\/"},"modified":"2026-02-27T08:16:13","modified_gmt":"2026-02-27T08:16:13","slug":"vasagle-industriestil-stegehylla-med-5-hyllplan","status":"publish","type":"product","link":"https:\/\/nordicmart.andreevmaster.com\/sv\/produkt\/vasagle-industriestil-stegehylla-med-5-hyllplan\/","title":{"rendered":"VASAGLE Industriestil Stegehylla med 5 hyllplan"},"content":{"rendered":"<p>Produktdetaljer: &#8211; F\u00e4rg: M\u00f6rkbrun\/vintage  &#8211; Material: Sp\u00e5nskiva, j\u00e4rn &#8211; Storlek: 64 x 34 x 186 cm (L x B x H) &#8211; Avst\u00e5nd mellan de enskilda hyllorna: 35 cm &#8211; Vikt: 12,8 kg &#8211; Max. statisk belastningskapacitet per hylla: 5 kgLeveransomfattning:- 1 x stege-hylla &#8211; 1 x beh\u00e5llare med tillbeh\u00f6r &#8211; 1 x bruksanvisning (DE, EN, FR, ES, IT) VASAGLE Anm\u00e4rkningar: &#8211; Produkten ska f\u00e4stas p\u00e5 v\u00e4ggen med den medf\u00f6ljande tippskyddet.<\/p>\n","protected":false},"excerpt":{"rendered":"<p>VASAGLE Skaffa denna stegehylla, visa upp dina inomhusv\u00e4xter, st\u00e4ll ut dina familjeportr\u00e4tt eller utnyttja det vertikala utrymmet&#8230; f\u00f6rvandla dina tomma v\u00e4ggar till ett insta-v\u00e4rt statement!<\/p>\n","protected":false},"featured_media":42898,"comment_status":"open","ping_status":"closed","template":"","meta":[],"product_brand":[],"product_cat":[33],"product_tag":[],"class_list":{"0":"post-15009","1":"product","2":"type-product","3":"status-publish","4":"has-post-thumbnail","6":"product_cat-okategoriserad","8":"first","9":"instock","10":"shipping-taxable","11":"purchasable","12":"product-type-simple"},"_links":{"self":[{"href":"https:\/\/nordicmart.andreevmaster.com\/sv\/wp-json\/wp\/v2\/product\/15009","targetHints":{"allow":["GET"]}}],"collection":[{"href":"https:\/\/nordicmart.andreevmaster.com\/sv\/wp-json\/wp\/v2\/product"}],"about":[{"href":"https:\/\/nordicmart.andreevmaster.com\/sv\/wp-json\/wp\/v2\/types\/product"}],"replies":[{"embeddable":true,"href":"https:\/\/nordicmart.andreevmaster.com\/sv\/wp-json\/wp\/v2\/comments?post=15009"}],"wp:featuredmedia":[{"embeddable":true,"href":"https:\/\/nordicmart.andreevmaster.com\/sv\/wp-json\/wp\/v2\/media\/42898"}],"wp:attachment":[{"href":"https:\/\/nordicmart.andreevmaster.com\/sv\/wp-json\/wp\/v2\/media?parent=15009"}],"wp:term":[{"taxonomy":"product_brand","embeddable":true,"href":"https:\/\/nordicmart.andreevmaster.com\/sv\/wp-json\/wp\/v2\/product_brand?post=15009"},{"taxonomy":"product_cat","embeddable":true,"href":"https:\/\/nordicmart.andreevmaster.com\/sv\/wp-json\/wp\/v2\/product_cat?post=15009"},{"taxonomy":"product_tag","embeddable":true,"href":"https:\/\/nordicmart.andreevmaster.com\/sv\/wp-json\/wp\/v2\/product_tag?post=15009"}],"curies":[{"name":"wp","href":"https:\/\/api.w.org\/{rel}","templated":true}]}}