{"id":15008,"date":"2026-02-27T00:24:28","date_gmt":"2026-02-27T00:24:28","guid":{"rendered":"https:\/\/nordicmart.andreevmaster.com\/product\/vasagle-industriellt-designat-stege-hyllsystem-med-5-hyllplan\/"},"modified":"2026-02-27T08:16:13","modified_gmt":"2026-02-27T08:16:13","slug":"vasagle-industriellt-designat-stege-hyllsystem-med-5-hyllplan","status":"publish","type":"product","link":"https:\/\/nordicmart.andreevmaster.com\/sv\/produkt\/vasagle-industriellt-designat-stege-hyllsystem-med-5-hyllplan\/","title":{"rendered":"VASAGLE Industriellt designat stege-hyllsystem med 5 hyllplan"},"content":{"rendered":"<p>Med sin attraktiva vintage-stil och funktionella design passar VASAGLE:s vintage-stege med 5 hyllplan in i alla rum och \u00e4r alltid en fr\u00f6jd f\u00f6r \u00f6gat.  St\u00e4ll den i vardagsrummet  Fyll hyllorna med i\u00f6gonfallande accessoarer och g\u00f6r stegen till mittpunkten i din bostad.  St\u00e4ll den i ditt kontor  F\u00f6rvara dina b\u00f6cker och dokument snyggt och alltid inom r\u00e4ckh\u00e5ll. St\u00e4ll den p\u00e5 din balkong Ge dina blommor och gr\u00f6na v\u00e4xter en plats i solen och skapa en oas av lugn. Du kan ocks\u00e5 anv\u00e4nda bokhyllan tillsammans med h\u00f6rnhyllan fr\u00e5n VASAGLE och p\u00e5 s\u00e5 s\u00e4tt skapa en perfekt kombination. S\u00f6k bara efter &#8221;VASAGLE &#8221; f\u00f6r att hitta m\u00e5nga fler passande m\u00f6bler. Produktdetaljer: -F\u00e4rg: Vintage -Material: Sp\u00e5nskiva, j\u00e4rnstativ -Storlek: 56 x 172 x 34 cm (B x H x D) -Vikt: 15,3 kg -B\u00e4rkraft per hylla: 5 kg Leveransomfattning:  &#8211; 1 x stegehylla &#8211; 1 x tillbeh\u00f6rsp\u00e5se &#8211; 1 x tippskydd &#8211; 1 x instruktioner (DE, EN, FR, ES, IT) VASAGLE Anm\u00e4rkningar: &#8211; Undvik att placera hyllan i en fuktig milj\u00f6 under en l\u00e4ngre tid. &#8211; Placera inte tunga f\u00f6rem\u00e5l p\u00e5 hyllan.<\/p>\n","protected":false},"excerpt":{"rendered":"<p>VASAGLE Vintage stativhyllor, bokhylla med 5 hyllplan, med metallram, enkel montering, f\u00f6r vardagsrum, sovrum, k\u00f6k, 56 x 172 x 34 cm (B x H x D) LLS45X, h\u00f6g<\/p>\n","protected":false},"featured_media":42897,"comment_status":"open","ping_status":"closed","template":"","meta":[],"product_brand":[],"product_cat":[33],"product_tag":[],"class_list":{"0":"post-15008","1":"product","2":"type-product","3":"status-publish","4":"has-post-thumbnail","6":"product_cat-okategoriserad","8":"first","9":"instock","10":"shipping-taxable","11":"purchasable","12":"product-type-simple"},"_links":{"self":[{"href":"https:\/\/nordicmart.andreevmaster.com\/sv\/wp-json\/wp\/v2\/product\/15008","targetHints":{"allow":["GET"]}}],"collection":[{"href":"https:\/\/nordicmart.andreevmaster.com\/sv\/wp-json\/wp\/v2\/product"}],"about":[{"href":"https:\/\/nordicmart.andreevmaster.com\/sv\/wp-json\/wp\/v2\/types\/product"}],"replies":[{"embeddable":true,"href":"https:\/\/nordicmart.andreevmaster.com\/sv\/wp-json\/wp\/v2\/comments?post=15008"}],"wp:featuredmedia":[{"embeddable":true,"href":"https:\/\/nordicmart.andreevmaster.com\/sv\/wp-json\/wp\/v2\/media\/42897"}],"wp:attachment":[{"href":"https:\/\/nordicmart.andreevmaster.com\/sv\/wp-json\/wp\/v2\/media?parent=15008"}],"wp:term":[{"taxonomy":"product_brand","embeddable":true,"href":"https:\/\/nordicmart.andreevmaster.com\/sv\/wp-json\/wp\/v2\/product_brand?post=15008"},{"taxonomy":"product_cat","embeddable":true,"href":"https:\/\/nordicmart.andreevmaster.com\/sv\/wp-json\/wp\/v2\/product_cat?post=15008"},{"taxonomy":"product_tag","embeddable":true,"href":"https:\/\/nordicmart.andreevmaster.com\/sv\/wp-json\/wp\/v2\/product_tag?post=15008"}],"curies":[{"name":"wp","href":"https:\/\/api.w.org\/{rel}","templated":true}]}}