{"id":15007,"date":"2026-02-27T00:24:27","date_gmt":"2026-02-27T00:24:27","guid":{"rendered":"https:\/\/nordicmart.andreevmaster.com\/product\/vasagle-industriellt-designat-stegehyllor-med-4-hyllplan\/"},"modified":"2026-02-27T08:16:13","modified_gmt":"2026-02-27T08:16:13","slug":"vasagle-industriellt-designat-stegehyllor-med-4-hyllplan","status":"publish","type":"product","link":"https:\/\/nordicmart.andreevmaster.com\/sv\/produkt\/vasagle-industriellt-designat-stegehyllor-med-4-hyllplan\/","title":{"rendered":"VASAGLE Industriellt designat stegehyllor med 4 hyllplan"},"content":{"rendered":"<p>VASAGLE \u2013 st\u00e5r f\u00f6r en fantasifull kombination av funktionalitet, t\u00e5lighet och stilfulla vintage-design. Om du vill ge dina rum en individuell touch och en antik pr\u00e4gel kan du uppn\u00e5 imponerande effekter med denna m\u00f6belserie. Vintage-stativhylla med j\u00e4rninslag  Denna hylla \u00e4r inte bara ett riktigt tillskott f\u00f6r \u00e4lskare av den romantiska vintage-stilen. \u00c4ven fans av den trendiga industridesignen kan f\u00f6rsk\u00f6na sin bostad med denna m\u00f6bel, eftersom stativet \u00e4r tillverkat av matt svart j\u00e4rn. En tidl\u00f6s stilblandning f\u00f6r ditt vardagsrum, sovrum eller hall. Titta bakom fasaden  En m\u00f6bel har ingen nytta av sitt vackra utseende om den saknar funktionalitet. D\u00e4rf\u00f6r har v\u00e5r hylla fyra hyllplan som smalnar av upp\u00e5t. De har en belastningskapacitet p\u00e5 5 kg vardera och erbjuder plats f\u00f6r v\u00e4xter, b\u00f6cker, f\u00f6rvaringsl\u00e5dor eller andra f\u00f6rem\u00e5l.  Komplettera din inredning med vintage-m\u00f6bler fr\u00e5n VASAGLE! Produktdetaljer: F\u00e4rg: Vintagebrun-svart Material: Sp\u00e5nskiva, st\u00e5l Storlek: 34 x 56 x 137,5 cm (D x B x H)Vikt: 11,5 kgMax. statisk belastningskapacitet per hylla: 5 kgLeveransomfattning:1 x stege-hylla1 x tillbeh\u00f6rspaket1 x tippskydd1 x instruktionerVASAGLE Anm\u00e4rkningar:Produkten b\u00f6r inte uts\u00e4ttas f\u00f6r direkt solljus.H\u00e5ll produkten borta fr\u00e5n vassa f\u00f6rem\u00e5l f\u00f6r att undvika skador.<\/p>\n","protected":false},"excerpt":{"rendered":"<p>VASAGLE St\u00e4llhylla, bokhylla, 4 niv\u00e5er, stege, metall, enkel montering, stabil, f\u00f6r vardagsrum, sovrum, k\u00f6k, vintagebrun-svart LLS44X<\/p>\n","protected":false},"featured_media":42896,"comment_status":"open","ping_status":"closed","template":"","meta":[],"product_brand":[],"product_cat":[33],"product_tag":[],"class_list":{"0":"post-15007","1":"product","2":"type-product","3":"status-publish","4":"has-post-thumbnail","6":"product_cat-okategoriserad","8":"first","9":"instock","10":"shipping-taxable","11":"purchasable","12":"product-type-simple"},"_links":{"self":[{"href":"https:\/\/nordicmart.andreevmaster.com\/sv\/wp-json\/wp\/v2\/product\/15007","targetHints":{"allow":["GET"]}}],"collection":[{"href":"https:\/\/nordicmart.andreevmaster.com\/sv\/wp-json\/wp\/v2\/product"}],"about":[{"href":"https:\/\/nordicmart.andreevmaster.com\/sv\/wp-json\/wp\/v2\/types\/product"}],"replies":[{"embeddable":true,"href":"https:\/\/nordicmart.andreevmaster.com\/sv\/wp-json\/wp\/v2\/comments?post=15007"}],"wp:featuredmedia":[{"embeddable":true,"href":"https:\/\/nordicmart.andreevmaster.com\/sv\/wp-json\/wp\/v2\/media\/42896"}],"wp:attachment":[{"href":"https:\/\/nordicmart.andreevmaster.com\/sv\/wp-json\/wp\/v2\/media?parent=15007"}],"wp:term":[{"taxonomy":"product_brand","embeddable":true,"href":"https:\/\/nordicmart.andreevmaster.com\/sv\/wp-json\/wp\/v2\/product_brand?post=15007"},{"taxonomy":"product_cat","embeddable":true,"href":"https:\/\/nordicmart.andreevmaster.com\/sv\/wp-json\/wp\/v2\/product_cat?post=15007"},{"taxonomy":"product_tag","embeddable":true,"href":"https:\/\/nordicmart.andreevmaster.com\/sv\/wp-json\/wp\/v2\/product_tag?post=15007"}],"curies":[{"name":"wp","href":"https:\/\/api.w.org\/{rel}","templated":true}]}}