{"id":15006,"date":"2026-02-27T00:24:27","date_gmt":"2026-02-27T00:24:27","guid":{"rendered":"https:\/\/nordicmart.andreevmaster.com\/product\/vasagle-industridesignad-stege-med-4-hyllplan\/"},"modified":"2026-02-27T08:16:12","modified_gmt":"2026-02-27T08:16:12","slug":"vasagle-industridesignad-stege-med-4-hyllplan","status":"publish","type":"product","link":"https:\/\/nordicmart.andreevmaster.com\/sv\/produkt\/vasagle-industridesignad-stege-med-4-hyllplan\/","title":{"rendered":"VASAGLE Industridesignad stege med 4 hyllplan"},"content":{"rendered":"<p>Sned men \u00e4nd\u00e5 rak Stegehyllan lutar visserligen mot v\u00e4ggen. De upp\u00e5t smalnande hyllplan har dock ingen lutningsvinkel. Du kan allts\u00e5 tryggt placera blommor och b\u00f6cker p\u00e5 dem eller anv\u00e4nda stegehyllan i k\u00f6ket f\u00f6r att f\u00f6rvara livsmedel. I ditt kontor eller arbetsrum hj\u00e4lper den platsbesparande bokhyllan i m\u00f6rkbrunt till med f\u00f6rvaringen. I vilket rum saknas det fortfarande f\u00f6rvaringsutrymme? Eller \u00e4r det den originella formen p\u00e5 stege-hyllan som lockar dig? L\u00e4gg upp ett foto av ditt nya k\u00f6p i kommentarerna och visa oss dina id\u00e9er. Produktdetaljer: &#8211; F\u00e4rg: Vintagebrun-svart &#8211; Material: Sp\u00e5nskiva, j\u00e4rnstativ &#8211; Storlek: 64 x 35 x 150  cm (L x B x H) &#8211; Avst\u00e5nd mellan de enskilda hyllplan: 33,1 cm &#8211; Vikt: 11 kg &#8211; Max. statisk belastningskapacitet: 40 kg Leveransomfattning: &#8211; 1 x stegehylla &#8211; 1 x tillbeh\u00f6rsp\u00e5se &#8211; 1 x bruksanvisning (DE, EN, FR, ES, IT)<\/p>\n","protected":false},"excerpt":{"rendered":"<p>VASAGLE St\u00e4llningshylla, stege, v\u00e4gghylla med 4 niv\u00e5er, bokhylla, till\u00e4ggshylla, vardagsrum, k\u00f6k, kontor, j\u00e4rn, stabil, lutande, lutar mot v\u00e4ggen, industriell design, vintagebrun-svart LLS43BX<\/p>\n","protected":false},"featured_media":42895,"comment_status":"open","ping_status":"closed","template":"","meta":[],"product_brand":[],"product_cat":[33],"product_tag":[],"class_list":{"0":"post-15006","1":"product","2":"type-product","3":"status-publish","4":"has-post-thumbnail","6":"product_cat-okategoriserad","8":"first","9":"instock","10":"shipping-taxable","11":"purchasable","12":"product-type-simple"},"_links":{"self":[{"href":"https:\/\/nordicmart.andreevmaster.com\/sv\/wp-json\/wp\/v2\/product\/15006","targetHints":{"allow":["GET"]}}],"collection":[{"href":"https:\/\/nordicmart.andreevmaster.com\/sv\/wp-json\/wp\/v2\/product"}],"about":[{"href":"https:\/\/nordicmart.andreevmaster.com\/sv\/wp-json\/wp\/v2\/types\/product"}],"replies":[{"embeddable":true,"href":"https:\/\/nordicmart.andreevmaster.com\/sv\/wp-json\/wp\/v2\/comments?post=15006"}],"wp:featuredmedia":[{"embeddable":true,"href":"https:\/\/nordicmart.andreevmaster.com\/sv\/wp-json\/wp\/v2\/media\/42895"}],"wp:attachment":[{"href":"https:\/\/nordicmart.andreevmaster.com\/sv\/wp-json\/wp\/v2\/media?parent=15006"}],"wp:term":[{"taxonomy":"product_brand","embeddable":true,"href":"https:\/\/nordicmart.andreevmaster.com\/sv\/wp-json\/wp\/v2\/product_brand?post=15006"},{"taxonomy":"product_cat","embeddable":true,"href":"https:\/\/nordicmart.andreevmaster.com\/sv\/wp-json\/wp\/v2\/product_cat?post=15006"},{"taxonomy":"product_tag","embeddable":true,"href":"https:\/\/nordicmart.andreevmaster.com\/sv\/wp-json\/wp\/v2\/product_tag?post=15006"}],"curies":[{"name":"wp","href":"https:\/\/api.w.org\/{rel}","templated":true}]}}