{"id":15005,"date":"2026-02-27T00:24:27","date_gmt":"2026-02-27T00:24:27","guid":{"rendered":"https:\/\/nordicmart.andreevmaster.com\/product\/vasagle-hornhylla-i-industriell-design-med-5-hyllplan\/"},"modified":"2026-02-27T08:16:12","modified_gmt":"2026-02-27T08:16:12","slug":"vasagle-hornhylla-i-industriell-design-med-5-hyllplan","status":"publish","type":"product","link":"https:\/\/nordicmart.andreevmaster.com\/sv\/produkt\/vasagle-hornhylla-i-industriell-design-med-5-hyllplan\/","title":{"rendered":"VASAGLE h\u00f6rnhylla i industriell design med 5 hyllplan"},"content":{"rendered":"<p>Med sin attraktiva vintage-stil och funktionella design passar det vintage h\u00f6rnst\u00e4llet med 5 hyllplan fr\u00e5n VASAGLE in i alla rum och \u00e4r alltid en riktig fr\u00f6jd f\u00f6r \u00f6gat.  St\u00e4ll det i vardagsrummet Fyll hyllplanet med i\u00f6gonfallande accessoarer och g\u00f6r stegenst\u00e4llet till mittpunkten i din bostad. St\u00e4ll det i ditt kontor F\u00f6rvara dina b\u00f6cker och dokument snyggt och alltid inom r\u00e4ckh\u00e5ll. St\u00e4ll den p\u00e5 din balkong Ge dina blommor och gr\u00f6na v\u00e4xter en plats i solen och skapa en oas av lugn. Du kan ocks\u00e5 anv\u00e4nda h\u00f6rnhyllan tillsammans med stege-hyllan fr\u00e5n VASAGLE och p\u00e5 s\u00e5 s\u00e4tt skapa en perfekt kombination. S\u00f6k bara efter &#8221;VASAGLE&#8221; s\u00e5 hittar du m\u00e5nga fler passande m\u00f6bler. Produktdetaljer: -F\u00e4rg: Vintage -Material: Sp\u00e5nskiva, j\u00e4rnstativ -Storlek: 32,5 x 159 x 34 cm (B x H x D) -Vikt: 7,8 kg -B\u00e4rkraft per hylla: 5 kg Leveransomfattning:  &#8211; 1 x h\u00f6rnhylla &#8211; 1 x tillbeh\u00f6rsp\u00e5se &#8211; 1 x tippskydd &#8211; 1 x instruktioner (DE, EN, FR, ES, IT) VASAGLE Anm\u00e4rkningar: &#8211; Undvik att placera hyllan i en fuktig milj\u00f6 under en l\u00e4ngre tid. &#8211; Placera inga tunga f\u00f6rem\u00e5l p\u00e5 hyllan. &#8211; Vi rekommenderar att du placerar hyllan i ett h\u00f6rn.<\/p>\n","protected":false},"excerpt":{"rendered":"<p>VASAGLE h\u00f6rnhylla, bokhylla med 5 hyllplan i industriell design, stege med metallram, f\u00f6r vardagsrum, kontor, vintage LLS35X<\/p>\n","protected":false},"featured_media":0,"comment_status":"open","ping_status":"closed","template":"","meta":[],"product_brand":[],"product_cat":[33],"product_tag":[],"class_list":{"0":"post-15005","1":"product","2":"type-product","3":"status-publish","5":"product_cat-okategoriserad","7":"first","8":"instock","9":"shipping-taxable","10":"purchasable","11":"product-type-simple"},"_links":{"self":[{"href":"https:\/\/nordicmart.andreevmaster.com\/sv\/wp-json\/wp\/v2\/product\/15005","targetHints":{"allow":["GET"]}}],"collection":[{"href":"https:\/\/nordicmart.andreevmaster.com\/sv\/wp-json\/wp\/v2\/product"}],"about":[{"href":"https:\/\/nordicmart.andreevmaster.com\/sv\/wp-json\/wp\/v2\/types\/product"}],"replies":[{"embeddable":true,"href":"https:\/\/nordicmart.andreevmaster.com\/sv\/wp-json\/wp\/v2\/comments?post=15005"}],"wp:attachment":[{"href":"https:\/\/nordicmart.andreevmaster.com\/sv\/wp-json\/wp\/v2\/media?parent=15005"}],"wp:term":[{"taxonomy":"product_brand","embeddable":true,"href":"https:\/\/nordicmart.andreevmaster.com\/sv\/wp-json\/wp\/v2\/product_brand?post=15005"},{"taxonomy":"product_cat","embeddable":true,"href":"https:\/\/nordicmart.andreevmaster.com\/sv\/wp-json\/wp\/v2\/product_cat?post=15005"},{"taxonomy":"product_tag","embeddable":true,"href":"https:\/\/nordicmart.andreevmaster.com\/sv\/wp-json\/wp\/v2\/product_tag?post=15005"}],"curies":[{"name":"wp","href":"https:\/\/api.w.org\/{rel}","templated":true}]}}