{"id":15004,"date":"2026-02-27T00:24:27","date_gmt":"2026-02-27T00:24:27","guid":{"rendered":"https:\/\/nordicmart.andreevmaster.com\/product\/vasagle-hornhylla-i-industriell-design-med-4-hyllplan\/"},"modified":"2026-02-27T08:16:12","modified_gmt":"2026-02-27T08:16:12","slug":"vasagle-hornhylla-i-industriell-design-med-4-hyllplan","status":"publish","type":"product","link":"https:\/\/nordicmart.andreevmaster.com\/sv\/produkt\/vasagle-hornhylla-i-industriell-design-med-4-hyllplan\/","title":{"rendered":"VASAGLE h\u00f6rnhylla i industriell design med 4 hyllplan"},"content":{"rendered":"<p>Om du beh\u00f6ver mer utrymme och vill utnyttja h\u00f6rnet i ditt hem p\u00e5 ett smart s\u00e4tt b\u00f6r du anv\u00e4nda denna stegehylla. Den kombinerar charmen hos klassisk och modern m\u00f6belstil.  Anv\u00e4nd den i vardagsrummet Fyll hyllan med i\u00f6gonfallande prydnadssaker s\u00e5 kommer den garanterat att bli ett blickf\u00e5ng i ditt hem.  St\u00e4ll det i ditt arbetsrum, kontor eller hemmakontor St\u00e4ll dina b\u00f6cker i hyllan och l\u00e4gg dokument d\u00e4r s\u00e5 att du har dem n\u00e4ra till hands. Anv\u00e4nd det i badrummet Organisera dina handdukar, toalettartiklar, toalettpappersrullar och mycket mer. St\u00e4ll det p\u00e5 balkongen Visa stolt upp dina v\u00e4xter, akvarium och mer medan du dekorerar en avkopplande h\u00f6rna.  V\u00e4lj denna h\u00f6rnhylla fr\u00e5n VASAGLE och \u00f6ka ditt f\u00f6rvaringsutrymme samtidigt som du tillf\u00f6r ett vackert och funktionellt m\u00f6bel till ditt hem! Produktdetaljer: &#8211; F\u00e4rg: Vintagebrun-svart &#8211; Material: Sp\u00e5nskiva, st\u00e5l &#8211; M\u00e5tt: 34 x 125 x 34 cm (B x H x D) &#8211; Vikt: 6,87 kg &#8211; Max. statisk belastningskapacitet per hylla: 5 kg Leveransomfattning: &#8211; 1 x h\u00f6rnhylla &#8211; 1 x tillbeh\u00f6rsset &#8211; 1 x bruksanvisning (DE, EN, FR, ES, IT) VASAGLE Anm\u00e4rkningar: &#8211; Undvik direkt solljus. &#8211; Undvik kontakt med vassa och skarpa f\u00f6rem\u00e5l som knivar f\u00f6r att undvika skador p\u00e5 ytan.<\/p>\n","protected":false},"excerpt":{"rendered":"<p>VASAGLE h\u00f6rnhylla, stativhylla, bokhylla, stege med 4 hyllplan, enkel montering, stabil st\u00e5lram, vardagsrum, sovrum, balkong, industriell design, vintagebrun-svart LLS34X<\/p>\n","protected":false},"featured_media":42894,"comment_status":"open","ping_status":"closed","template":"","meta":[],"product_brand":[],"product_cat":[33],"product_tag":[],"class_list":{"0":"post-15004","1":"product","2":"type-product","3":"status-publish","4":"has-post-thumbnail","6":"product_cat-okategoriserad","8":"first","9":"instock","10":"shipping-taxable","11":"purchasable","12":"product-type-simple"},"_links":{"self":[{"href":"https:\/\/nordicmart.andreevmaster.com\/sv\/wp-json\/wp\/v2\/product\/15004","targetHints":{"allow":["GET"]}}],"collection":[{"href":"https:\/\/nordicmart.andreevmaster.com\/sv\/wp-json\/wp\/v2\/product"}],"about":[{"href":"https:\/\/nordicmart.andreevmaster.com\/sv\/wp-json\/wp\/v2\/types\/product"}],"replies":[{"embeddable":true,"href":"https:\/\/nordicmart.andreevmaster.com\/sv\/wp-json\/wp\/v2\/comments?post=15004"}],"wp:featuredmedia":[{"embeddable":true,"href":"https:\/\/nordicmart.andreevmaster.com\/sv\/wp-json\/wp\/v2\/media\/42894"}],"wp:attachment":[{"href":"https:\/\/nordicmart.andreevmaster.com\/sv\/wp-json\/wp\/v2\/media?parent=15004"}],"wp:term":[{"taxonomy":"product_brand","embeddable":true,"href":"https:\/\/nordicmart.andreevmaster.com\/sv\/wp-json\/wp\/v2\/product_brand?post=15004"},{"taxonomy":"product_cat","embeddable":true,"href":"https:\/\/nordicmart.andreevmaster.com\/sv\/wp-json\/wp\/v2\/product_cat?post=15004"},{"taxonomy":"product_tag","embeddable":true,"href":"https:\/\/nordicmart.andreevmaster.com\/sv\/wp-json\/wp\/v2\/product_tag?post=15004"}],"curies":[{"name":"wp","href":"https:\/\/api.w.org\/{rel}","templated":true}]}}