{"id":15002,"date":"2026-02-27T00:24:26","date_gmt":"2026-02-27T00:24:26","guid":{"rendered":"https:\/\/nordicmart.andreevmaster.com\/product\/vasagle-stege-med-5-hyllplan-i-mattvit-naturfarg\/"},"modified":"2026-02-27T08:16:11","modified_gmt":"2026-02-27T08:16:11","slug":"vasagle-stege-med-5-hyllplan-i-mattvit-naturfarg","status":"publish","type":"product","link":"https:\/\/nordicmart.andreevmaster.com\/sv\/produkt\/vasagle-stege-med-5-hyllplan-i-mattvit-naturfarg\/","title":{"rendered":"VASAGLE stege med 5 hyllplan i mattvit-naturf\u00e4rg"},"content":{"rendered":"<p>Ett hyllsystem, m\u00e5nga m\u00f6jligheter: En av de fantastiska sakerna med detta m\u00e5ngsidiga hyllsystem \u00e4r att det kan vara precis vad du vill \u2013 det \u00e4r multifunktionellt. Anv\u00e4nd det som utst\u00e4llningshylla f\u00f6r dekorationer, i k\u00f6ket f\u00f6r kryddor och sk\u00e5lar eller i badrummet f\u00f6r hygienartiklar och handdukar. F\u00f6r sm\u00e5 utrymmen: Tack vare den smala formen och den enkla designen utnyttjas det vertikala utrymmet optimalt. St\u00e4ll den helt enkelt i ett tomt h\u00f6rn! Produktdetaljer: F\u00e4rg: Mattvit-naturf\u00e4rger Material: MDF (medeldensitetsfiberplatta), furu Storlek: 60 x 35 x 171 cm (L x B x H) Vikt: 8,6 kg Max. statisk belastningskapacitet per niv\u00e5: 5 kg Leveransomfattning: 1 x stegehylla 1 x tillbeh\u00f6rspaket 1 x tippskydd 1 x instruktioner (DE, EN, ES, FR, IT) VASAGLE Anm\u00e4rkningar:F\u00e4st denna produkt p\u00e5 v\u00e4ggen med det medf\u00f6ljande tippskyddet. Av s\u00e4kerhetssk\u00e4l \u00e4r det f\u00f6rbjudet f\u00f6r barn att kl\u00e4ttra p\u00e5 eller leka med produkten.<\/p>\n","protected":false},"excerpt":{"rendered":"<p>VASAGLE Stegehylla, stativhylla med 5 niv\u00e5er, bokhylla, f\u00f6r vardagsrum, k\u00f6k, kontor, massivt tr\u00e4st\u00e4ll, enkel montering, lutas mot v\u00e4ggen, mattvit-naturf\u00e4rgad LLS201N01<\/p>\n","protected":false},"featured_media":42892,"comment_status":"open","ping_status":"closed","template":"","meta":[],"product_brand":[],"product_cat":[33],"product_tag":[],"class_list":{"0":"post-15002","1":"product","2":"type-product","3":"status-publish","4":"has-post-thumbnail","6":"product_cat-okategoriserad","8":"first","9":"instock","10":"shipping-taxable","11":"purchasable","12":"product-type-simple"},"_links":{"self":[{"href":"https:\/\/nordicmart.andreevmaster.com\/sv\/wp-json\/wp\/v2\/product\/15002","targetHints":{"allow":["GET"]}}],"collection":[{"href":"https:\/\/nordicmart.andreevmaster.com\/sv\/wp-json\/wp\/v2\/product"}],"about":[{"href":"https:\/\/nordicmart.andreevmaster.com\/sv\/wp-json\/wp\/v2\/types\/product"}],"replies":[{"embeddable":true,"href":"https:\/\/nordicmart.andreevmaster.com\/sv\/wp-json\/wp\/v2\/comments?post=15002"}],"wp:featuredmedia":[{"embeddable":true,"href":"https:\/\/nordicmart.andreevmaster.com\/sv\/wp-json\/wp\/v2\/media\/42892"}],"wp:attachment":[{"href":"https:\/\/nordicmart.andreevmaster.com\/sv\/wp-json\/wp\/v2\/media?parent=15002"}],"wp:term":[{"taxonomy":"product_brand","embeddable":true,"href":"https:\/\/nordicmart.andreevmaster.com\/sv\/wp-json\/wp\/v2\/product_brand?post=15002"},{"taxonomy":"product_cat","embeddable":true,"href":"https:\/\/nordicmart.andreevmaster.com\/sv\/wp-json\/wp\/v2\/product_cat?post=15002"},{"taxonomy":"product_tag","embeddable":true,"href":"https:\/\/nordicmart.andreevmaster.com\/sv\/wp-json\/wp\/v2\/product_tag?post=15002"}],"curies":[{"name":"wp","href":"https:\/\/api.w.org\/{rel}","templated":true}]}}