{"id":15001,"date":"2026-02-27T00:24:26","date_gmt":"2026-02-27T00:24:26","guid":{"rendered":"https:\/\/nordicmart.andreevmaster.com\/product\/vasagle-stallning-mattvit\/"},"modified":"2026-02-27T08:16:11","modified_gmt":"2026-02-27T08:16:11","slug":"vasagle-stallning-mattvit","status":"publish","type":"product","link":"https:\/\/nordicmart.andreevmaster.com\/sv\/produkt\/vasagle-stallning-mattvit\/","title":{"rendered":"VASAGLE St\u00e4llning mattvit"},"content":{"rendered":"<p>Ett stativ, m\u00e5nga m\u00f6jligheter En av de fantastiska sakerna med detta m\u00e5ngsidiga stativ \u00e4r att det kan vara precis vad du vill \u2013 det \u00e4r multifunktionellt. Anv\u00e4nd det som utst\u00e4llningsst\u00e4ll f\u00f6r dekorationer, i k\u00f6ket f\u00f6r kryddor och sk\u00e5lar eller i badrummet f\u00f6r hygienartiklar och handdukar. F\u00f6r sm\u00e5 utrymmen Tack vare den smala formen och den enkla designen utnyttjas det vertikala utrymmet optimalt. St\u00e4ll den helt enkelt i ett tomt h\u00f6rn! Produktdetaljer: &#8211; F\u00e4rg: Mattvit &#8211; Material: MDF (medeldensitetsfiberplatta), furu &#8211; Storlek: 56 x 34 x 137,5 cm (L x B x H) &#8211; Vikt: 8,4 kg &#8211; Max. statisk belastningskapacitet per niv\u00e5: 5 kg Leveransomfattning:- 1 x stativhylla &#8211; 1 x tillbeh\u00f6rspaket &#8211; 1 x tippskydd &#8211; 1 x bruksanvisning (DE, EN, ES, FR, IT) VASAGLE Anm\u00e4rkningar: &#8211; F\u00e4st denna produkt p\u00e5 v\u00e4ggen med det medf\u00f6ljande tippskyddet. &#8211; Av s\u00e4kerhetssk\u00e4l \u00e4r det f\u00f6rbjudet f\u00f6r barn att kl\u00e4ttra p\u00e5 eller leka med produkten.<\/p>\n","protected":false},"excerpt":{"rendered":"<p>VASAGLE St\u00e4llningshylla, stege med 4 hyllplan, bokhylla, till\u00e4ggshylla, f\u00f6r vardagsrum, sovrum, k\u00f6k, kontor, mattvit LLS200W01<\/p>\n","protected":false},"featured_media":42891,"comment_status":"open","ping_status":"closed","template":"","meta":[],"product_brand":[],"product_cat":[33],"product_tag":[],"class_list":{"0":"post-15001","1":"product","2":"type-product","3":"status-publish","4":"has-post-thumbnail","6":"product_cat-okategoriserad","8":"first","9":"instock","10":"shipping-taxable","11":"purchasable","12":"product-type-simple"},"_links":{"self":[{"href":"https:\/\/nordicmart.andreevmaster.com\/sv\/wp-json\/wp\/v2\/product\/15001","targetHints":{"allow":["GET"]}}],"collection":[{"href":"https:\/\/nordicmart.andreevmaster.com\/sv\/wp-json\/wp\/v2\/product"}],"about":[{"href":"https:\/\/nordicmart.andreevmaster.com\/sv\/wp-json\/wp\/v2\/types\/product"}],"replies":[{"embeddable":true,"href":"https:\/\/nordicmart.andreevmaster.com\/sv\/wp-json\/wp\/v2\/comments?post=15001"}],"wp:featuredmedia":[{"embeddable":true,"href":"https:\/\/nordicmart.andreevmaster.com\/sv\/wp-json\/wp\/v2\/media\/42891"}],"wp:attachment":[{"href":"https:\/\/nordicmart.andreevmaster.com\/sv\/wp-json\/wp\/v2\/media?parent=15001"}],"wp:term":[{"taxonomy":"product_brand","embeddable":true,"href":"https:\/\/nordicmart.andreevmaster.com\/sv\/wp-json\/wp\/v2\/product_brand?post=15001"},{"taxonomy":"product_cat","embeddable":true,"href":"https:\/\/nordicmart.andreevmaster.com\/sv\/wp-json\/wp\/v2\/product_cat?post=15001"},{"taxonomy":"product_tag","embeddable":true,"href":"https:\/\/nordicmart.andreevmaster.com\/sv\/wp-json\/wp\/v2\/product_tag?post=15001"}],"curies":[{"name":"wp","href":"https:\/\/api.w.org\/{rel}","templated":true}]}}