{"id":14998,"date":"2026-02-27T00:24:25","date_gmt":"2026-02-27T00:24:25","guid":{"rendered":"https:\/\/nordicmart.andreevmaster.com\/product\/vasagle-bokhylla-med-5-hyllplan-och-s-krokar\/"},"modified":"2026-02-27T08:16:11","modified_gmt":"2026-02-27T08:16:11","slug":"vasagle-bokhylla-med-5-hyllplan-och-s-krokar","status":"publish","type":"product","link":"https:\/\/nordicmart.andreevmaster.com\/sv\/produkt\/vasagle-bokhylla-med-5-hyllplan-och-s-krokar\/","title":{"rendered":"VASAGLE bokhylla med 5 hyllplan och S-krokar"},"content":{"rendered":"<p>VASAGLE bokhylla, kontorshylla, k\u00f6kshylla, stativhylla med 4 hyllplan, 4 S-krokar ing\u00e5r, kontor, vardagsrum, hemmakontor, stabil st\u00e5lram, industridesign, vintagebrun-svart LBC023B01<br \/>\nF\u00e4rg: Vintagebrun-bl\u00e4ck svart<br \/>\nMaterial: sp\u00e5nskiva, st\u00e5l<br \/>\nStorlek: 30 x 40 x 175,6 cm (D x B x H)<br \/>\nVikt: 12,5 kg<br \/>\nMax. statisk belastningskapacitet per hyllplan: 10 kg<br \/>\nMax. statisk totalbelastning: 60 kg<\/p>\n","protected":false},"excerpt":{"rendered":"<p>VASAGLE bokhylla, kontorshylla, k\u00f6kshylla, stativhylla med 4 hyllplan, 4 S-krokar ing\u00e5r, kontor, vardagsrum, hemmakontor, stabil st\u00e5lram, industridesign, vintagebrun-svart LBC023B01<\/p>\n","protected":false},"featured_media":42888,"comment_status":"open","ping_status":"closed","template":"","meta":[],"product_brand":[],"product_cat":[33],"product_tag":[],"class_list":{"0":"post-14998","1":"product","2":"type-product","3":"status-publish","4":"has-post-thumbnail","6":"product_cat-okategoriserad","8":"first","9":"instock","10":"shipping-taxable","11":"purchasable","12":"product-type-simple"},"_links":{"self":[{"href":"https:\/\/nordicmart.andreevmaster.com\/sv\/wp-json\/wp\/v2\/product\/14998","targetHints":{"allow":["GET"]}}],"collection":[{"href":"https:\/\/nordicmart.andreevmaster.com\/sv\/wp-json\/wp\/v2\/product"}],"about":[{"href":"https:\/\/nordicmart.andreevmaster.com\/sv\/wp-json\/wp\/v2\/types\/product"}],"replies":[{"embeddable":true,"href":"https:\/\/nordicmart.andreevmaster.com\/sv\/wp-json\/wp\/v2\/comments?post=14998"}],"wp:featuredmedia":[{"embeddable":true,"href":"https:\/\/nordicmart.andreevmaster.com\/sv\/wp-json\/wp\/v2\/media\/42888"}],"wp:attachment":[{"href":"https:\/\/nordicmart.andreevmaster.com\/sv\/wp-json\/wp\/v2\/media?parent=14998"}],"wp:term":[{"taxonomy":"product_brand","embeddable":true,"href":"https:\/\/nordicmart.andreevmaster.com\/sv\/wp-json\/wp\/v2\/product_brand?post=14998"},{"taxonomy":"product_cat","embeddable":true,"href":"https:\/\/nordicmart.andreevmaster.com\/sv\/wp-json\/wp\/v2\/product_cat?post=14998"},{"taxonomy":"product_tag","embeddable":true,"href":"https:\/\/nordicmart.andreevmaster.com\/sv\/wp-json\/wp\/v2\/product_tag?post=14998"}],"curies":[{"name":"wp","href":"https:\/\/api.w.org\/{rel}","templated":true}]}}