{"id":14987,"date":"2026-02-27T00:24:22","date_gmt":"2026-02-27T00:24:22","guid":{"rendered":"https:\/\/nordicmart.andreevmaster.com\/product\/vasagle-stativhylla-med-verktygsfri-montering-och-fem-hyllplan\/"},"modified":"2026-02-27T08:16:08","modified_gmt":"2026-02-27T08:16:08","slug":"vasagle-stativhylla-med-verktygsfri-montering-och-fem-hyllplan","status":"publish","type":"product","link":"https:\/\/nordicmart.andreevmaster.com\/sv\/produkt\/vasagle-stativhylla-med-verktygsfri-montering-och-fem-hyllplan\/","title":{"rendered":"VASAGLE stativhylla med verktygsfri montering och fem hyllplan"},"content":{"rendered":"<p>VASAGLE Supersnabb montering utan verktyg, hyllplan med 5 niv\u00e5er, stativhylla, f\u00f6rvaringshylla, 23,8 x 38 x 139 cm, vardagsrum, sovrum, k\u00f6k, vintagebrun-bl\u00e4ck svart LLS135K01<br \/>\nF\u00e4rg: Vintagebrun-bl\u00e4ksvart<br \/>\nMaterial: sp\u00e5nskiva, st\u00e5l<br \/>\nStorlek: 23,8 x 38 x 139 cm (D x B x H)<br \/>\nVikt: 5,5 kg<br \/>\nMax. statisk belastningskapacitet per hylla: 6 kg<br \/>\nMax. statisk belastningskapacitet totalt: 30 kg<\/p>\n","protected":false},"excerpt":{"rendered":"<p>VASAGLE Supersnabb montering utan verktyg, hyllplan med 5 niv\u00e5er, stativhylla, f\u00f6rvaringshylla, 23,8 x 38 x 139 cm, vardagsrum, sovrum, k\u00f6k, vintagebrun-bl\u00e4ck svart LLS135K01<\/p>\n","protected":false},"featured_media":42877,"comment_status":"open","ping_status":"closed","template":"","meta":[],"product_brand":[],"product_cat":[33],"product_tag":[],"class_list":{"0":"post-14987","1":"product","2":"type-product","3":"status-publish","4":"has-post-thumbnail","6":"product_cat-okategoriserad","8":"first","9":"instock","10":"shipping-taxable","11":"purchasable","12":"product-type-simple"},"_links":{"self":[{"href":"https:\/\/nordicmart.andreevmaster.com\/sv\/wp-json\/wp\/v2\/product\/14987","targetHints":{"allow":["GET"]}}],"collection":[{"href":"https:\/\/nordicmart.andreevmaster.com\/sv\/wp-json\/wp\/v2\/product"}],"about":[{"href":"https:\/\/nordicmart.andreevmaster.com\/sv\/wp-json\/wp\/v2\/types\/product"}],"replies":[{"embeddable":true,"href":"https:\/\/nordicmart.andreevmaster.com\/sv\/wp-json\/wp\/v2\/comments?post=14987"}],"wp:featuredmedia":[{"embeddable":true,"href":"https:\/\/nordicmart.andreevmaster.com\/sv\/wp-json\/wp\/v2\/media\/42877"}],"wp:attachment":[{"href":"https:\/\/nordicmart.andreevmaster.com\/sv\/wp-json\/wp\/v2\/media?parent=14987"}],"wp:term":[{"taxonomy":"product_brand","embeddable":true,"href":"https:\/\/nordicmart.andreevmaster.com\/sv\/wp-json\/wp\/v2\/product_brand?post=14987"},{"taxonomy":"product_cat","embeddable":true,"href":"https:\/\/nordicmart.andreevmaster.com\/sv\/wp-json\/wp\/v2\/product_cat?post=14987"},{"taxonomy":"product_tag","embeddable":true,"href":"https:\/\/nordicmart.andreevmaster.com\/sv\/wp-json\/wp\/v2\/product_tag?post=14987"}],"curies":[{"name":"wp","href":"https:\/\/api.w.org\/{rel}","templated":true}]}}