{"id":14986,"date":"2026-02-27T00:24:21","date_gmt":"2026-02-27T00:24:21","guid":{"rendered":"https:\/\/nordicmart.andreevmaster.com\/product\/vasagle-bokhylla-med-4-hyllplan-ebenholts-svart-black-svart\/"},"modified":"2026-02-27T08:16:08","modified_gmt":"2026-02-27T08:16:08","slug":"vasagle-bokhylla-med-4-hyllplan-ebenholts-svart-black-svart","status":"publish","type":"product","link":"https:\/\/nordicmart.andreevmaster.com\/sv\/produkt\/vasagle-bokhylla-med-4-hyllplan-ebenholts-svart-black-svart\/","title":{"rendered":"VASAGLE bokhylla med 4 hyllplan ebenholts-svart-bl\u00e4ck-svart"},"content":{"rendered":"<p>VASAGLE bokhylla, hylla med 4 hyllplan, st\u00e5ende hylla, 30 x 100 x 103 cm, f\u00f6rvaringshylla, f\u00f6r vardagsrum, kontor, sovrum, k\u00f6k, ebenholts-svart-bl\u00e4ck-svart LLS134B56<br \/>\nF\u00e4rg: ebenholts- och bl\u00e4cksvart<br \/>\nMaterial: sp\u00e5nskiva, st\u00e5l<br \/>\nStorlek: 30 x 100 x 103 cm (D x B x H)<br \/>\nVikt: 14,3 kg<br \/>\nMax. statisk belastningskapacitet totalt: 45 kg<br \/>\nMax. statisk belastningskapacitet f\u00f6r varje mittre hylla: 9 kg<br \/>\nMax. statisk belastningskapacitet f\u00f6r hyllan ovanp\u00e5 eller under: 13,5 kg<\/p>\n","protected":false},"excerpt":{"rendered":"<p>VASAGLE bokhylla, hylla med 4 hyllplan, st\u00e5ende hylla, 30 x 100 x 103 cm, f\u00f6rvaringshylla, f\u00f6r vardagsrum, kontor, sovrum, k\u00f6k, ebenholts-svart-bl\u00e4ck-svart LLS134B56<\/p>\n","protected":false},"featured_media":42876,"comment_status":"open","ping_status":"closed","template":"","meta":[],"product_brand":[],"product_cat":[33],"product_tag":[],"class_list":{"0":"post-14986","1":"product","2":"type-product","3":"status-publish","4":"has-post-thumbnail","6":"product_cat-okategoriserad","8":"first","9":"instock","10":"shipping-taxable","11":"purchasable","12":"product-type-simple"},"_links":{"self":[{"href":"https:\/\/nordicmart.andreevmaster.com\/sv\/wp-json\/wp\/v2\/product\/14986","targetHints":{"allow":["GET"]}}],"collection":[{"href":"https:\/\/nordicmart.andreevmaster.com\/sv\/wp-json\/wp\/v2\/product"}],"about":[{"href":"https:\/\/nordicmart.andreevmaster.com\/sv\/wp-json\/wp\/v2\/types\/product"}],"replies":[{"embeddable":true,"href":"https:\/\/nordicmart.andreevmaster.com\/sv\/wp-json\/wp\/v2\/comments?post=14986"}],"wp:featuredmedia":[{"embeddable":true,"href":"https:\/\/nordicmart.andreevmaster.com\/sv\/wp-json\/wp\/v2\/media\/42876"}],"wp:attachment":[{"href":"https:\/\/nordicmart.andreevmaster.com\/sv\/wp-json\/wp\/v2\/media?parent=14986"}],"wp:term":[{"taxonomy":"product_brand","embeddable":true,"href":"https:\/\/nordicmart.andreevmaster.com\/sv\/wp-json\/wp\/v2\/product_brand?post=14986"},{"taxonomy":"product_cat","embeddable":true,"href":"https:\/\/nordicmart.andreevmaster.com\/sv\/wp-json\/wp\/v2\/product_cat?post=14986"},{"taxonomy":"product_tag","embeddable":true,"href":"https:\/\/nordicmart.andreevmaster.com\/sv\/wp-json\/wp\/v2\/product_tag?post=14986"}],"curies":[{"name":"wp","href":"https:\/\/api.w.org\/{rel}","templated":true}]}}