{"id":14980,"date":"2026-02-27T00:24:20","date_gmt":"2026-02-27T00:24:20","guid":{"rendered":"https:\/\/nordicmart.andreevmaster.com\/product\/vasagle-bokhylla-24-x-40-x-1595-cm-ebenholts-svart-blacksvart\/"},"modified":"2026-02-27T08:16:07","modified_gmt":"2026-02-27T08:16:07","slug":"vasagle-bokhylla-24-x-40-x-1595-cm-ebenholts-svart-blacksvart","status":"publish","type":"product","link":"https:\/\/nordicmart.andreevmaster.com\/sv\/produkt\/vasagle-bokhylla-24-x-40-x-1595-cm-ebenholts-svart-blacksvart\/","title":{"rendered":"VASAGLE bokhylla 24 x 40 x 159,5 cm ebenholts-svart-bl\u00e4cksvart"},"content":{"rendered":"<p>VASAGLE bokhylla, 6 hyllplan, hyllsystem, st\u00e5ende hyllsystem med d\u00f6rrar, metallram, justerbara hyllplan, 24 x 40 x 159,5 cm, f\u00f6r vardagsrum, sovrum, ebenholts- och bl\u00e4cksvart LLS132B01<br \/>\nF\u00e4rg: ebenholtsvart + bl\u00e4ksvart<br \/>\nProduktm\u00e5tt: 24 x 40 x 159,5 cm; 11,6 kg<br \/>\nArtikelvikt: 11,6 kg<\/p>\n","protected":false},"excerpt":{"rendered":"<p>VASAGLE bokhylla, 6 hyllplan, hyllsystem, st\u00e5ende hyllsystem med d\u00f6rrar, metallram, justerbara hyllplan, 24 x 40 x 159,5 cm, f\u00f6r vardagsrum, sovrum, ebenholts- och bl\u00e4cksvart LLS132B01<\/p>\n","protected":false},"featured_media":42871,"comment_status":"open","ping_status":"closed","template":"","meta":[],"product_brand":[],"product_cat":[33],"product_tag":[],"class_list":{"0":"post-14980","1":"product","2":"type-product","3":"status-publish","4":"has-post-thumbnail","6":"product_cat-okategoriserad","8":"first","9":"instock","10":"shipping-taxable","11":"purchasable","12":"product-type-simple"},"_links":{"self":[{"href":"https:\/\/nordicmart.andreevmaster.com\/sv\/wp-json\/wp\/v2\/product\/14980","targetHints":{"allow":["GET"]}}],"collection":[{"href":"https:\/\/nordicmart.andreevmaster.com\/sv\/wp-json\/wp\/v2\/product"}],"about":[{"href":"https:\/\/nordicmart.andreevmaster.com\/sv\/wp-json\/wp\/v2\/types\/product"}],"replies":[{"embeddable":true,"href":"https:\/\/nordicmart.andreevmaster.com\/sv\/wp-json\/wp\/v2\/comments?post=14980"}],"wp:featuredmedia":[{"embeddable":true,"href":"https:\/\/nordicmart.andreevmaster.com\/sv\/wp-json\/wp\/v2\/media\/42871"}],"wp:attachment":[{"href":"https:\/\/nordicmart.andreevmaster.com\/sv\/wp-json\/wp\/v2\/media?parent=14980"}],"wp:term":[{"taxonomy":"product_brand","embeddable":true,"href":"https:\/\/nordicmart.andreevmaster.com\/sv\/wp-json\/wp\/v2\/product_brand?post=14980"},{"taxonomy":"product_cat","embeddable":true,"href":"https:\/\/nordicmart.andreevmaster.com\/sv\/wp-json\/wp\/v2\/product_cat?post=14980"},{"taxonomy":"product_tag","embeddable":true,"href":"https:\/\/nordicmart.andreevmaster.com\/sv\/wp-json\/wp\/v2\/product_tag?post=14980"}],"curies":[{"name":"wp","href":"https:\/\/api.w.org\/{rel}","templated":true}]}}