{"id":14978,"date":"2026-02-27T00:24:19","date_gmt":"2026-02-27T00:24:19","guid":{"rendered":"https:\/\/nordicmart.andreevmaster.com\/product\/vasagle-bokhylla-5-hyllplan-industriell-design-ebenholts-svartblack\/"},"modified":"2026-02-27T08:16:06","modified_gmt":"2026-02-27T08:16:06","slug":"vasagle-bokhylla-5-hyllplan-industriell-design-ebenholts-svartblack","status":"publish","type":"product","link":"https:\/\/nordicmart.andreevmaster.com\/sv\/produkt\/vasagle-bokhylla-5-hyllplan-industriell-design-ebenholts-svartblack\/","title":{"rendered":"VASAGLE bokhylla 5 hyllplan industriell design ebenholts-svartbl\u00e4ck"},"content":{"rendered":"<p>VASAGLE bokhylla, stegehylla, \u00f6ppen, med 4 hyllplan, metallstativ, f\u00f6r vardagsrum, sovrum, k\u00f6k, arbetsrum, kontor, industriell design, vintagebrun-svart LLS108B01<br \/>\nF\u00e4rg: Ebenholts-svart-bl\u00e4ck-svart<br \/>\nMaterial: sp\u00e5nskiva, st\u00e5l<br \/>\nStorlek: 30 x 80 x 170 cm (D x B x H)<br \/>\nVikt: 16,9 kg<br \/>\nMax. statisk totalbelastning: 75 kg<\/p>\n","protected":false},"excerpt":{"rendered":"<p>VASAGLE bokhylla, stegehylla, \u00f6ppen, med 4 hyllplan, metallstativ, f\u00f6r vardagsrum, sovrum, k\u00f6k, arbetsrum, kontor, industriell design, vintagebrun-svart LLS108B01<\/p>\n","protected":false},"featured_media":42869,"comment_status":"open","ping_status":"closed","template":"","meta":[],"product_brand":[],"product_cat":[33],"product_tag":[],"class_list":{"0":"post-14978","1":"product","2":"type-product","3":"status-publish","4":"has-post-thumbnail","6":"product_cat-okategoriserad","8":"first","9":"instock","10":"shipping-taxable","11":"purchasable","12":"product-type-simple"},"_links":{"self":[{"href":"https:\/\/nordicmart.andreevmaster.com\/sv\/wp-json\/wp\/v2\/product\/14978","targetHints":{"allow":["GET"]}}],"collection":[{"href":"https:\/\/nordicmart.andreevmaster.com\/sv\/wp-json\/wp\/v2\/product"}],"about":[{"href":"https:\/\/nordicmart.andreevmaster.com\/sv\/wp-json\/wp\/v2\/types\/product"}],"replies":[{"embeddable":true,"href":"https:\/\/nordicmart.andreevmaster.com\/sv\/wp-json\/wp\/v2\/comments?post=14978"}],"wp:featuredmedia":[{"embeddable":true,"href":"https:\/\/nordicmart.andreevmaster.com\/sv\/wp-json\/wp\/v2\/media\/42869"}],"wp:attachment":[{"href":"https:\/\/nordicmart.andreevmaster.com\/sv\/wp-json\/wp\/v2\/media?parent=14978"}],"wp:term":[{"taxonomy":"product_brand","embeddable":true,"href":"https:\/\/nordicmart.andreevmaster.com\/sv\/wp-json\/wp\/v2\/product_brand?post=14978"},{"taxonomy":"product_cat","embeddable":true,"href":"https:\/\/nordicmart.andreevmaster.com\/sv\/wp-json\/wp\/v2\/product_cat?post=14978"},{"taxonomy":"product_tag","embeddable":true,"href":"https:\/\/nordicmart.andreevmaster.com\/sv\/wp-json\/wp\/v2\/product_tag?post=14978"}],"curies":[{"name":"wp","href":"https:\/\/api.w.org\/{rel}","templated":true}]}}