{"id":14971,"date":"2026-02-27T00:24:17","date_gmt":"2026-02-27T00:24:17","guid":{"rendered":"https:\/\/nordicmart.andreevmaster.com\/product\/vasagle-bokhylla-med-dorrar-i-rottinglook-eikbeige-parlvit\/"},"modified":"2026-02-27T08:16:05","modified_gmt":"2026-02-27T08:16:05","slug":"vasagle-bokhylla-med-dorrar-i-rottinglook-eikbeige-parlvit","status":"publish","type":"product","link":"https:\/\/nordicmart.andreevmaster.com\/sv\/produkt\/vasagle-bokhylla-med-dorrar-i-rottinglook-eikbeige-parlvit\/","title":{"rendered":"VASAGLE bokhylla med d\u00f6rrar i rottinglook eikbeige-p\u00e4rlvit"},"content":{"rendered":"<p>VASAGLE bokhylla f\u00f6rvaringshylla 6 niv\u00e5er, h\u00f6g hylla, st\u00e5ende hylla, d\u00f6rrar i rottinglook, boho-stil, metallram, justerbar hyllbotten, f\u00f6r vardagsrum<br \/>\nF\u00e4rg: Eikbeige-p\u00e4rlvit<br \/>\nMaterial: st\u00e5l, sp\u00e5nskiva, PE-rotting (polyeten)<br \/>\nStorlek: 30 x 76,4 x 174,7 cm (D x B x H)<br \/>\nVikt: 25,1 kg<br \/>\nMax. statisk belastningskapacitet per niv\u00e5: 20 kg<br \/>\nMax. statisk belastningskapacitet totalt: 120 kg<\/p>\n","protected":false},"excerpt":{"rendered":"<p>VASAGLE bokhylla f\u00f6rvaringshylla 6 niv\u00e5er, h\u00f6g hylla, st\u00e5ende hylla, d\u00f6rrar i rottinglook, boho-stil, metallram, justerbar hyllbotten, f\u00f6r vardagsrum<\/p>\n","protected":false},"featured_media":42862,"comment_status":"open","ping_status":"closed","template":"","meta":[],"product_brand":[],"product_cat":[33],"product_tag":[],"class_list":{"0":"post-14971","1":"product","2":"type-product","3":"status-publish","4":"has-post-thumbnail","6":"product_cat-okategoriserad","8":"first","9":"instock","10":"shipping-taxable","11":"purchasable","12":"product-type-simple"},"_links":{"self":[{"href":"https:\/\/nordicmart.andreevmaster.com\/sv\/wp-json\/wp\/v2\/product\/14971","targetHints":{"allow":["GET"]}}],"collection":[{"href":"https:\/\/nordicmart.andreevmaster.com\/sv\/wp-json\/wp\/v2\/product"}],"about":[{"href":"https:\/\/nordicmart.andreevmaster.com\/sv\/wp-json\/wp\/v2\/types\/product"}],"replies":[{"embeddable":true,"href":"https:\/\/nordicmart.andreevmaster.com\/sv\/wp-json\/wp\/v2\/comments?post=14971"}],"wp:featuredmedia":[{"embeddable":true,"href":"https:\/\/nordicmart.andreevmaster.com\/sv\/wp-json\/wp\/v2\/media\/42862"}],"wp:attachment":[{"href":"https:\/\/nordicmart.andreevmaster.com\/sv\/wp-json\/wp\/v2\/media?parent=14971"}],"wp:term":[{"taxonomy":"product_brand","embeddable":true,"href":"https:\/\/nordicmart.andreevmaster.com\/sv\/wp-json\/wp\/v2\/product_brand?post=14971"},{"taxonomy":"product_cat","embeddable":true,"href":"https:\/\/nordicmart.andreevmaster.com\/sv\/wp-json\/wp\/v2\/product_cat?post=14971"},{"taxonomy":"product_tag","embeddable":true,"href":"https:\/\/nordicmart.andreevmaster.com\/sv\/wp-json\/wp\/v2\/product_tag?post=14971"}],"curies":[{"name":"wp","href":"https:\/\/api.w.org\/{rel}","templated":true}]}}