{"id":14969,"date":"2026-02-27T00:24:16","date_gmt":"2026-02-27T00:24:16","guid":{"rendered":"https:\/\/nordicmart.andreevmaster.com\/product\/vasagle-bokhylla-6-hyllplan-med-dorr-av-pc-plast\/"},"modified":"2026-02-27T08:16:04","modified_gmt":"2026-02-27T08:16:04","slug":"vasagle-bokhylla-6-hyllplan-med-dorr-av-pc-plast","status":"publish","type":"product","link":"https:\/\/nordicmart.andreevmaster.com\/sv\/produkt\/vasagle-bokhylla-6-hyllplan-med-dorr-av-pc-plast\/","title":{"rendered":"VASAGLE bokhylla 6 hyllplan med d\u00f6rr av PC-plast"},"content":{"rendered":"<p>VASAGLE bokhylla 6 hyllplan, h\u00f6g hylla, stativhylla, d\u00f6rr i rottinglook, boho-stil, metallram, justerbar hyllbotten, f\u00f6r vardagsrum<br \/>\nF\u00e4rg: Eikbeige-p\u00e4rlvit<br \/>\nMaterial: st\u00e5l, sp\u00e5nskiva, PC-plast (polykarbonat)<br \/>\nStorlek: 30 x 40 x 174,7 cm (D x B x H)<br \/>\nVikt: 15,3 kg<br \/>\nMax. statisk belastningskapacitet per niv\u00e5: 10 kg<br \/>\nMax. statisk belastningskapacitet totalt: 60 kg<\/p>\n","protected":false},"excerpt":{"rendered":"<p>VASAGLE bokhylla 6 hyllplan, h\u00f6g hylla, stativhylla, d\u00f6rr i rottinglook, boho-stil, metallram, justerbar hyllbotten, f\u00f6r vardagsrum<\/p>\n","protected":false},"featured_media":42860,"comment_status":"open","ping_status":"closed","template":"","meta":[],"product_brand":[],"product_cat":[33],"product_tag":[],"class_list":{"0":"post-14969","1":"product","2":"type-product","3":"status-publish","4":"has-post-thumbnail","6":"product_cat-okategoriserad","8":"first","9":"instock","10":"shipping-taxable","11":"purchasable","12":"product-type-simple"},"_links":{"self":[{"href":"https:\/\/nordicmart.andreevmaster.com\/sv\/wp-json\/wp\/v2\/product\/14969","targetHints":{"allow":["GET"]}}],"collection":[{"href":"https:\/\/nordicmart.andreevmaster.com\/sv\/wp-json\/wp\/v2\/product"}],"about":[{"href":"https:\/\/nordicmart.andreevmaster.com\/sv\/wp-json\/wp\/v2\/types\/product"}],"replies":[{"embeddable":true,"href":"https:\/\/nordicmart.andreevmaster.com\/sv\/wp-json\/wp\/v2\/comments?post=14969"}],"wp:featuredmedia":[{"embeddable":true,"href":"https:\/\/nordicmart.andreevmaster.com\/sv\/wp-json\/wp\/v2\/media\/42860"}],"wp:attachment":[{"href":"https:\/\/nordicmart.andreevmaster.com\/sv\/wp-json\/wp\/v2\/media?parent=14969"}],"wp:term":[{"taxonomy":"product_brand","embeddable":true,"href":"https:\/\/nordicmart.andreevmaster.com\/sv\/wp-json\/wp\/v2\/product_brand?post=14969"},{"taxonomy":"product_cat","embeddable":true,"href":"https:\/\/nordicmart.andreevmaster.com\/sv\/wp-json\/wp\/v2\/product_cat?post=14969"},{"taxonomy":"product_tag","embeddable":true,"href":"https:\/\/nordicmart.andreevmaster.com\/sv\/wp-json\/wp\/v2\/product_tag?post=14969"}],"curies":[{"name":"wp","href":"https:\/\/api.w.org\/{rel}","templated":true}]}}