{"id":14962,"date":"2026-02-27T00:24:15","date_gmt":"2026-02-27T00:24:15","guid":{"rendered":"https:\/\/nordicmart.andreevmaster.com\/product\/vasagle-bokhylla-med-fem-hyllplan-och-bakvaggar-i-industriell-design\/"},"modified":"2026-02-27T08:16:03","modified_gmt":"2026-02-27T08:16:03","slug":"vasagle-bokhylla-med-fem-hyllplan-och-bakvaggar-i-industriell-design","status":"publish","type":"product","link":"https:\/\/nordicmart.andreevmaster.com\/sv\/produkt\/vasagle-bokhylla-med-fem-hyllplan-och-bakvaggar-i-industriell-design\/","title":{"rendered":"VASAGLE bokhylla med fem hyllplan och bakv\u00e4ggar i industriell design"},"content":{"rendered":"<p>VASAGLE bokhylla 5 hyllplan, hylla, f\u00f6rvaringshylla, med bakplattor, f\u00f6r vardagsrum, arbetsrum, hemmakontor, industriell design, vintagebrun-bl\u00e4ck svart LLS117B01<\/p>\n<p>F\u00e4rg: Vintagebrun-bl\u00e4ck svart<br \/>\nMaterial: sp\u00e5nskiva, st\u00e5l<br \/>\nStorlek: 30 x 60 x 144 cm (D x B x H)<br \/>\nVikt: 12 kg<br \/>\nMax. statisk belastningskapacitet per hylla: 37,3 kg<br \/>\nMax. statisk belastningskapacitet totalt: 186,5 kg<\/p>\n","protected":false},"excerpt":{"rendered":"<p>VASAGLE bokhylla 5 hyllplan, hylla, f\u00f6rvaringshylla, med bakplattor, f\u00f6r vardagsrum, arbetsrum, hemmakontor, industriell design, vintagebrun-bl\u00e4ck svart LLS117B01<\/p>\n","protected":false},"featured_media":42853,"comment_status":"open","ping_status":"closed","template":"","meta":[],"product_brand":[],"product_cat":[33],"product_tag":[],"class_list":{"0":"post-14962","1":"product","2":"type-product","3":"status-publish","4":"has-post-thumbnail","6":"product_cat-okategoriserad","8":"first","9":"instock","10":"shipping-taxable","11":"purchasable","12":"product-type-simple"},"_links":{"self":[{"href":"https:\/\/nordicmart.andreevmaster.com\/sv\/wp-json\/wp\/v2\/product\/14962","targetHints":{"allow":["GET"]}}],"collection":[{"href":"https:\/\/nordicmart.andreevmaster.com\/sv\/wp-json\/wp\/v2\/product"}],"about":[{"href":"https:\/\/nordicmart.andreevmaster.com\/sv\/wp-json\/wp\/v2\/types\/product"}],"replies":[{"embeddable":true,"href":"https:\/\/nordicmart.andreevmaster.com\/sv\/wp-json\/wp\/v2\/comments?post=14962"}],"wp:featuredmedia":[{"embeddable":true,"href":"https:\/\/nordicmart.andreevmaster.com\/sv\/wp-json\/wp\/v2\/media\/42853"}],"wp:attachment":[{"href":"https:\/\/nordicmart.andreevmaster.com\/sv\/wp-json\/wp\/v2\/media?parent=14962"}],"wp:term":[{"taxonomy":"product_brand","embeddable":true,"href":"https:\/\/nordicmart.andreevmaster.com\/sv\/wp-json\/wp\/v2\/product_brand?post=14962"},{"taxonomy":"product_cat","embeddable":true,"href":"https:\/\/nordicmart.andreevmaster.com\/sv\/wp-json\/wp\/v2\/product_cat?post=14962"},{"taxonomy":"product_tag","embeddable":true,"href":"https:\/\/nordicmart.andreevmaster.com\/sv\/wp-json\/wp\/v2\/product_tag?post=14962"}],"curies":[{"name":"wp","href":"https:\/\/api.w.org\/{rel}","templated":true}]}}