{"id":14959,"date":"2026-02-27T00:24:14","date_gmt":"2026-02-27T00:24:14","guid":{"rendered":"https:\/\/nordicmart.andreevmaster.com\/product\/vasagle-hyllplan-med-3-nivaer-och-9-fack\/"},"modified":"2026-02-27T08:16:02","modified_gmt":"2026-02-27T08:16:02","slug":"vasagle-hyllplan-med-3-nivaer-och-9-fack","status":"publish","type":"product","link":"https:\/\/nordicmart.andreevmaster.com\/sv\/produkt\/vasagle-hyllplan-med-3-nivaer-och-9-fack\/","title":{"rendered":"VASAGLE hyllplan med 3 niv\u00e5er och 9 fack"},"content":{"rendered":"<p>VASAGLE hyllplan med 3 niv\u00e5er, bokhylla, st\u00e5ende hyllplan med 9 fack, f\u00f6r vardagsrum, sovrum, arbetsrum, k\u00f6k<br \/>\nF\u00e4rg: Kamelbrun-bl\u00e4ksvart<br \/>\nMaterial: sp\u00e5nskiva, st\u00e5l<br \/>\nStorlek: 30 x 100 x 103,1 cm (D x B x H)<br \/>\nVikt: 20,5 kg<br \/>\nMax. statisk totalbelastning: 43 kg<\/p>\n","protected":false},"excerpt":{"rendered":"<p>VASAGLE hyllplan med 3 niv\u00e5er, bokhylla, st\u00e5ende hyllplan med 9 fack, f\u00f6r vardagsrum, sovrum, arbetsrum, k\u00f6k<\/p>\n","protected":false},"featured_media":42850,"comment_status":"open","ping_status":"closed","template":"","meta":[],"product_brand":[],"product_cat":[33],"product_tag":[],"class_list":{"0":"post-14959","1":"product","2":"type-product","3":"status-publish","4":"has-post-thumbnail","6":"product_cat-okategoriserad","8":"first","9":"instock","10":"shipping-taxable","11":"purchasable","12":"product-type-simple"},"_links":{"self":[{"href":"https:\/\/nordicmart.andreevmaster.com\/sv\/wp-json\/wp\/v2\/product\/14959","targetHints":{"allow":["GET"]}}],"collection":[{"href":"https:\/\/nordicmart.andreevmaster.com\/sv\/wp-json\/wp\/v2\/product"}],"about":[{"href":"https:\/\/nordicmart.andreevmaster.com\/sv\/wp-json\/wp\/v2\/types\/product"}],"replies":[{"embeddable":true,"href":"https:\/\/nordicmart.andreevmaster.com\/sv\/wp-json\/wp\/v2\/comments?post=14959"}],"wp:featuredmedia":[{"embeddable":true,"href":"https:\/\/nordicmart.andreevmaster.com\/sv\/wp-json\/wp\/v2\/media\/42850"}],"wp:attachment":[{"href":"https:\/\/nordicmart.andreevmaster.com\/sv\/wp-json\/wp\/v2\/media?parent=14959"}],"wp:term":[{"taxonomy":"product_brand","embeddable":true,"href":"https:\/\/nordicmart.andreevmaster.com\/sv\/wp-json\/wp\/v2\/product_brand?post=14959"},{"taxonomy":"product_cat","embeddable":true,"href":"https:\/\/nordicmart.andreevmaster.com\/sv\/wp-json\/wp\/v2\/product_cat?post=14959"},{"taxonomy":"product_tag","embeddable":true,"href":"https:\/\/nordicmart.andreevmaster.com\/sv\/wp-json\/wp\/v2\/product_tag?post=14959"}],"curies":[{"name":"wp","href":"https:\/\/api.w.org\/{rel}","templated":true}]}}