{"id":14955,"date":"2026-02-27T00:24:13","date_gmt":"2026-02-27T00:24:13","guid":{"rendered":"https:\/\/nordicmart.andreevmaster.com\/product\/vasagle-industriellt-designad-stege-med-5-hyllplan\/"},"modified":"2026-02-27T08:16:01","modified_gmt":"2026-02-27T08:16:01","slug":"vasagle-industriellt-designad-stege-med-5-hyllplan","status":"publish","type":"product","link":"https:\/\/nordicmart.andreevmaster.com\/sv\/produkt\/vasagle-industriellt-designad-stege-med-5-hyllplan\/","title":{"rendered":"VASAGLE Industriellt designad stege med 5 hyllplan"},"content":{"rendered":"<p>Produktdetaljer: &#8211; F\u00e4rg: Vintagebrun-svart &#8211; Material: Sp\u00e5nskiva, st\u00e5l &#8211; Storlek: 33,8 x 30 x 170 cm (L x B x H) &#8211; Vikt: 8,3 kg &#8211; Max. statisk belastningskapacitet per hyllplan: 10 kg Leveransomfattning:- 1 x stegehylla &#8211; 1 x tillbeh\u00f6rspaket &#8211; 2 x tippskydd &#8211; 1 x bruksanvisning VASAGLE Anm\u00e4rkningar: &#8211; F\u00e4st denna produkt p\u00e5 v\u00e4ggen med det medf\u00f6ljande tippskyddet. &#8211; Av s\u00e4kerhetssk\u00e4l \u00e4r det f\u00f6rbjudet f\u00f6r barn att kl\u00e4ttra p\u00e5 eller leka med produkten.<\/p>\n","protected":false},"excerpt":{"rendered":"<p>VASAGLE bokhylla, stege med 5 hyllplan, \u00f6ppen, st\u00e5ende hylla, smal, f\u00f6r vardagsrum, sovrum, k\u00f6k, kontor, metallstativ, industriell design, vintagebrun-svart LLS109B01<\/p>\n","protected":false},"featured_media":42846,"comment_status":"open","ping_status":"closed","template":"","meta":[],"product_brand":[],"product_cat":[33],"product_tag":[],"class_list":{"0":"post-14955","1":"product","2":"type-product","3":"status-publish","4":"has-post-thumbnail","6":"product_cat-okategoriserad","8":"first","9":"instock","10":"shipping-taxable","11":"purchasable","12":"product-type-simple"},"_links":{"self":[{"href":"https:\/\/nordicmart.andreevmaster.com\/sv\/wp-json\/wp\/v2\/product\/14955","targetHints":{"allow":["GET"]}}],"collection":[{"href":"https:\/\/nordicmart.andreevmaster.com\/sv\/wp-json\/wp\/v2\/product"}],"about":[{"href":"https:\/\/nordicmart.andreevmaster.com\/sv\/wp-json\/wp\/v2\/types\/product"}],"replies":[{"embeddable":true,"href":"https:\/\/nordicmart.andreevmaster.com\/sv\/wp-json\/wp\/v2\/comments?post=14955"}],"wp:featuredmedia":[{"embeddable":true,"href":"https:\/\/nordicmart.andreevmaster.com\/sv\/wp-json\/wp\/v2\/media\/42846"}],"wp:attachment":[{"href":"https:\/\/nordicmart.andreevmaster.com\/sv\/wp-json\/wp\/v2\/media?parent=14955"}],"wp:term":[{"taxonomy":"product_brand","embeddable":true,"href":"https:\/\/nordicmart.andreevmaster.com\/sv\/wp-json\/wp\/v2\/product_brand?post=14955"},{"taxonomy":"product_cat","embeddable":true,"href":"https:\/\/nordicmart.andreevmaster.com\/sv\/wp-json\/wp\/v2\/product_cat?post=14955"},{"taxonomy":"product_tag","embeddable":true,"href":"https:\/\/nordicmart.andreevmaster.com\/sv\/wp-json\/wp\/v2\/product_tag?post=14955"}],"curies":[{"name":"wp","href":"https:\/\/api.w.org\/{rel}","templated":true}]}}