{"id":14952,"date":"2026-02-27T00:24:12","date_gmt":"2026-02-27T00:24:12","guid":{"rendered":"https:\/\/nordicmart.andreevmaster.com\/product\/vasagle-stativhylla-med-14-hyllplan\/"},"modified":"2026-02-27T08:16:00","modified_gmt":"2026-02-27T08:16:00","slug":"vasagle-stativhylla-med-14-hyllplan","status":"publish","type":"product","link":"https:\/\/nordicmart.andreevmaster.com\/sv\/produkt\/vasagle-stativhylla-med-14-hyllplan\/","title":{"rendered":"VASAGLE stativhylla med 14 hyllplan"},"content":{"rendered":"<p>VASAGLE bokhylla, stegehylla, 14 hyllplan, metallstativ, f\u00f6r vardagsrum, arbetsrum, kontor, industriell design, 158 x 24 x 166 cm, vintagebrun-svart LLS107B01<br \/>\nF\u00e4rg: Ekkul\u00f6r med bl\u00e5 \u00e5dring-svart<br \/>\nMaterial: sp\u00e5nskiva, st\u00e5l<br \/>\nStorlek: 24 x 158 x 166 cm (D x B x H)<br \/>\nVikt: 26,5 kg<br \/>\nMax. statisk belastningskapacitet per niv\u00e5: 10 kg<br \/>\nMax. statisk belastningskapacitet totalt: 140 kg<\/p>\n","protected":false},"excerpt":{"rendered":"<p>VASAGLE bokhylla, stegehylla, 14 hyllplan, metallstativ, f\u00f6r vardagsrum, arbetsrum, kontor, industriell design, 158 x 24 x 166 cm, vintagebrun-svart LLS107B01<\/p>\n","protected":false},"featured_media":42843,"comment_status":"open","ping_status":"closed","template":"","meta":[],"product_brand":[],"product_cat":[33],"product_tag":[],"class_list":{"0":"post-14952","1":"product","2":"type-product","3":"status-publish","4":"has-post-thumbnail","6":"product_cat-okategoriserad","8":"first","9":"instock","10":"shipping-taxable","11":"purchasable","12":"product-type-simple"},"_links":{"self":[{"href":"https:\/\/nordicmart.andreevmaster.com\/sv\/wp-json\/wp\/v2\/product\/14952","targetHints":{"allow":["GET"]}}],"collection":[{"href":"https:\/\/nordicmart.andreevmaster.com\/sv\/wp-json\/wp\/v2\/product"}],"about":[{"href":"https:\/\/nordicmart.andreevmaster.com\/sv\/wp-json\/wp\/v2\/types\/product"}],"replies":[{"embeddable":true,"href":"https:\/\/nordicmart.andreevmaster.com\/sv\/wp-json\/wp\/v2\/comments?post=14952"}],"wp:featuredmedia":[{"embeddable":true,"href":"https:\/\/nordicmart.andreevmaster.com\/sv\/wp-json\/wp\/v2\/media\/42843"}],"wp:attachment":[{"href":"https:\/\/nordicmart.andreevmaster.com\/sv\/wp-json\/wp\/v2\/media?parent=14952"}],"wp:term":[{"taxonomy":"product_brand","embeddable":true,"href":"https:\/\/nordicmart.andreevmaster.com\/sv\/wp-json\/wp\/v2\/product_brand?post=14952"},{"taxonomy":"product_cat","embeddable":true,"href":"https:\/\/nordicmart.andreevmaster.com\/sv\/wp-json\/wp\/v2\/product_cat?post=14952"},{"taxonomy":"product_tag","embeddable":true,"href":"https:\/\/nordicmart.andreevmaster.com\/sv\/wp-json\/wp\/v2\/product_tag?post=14952"}],"curies":[{"name":"wp","href":"https:\/\/api.w.org\/{rel}","templated":true}]}}