{"id":14943,"date":"2026-02-27T00:24:09","date_gmt":"2026-02-27T00:24:09","guid":{"rendered":"https:\/\/nordicmart.andreevmaster.com\/product\/vasagle-hylla-med-6-hyllplan-30-x-40-x-186-cm-naturbeige-mattvit\/"},"modified":"2026-02-27T08:15:59","modified_gmt":"2026-02-27T08:15:59","slug":"vasagle-hylla-med-6-hyllplan-30-x-40-x-186-cm-naturbeige-mattvit","status":"publish","type":"product","link":"https:\/\/nordicmart.andreevmaster.com\/sv\/produkt\/vasagle-hylla-med-6-hyllplan-30-x-40-x-186-cm-naturbeige-mattvit\/","title":{"rendered":"VASAGLE hylla med 6 hyllplan 30 x 40 x 186 cm naturbeige-mattvit"},"content":{"rendered":"<p>VASAGLE bokhylla, f\u00f6rvaringshylla, med 6 hyllplan, \u00f6ppna hyllor, f\u00f6r kontor, vardagsrum, sovrum, 40 x 30 x 178,6 cm, vintagebrun-svart LLS101B01<br \/>\nF\u00e4rg: Naturbeige-mattvit<br \/>\nStorlek: 30 x 40 x 187,5 cm (D x B x H)<br \/>\nVikt: 12,3 kg<br \/>\nMax. statisk totalbelastning: 50 kg<\/p>\n","protected":false},"excerpt":{"rendered":"<p>VASAGLE bokhylla, f\u00f6rvaringshylla, med 6 hyllplan, \u00f6ppna hyllor, f\u00f6r kontor, vardagsrum, sovrum, 40 x 30 x 178,6 cm, vintagebrun-svart LLS101B01<\/p>\n","protected":false},"featured_media":42834,"comment_status":"open","ping_status":"closed","template":"","meta":[],"product_brand":[],"product_cat":[33],"product_tag":[],"class_list":{"0":"post-14943","1":"product","2":"type-product","3":"status-publish","4":"has-post-thumbnail","6":"product_cat-okategoriserad","8":"first","9":"instock","10":"shipping-taxable","11":"purchasable","12":"product-type-simple"},"_links":{"self":[{"href":"https:\/\/nordicmart.andreevmaster.com\/sv\/wp-json\/wp\/v2\/product\/14943","targetHints":{"allow":["GET"]}}],"collection":[{"href":"https:\/\/nordicmart.andreevmaster.com\/sv\/wp-json\/wp\/v2\/product"}],"about":[{"href":"https:\/\/nordicmart.andreevmaster.com\/sv\/wp-json\/wp\/v2\/types\/product"}],"replies":[{"embeddable":true,"href":"https:\/\/nordicmart.andreevmaster.com\/sv\/wp-json\/wp\/v2\/comments?post=14943"}],"wp:featuredmedia":[{"embeddable":true,"href":"https:\/\/nordicmart.andreevmaster.com\/sv\/wp-json\/wp\/v2\/media\/42834"}],"wp:attachment":[{"href":"https:\/\/nordicmart.andreevmaster.com\/sv\/wp-json\/wp\/v2\/media?parent=14943"}],"wp:term":[{"taxonomy":"product_brand","embeddable":true,"href":"https:\/\/nordicmart.andreevmaster.com\/sv\/wp-json\/wp\/v2\/product_brand?post=14943"},{"taxonomy":"product_cat","embeddable":true,"href":"https:\/\/nordicmart.andreevmaster.com\/sv\/wp-json\/wp\/v2\/product_cat?post=14943"},{"taxonomy":"product_tag","embeddable":true,"href":"https:\/\/nordicmart.andreevmaster.com\/sv\/wp-json\/wp\/v2\/product_tag?post=14943"}],"curies":[{"name":"wp","href":"https:\/\/api.w.org\/{rel}","templated":true}]}}